{"id":31,"date":"2025-11-14T13:02:46","date_gmt":"2025-11-14T13:02:46","guid":{"rendered":"https:\/\/meskinumuziejus.lt\/?page_id=31"},"modified":"2026-02-20T10:57:53","modified_gmt":"2026-02-20T10:57:53","slug":"kontaktai","status":"publish","type":"page","link":"https:\/\/meskinumuziejus.lt\/en\/kontaktai\/","title":{"rendered":"Contact"},"content":{"rendered":"<div data-elementor-type=\"wp-page\" data-elementor-id=\"31\" class=\"elementor elementor-31\" data-elementor-post-type=\"page\">\n\t\t\t\t<div class=\"elementor-element elementor-element-673e3c7 e-grid e-con-boxed e-con e-parent\" data-id=\"673e3c7\" data-element_type=\"container\" data-e-type=\"container\">\n\t\t\t\t\t<div class=\"e-con-inner\">\n\t\t<div class=\"elementor-element elementor-element-5378dfc e-con-full e-flex e-con e-child\" data-id=\"5378dfc\" data-element_type=\"container\" data-e-type=\"container\" data-settings=\"{&quot;background_background&quot;:&quot;classic&quot;}\">\n\t\t\t\t<div class=\"elementor-element elementor-element-c267fa2 elementor-widget elementor-widget-heading\" data-id=\"c267fa2\" data-element_type=\"widget\" data-e-type=\"widget\" data-widget_type=\"heading.default\">\n\t\t\t\t\t<h1 class=\"elementor-heading-title elementor-size-default\">Contact information<\/h1>\t\t\t\t<\/div>\n\t\t\t\t<\/div>\n\t\t\t\t\t<\/div>\n\t\t\t\t<\/div>\n\t\t<div class=\"elementor-element elementor-element-2239caa e-flex e-con-boxed e-con e-parent\" data-id=\"2239caa\" data-element_type=\"container\" data-e-type=\"container\">\n\t\t\t\t\t<div class=\"e-con-inner\">\n\t\t<div class=\"elementor-element elementor-element-603de4f e-con-full e-flex e-con e-child\" data-id=\"603de4f\" data-element_type=\"container\" data-e-type=\"container\">\n\t\t\t\t<div class=\"elementor-element elementor-element-e4649cc elementor-widget elementor-widget-google_maps\" data-id=\"e4649cc\" data-element_type=\"widget\" data-e-type=\"widget\" data-widget_type=\"google_maps.default\">\n\t\t\t\t\t\t\t<div class=\"elementor-custom-embed\">\n\t\t\t<iframe loading=\"lazy\"\n\t\t\t\t\tsrc=\"https:\/\/maps.google.com\/maps?q=Stanevi%C4%8Diaus%20g.%2024%2C%20Vilnius&#038;t=m&#038;z=18&#038;output=embed&#038;iwloc=near\"\n\t\t\t\t\ttitle=\"Stanevi\u010diaus g. 24, Vilnius\"\n\t\t\t\t\taria-label=\"Stanevi\u010diaus g. 24, Vilnius\"\n\t\t\t><\/iframe>\n\t\t<\/div>\n\t\t\t\t\t\t<\/div>\n\t\t\t\t<\/div>\n\t\t<div class=\"elementor-element elementor-element-0c64fe9 e-con-full e-flex e-con e-child\" data-id=\"0c64fe9\" data-element_type=\"container\" data-e-type=\"container\">\n\t\t\t\t<div class=\"elementor-element elementor-element-a261166 elementor-widget elementor-widget-heading\" data-id=\"a261166\" data-element_type=\"widget\" data-e-type=\"widget\" data-widget_type=\"heading.default\">\n\t\t\t\t\t<h2 class=\"elementor-heading-title elementor-size-default\">Museum opening hours<\/h2>\t\t\t\t<\/div>\n\t\t\t\t<div class=\"elementor-element elementor-element-a0ff98a elementor-widget elementor-widget-text-editor\" data-id=\"a0ff98a\" data-element_type=\"widget\" data-e-type=\"widget\" data-widget_type=\"text-editor.default\">\n\t\t\t\t\t\t\t\t\t<p>Saturdays 10:00 - 15:00<br \/>Sundays 10:00 - 15:00<\/p><p>Excursion times can be arranged individually and on weekdays.\u00a0<\/p>\t\t\t\t\t\t\t\t<\/div>\n\t\t\t\t<div class=\"elementor-element elementor-element-0827da3 elementor-widget elementor-widget-heading\" data-id=\"0827da3\" data-element_type=\"widget\" data-e-type=\"widget\" data-widget_type=\"heading.default\">\n\t\t\t\t\t<h3 class=\"elementor-heading-title elementor-size-default\">Administration<\/h3>\t\t\t\t<\/div>\n\t\t\t\t<div class=\"elementor-element elementor-element-4eda417 elementor-widget elementor-widget-text-editor\" data-id=\"4eda417\" data-element_type=\"widget\" data-e-type=\"widget\" data-widget_type=\"text-editor.default\">\n\t\t\t\t\t\t\t\t\t<p><strong>Email: <a href=\"mailto: info@meskinumuziejus.lt pakeisk\">info@meskinumuziejus.lt<\/a><\/strong><\/p><p><strong>Tel: <a href=\"tel: +370 670 97832\">+370 670 97832<\/a><\/strong><\/p>\t\t\t\t\t\t\t\t<\/div>\n\t\t\t\t<div class=\"elementor-element elementor-element-2783a0e elementor-widget elementor-widget-heading\" data-id=\"2783a0e\" data-element_type=\"widget\" data-e-type=\"widget\" data-widget_type=\"heading.default\">\n\t\t\t\t\t<h3 class=\"elementor-heading-title elementor-size-default\">Administration working hours<\/h3>\t\t\t\t<\/div>\n\t\t\t\t<div class=\"elementor-element elementor-element-ecd763c elementor-widget elementor-widget-text-editor\" data-id=\"ecd763c\" data-element_type=\"widget\" data-e-type=\"widget\" data-widget_type=\"text-editor.default\">\n\t\t\t\t\t\t\t\t\t<p><strong>Pirmadienis: 09:00 &#8211; 17:00<\/strong><br \/><strong>Antradienis: 09:00 &#8211; 17:00<\/strong><br \/><strong>Tre\u010diadienis: 09:00 &#8211; 17:00<\/strong><br \/><strong>Ketvirtadienis: 09:00 &#8211; 17:00<\/strong><br \/><strong>Penktadienis: 09:00 &#8211; 17:00<\/strong><\/p>\t\t\t\t\t\t\t\t<\/div>\n\t\t\t\t<\/div>\n\t\t\t\t\t<\/div>\n\t\t\t\t<\/div>\n\t\t\t\t<\/div>","protected":false},"excerpt":{"rendered":"<p>Kontaktin\u0117 informacija Muziejaus darbo laikas \u0160e\u0161tadieniais 10:00 &#8211; 15:00Sekmadieniais 10:00 &#8211; 15:00 Ekskursij\u0173 laik\u0105 galima derinti individualiai ir darbo dienomis.\u00a0 [&hellip;]<\/p>\n","protected":false},"author":1,"featured_media":0,"parent":0,"menu_order":0,"comment_status":"closed","ping_status":"closed","template":"","meta":{"site-sidebar-layout":"no-sidebar","site-content-layout":"","ast-site-content-layout":"full-width-container","site-content-style":"default","site-sidebar-style":"default","ast-global-header-display":"","ast-banner-title-visibility":"","ast-main-header-display":"","ast-hfb-above-header-display":"","ast-hfb-below-header-display":"","ast-hfb-mobile-header-display":"","site-post-title":"disabled","ast-breadcrumbs-content":"","ast-featured-img":"disabled","footer-sml-layout":"","ast-disable-related-posts":"","theme-transparent-header-meta":"","adv-header-id-meta":"","stick-header-meta":"","header-above-stick-meta":"","header-main-stick-meta":"","header-below-stick-meta":"","astra-migrate-meta-layouts":"default","ast-page-background-enabled":"default","ast-page-background-meta":{"desktop":{"background-color":"var(--ast-global-color-5)","background-image":"","background-repeat":"repeat","background-position":"center center","background-size":"auto","background-attachment":"scroll","background-type":"","background-media":"","overlay-type":"","overlay-color":"","overlay-opacity":"","overlay-gradient":""},"tablet":{"background-color":"","background-image":"","background-repeat":"repeat","background-position":"center center","background-size":"auto","background-attachment":"scroll","background-type":"","background-media":"","overlay-type":"","overlay-color":"","overlay-opacity":"","overlay-gradient":""},"mobile":{"background-color":"","background-image":"","background-repeat":"repeat","background-position":"center center","background-size":"auto","background-attachment":"scroll","background-type":"","background-media":"","overlay-type":"","overlay-color":"","overlay-opacity":"","overlay-gradient":""}},"ast-content-background-meta":{"desktop":{"background-color":"var(--ast-global-color-4)","background-image":"","background-repeat":"repeat","background-position":"center center","background-size":"auto","background-attachment":"scroll","background-type":"","background-media":"","overlay-type":"","overlay-color":"","overlay-opacity":"","overlay-gradient":""},"tablet":{"background-color":"var(--ast-global-color-4)","background-image":"","background-repeat":"repeat","background-position":"center center","background-size":"auto","background-attachment":"scroll","background-type":"","background-media":"","overlay-type":"","overlay-color":"","overlay-opacity":"","overlay-gradient":""},"mobile":{"background-color":"var(--ast-global-color-4)","background-image":"","background-repeat":"repeat","background-position":"center center","background-size":"auto","background-attachment":"scroll","background-type":"","background-media":"","overlay-type":"","overlay-color":"","overlay-opacity":"","overlay-gradient":""}},"footnotes":""},"class_list":["post-31","page","type-page","status-publish","hentry"],"yoast_head":"<!-- This site is optimized with the Yoast SEO plugin v27.4 - https:\/\/yoast.com\/product\/yoast-seo-wordpress\/ -->\n<title>Kontaktai - PlushyB 55 - Me\u0161kin\u0173 Muziejus<\/title>\n<meta name=\"description\" content=\"Muziejaus darbo laikas: \u0160e\u0161tadieniais, Sekmadieniais - 10:00 - 15:00. Kontaktin\u0117 informacija: +370 670 97832, info@meskinumuziejus.lt.\" \/>\n<meta name=\"robots\" content=\"index, follow, max-snippet:-1, max-image-preview:large, max-video-preview:-1\" \/>\n<link rel=\"canonical\" href=\"https:\/\/meskinumuziejus.lt\/en\/kontaktai\/\" \/>\n<meta property=\"og:locale\" content=\"en_GB\" \/>\n<meta property=\"og:type\" content=\"article\" \/>\n<meta property=\"og:title\" content=\"Kontaktai - PlushyB 55 - Me\u0161kin\u0173 Muziejus\" \/>\n<meta property=\"og:description\" content=\"Muziejaus darbo laikas: \u0160e\u0161tadieniais, Sekmadieniais - 10:00 - 15:00. Kontaktin\u0117 informacija: +370 670 97832, info@meskinumuziejus.lt.\" \/>\n<meta property=\"og:url\" content=\"https:\/\/meskinumuziejus.lt\/en\/kontaktai\/\" \/>\n<meta property=\"og:site_name\" content=\"meskinumuziejus.lt\" \/>\n<meta property=\"article:modified_time\" content=\"2026-02-20T10:57:53+00:00\" \/>\n<meta name=\"twitter:card\" content=\"summary_large_image\" \/>\n<meta name=\"twitter:label1\" content=\"Estimated reading time\" \/>\n\t<meta name=\"twitter:data1\" content=\"1 minute\" \/>\n<script type=\"application\/ld+json\" class=\"yoast-schema-graph\">{\"@context\":\"https:\\\/\\\/schema.org\",\"@graph\":[{\"@type\":\"WebPage\",\"@id\":\"https:\\\/\\\/meskinumuziejus.lt\\\/kontaktai\\\/\",\"url\":\"https:\\\/\\\/meskinumuziejus.lt\\\/kontaktai\\\/\",\"name\":\"Kontaktai - PlushyB 55 - Me\u0161kin\u0173 Muziejus\",\"isPartOf\":{\"@id\":\"https:\\\/\\\/meskinumuziejus.lt\\\/#website\"},\"datePublished\":\"2025-11-14T13:02:46+00:00\",\"dateModified\":\"2026-02-20T10:57:53+00:00\",\"description\":\"Muziejaus darbo laikas: \u0160e\u0161tadieniais, Sekmadieniais - 10:00 - 15:00. Kontaktin\u0117 informacija: +370 670 97832, info@meskinumuziejus.lt.\",\"breadcrumb\":{\"@id\":\"https:\\\/\\\/meskinumuziejus.lt\\\/kontaktai\\\/#breadcrumb\"},\"inLanguage\":\"en-GB\",\"potentialAction\":[{\"@type\":\"ReadAction\",\"target\":[\"https:\\\/\\\/meskinumuziejus.lt\\\/kontaktai\\\/\"]}]},{\"@type\":\"BreadcrumbList\",\"@id\":\"https:\\\/\\\/meskinumuziejus.lt\\\/kontaktai\\\/#breadcrumb\",\"itemListElement\":[{\"@type\":\"ListItem\",\"position\":1,\"name\":\"Home\",\"item\":\"https:\\\/\\\/meskinumuziejus.lt\\\/\"},{\"@type\":\"ListItem\",\"position\":2,\"name\":\"Kontaktai\"}]},{\"@type\":\"WebSite\",\"@id\":\"https:\\\/\\\/meskinumuziejus.lt\\\/#website\",\"url\":\"https:\\\/\\\/meskinumuziejus.lt\\\/\",\"name\":\"meskinumuziejus.lt\",\"description\":\"\",\"publisher\":{\"@id\":\"https:\\\/\\\/meskinumuziejus.lt\\\/#organization\"},\"potentialAction\":[{\"@type\":\"SearchAction\",\"target\":{\"@type\":\"EntryPoint\",\"urlTemplate\":\"https:\\\/\\\/meskinumuziejus.lt\\\/?s={search_term_string}\"},\"query-input\":{\"@type\":\"PropertyValueSpecification\",\"valueRequired\":true,\"valueName\":\"search_term_string\"}}],\"inLanguage\":\"en-GB\"},{\"@type\":\"Organization\",\"@id\":\"https:\\\/\\\/meskinumuziejus.lt\\\/#organization\",\"name\":\"meskinumuziejus.lt\",\"url\":\"https:\\\/\\\/meskinumuziejus.lt\\\/\",\"logo\":{\"@type\":\"ImageObject\",\"inLanguage\":\"en-GB\",\"@id\":\"https:\\\/\\\/meskinumuziejus.lt\\\/#\\\/schema\\\/logo\\\/image\\\/\",\"url\":\"https:\\\/\\\/meskinumuziejus.lt\\\/wp-content\\\/uploads\\\/2026\\\/01\\\/cropped-muziejaus_logotipas__1_-removebg-preview-1.png\",\"contentUrl\":\"https:\\\/\\\/meskinumuziejus.lt\\\/wp-content\\\/uploads\\\/2026\\\/01\\\/cropped-muziejaus_logotipas__1_-removebg-preview-1.png\",\"width\":512,\"height\":512,\"caption\":\"meskinumuziejus.lt\"},\"image\":{\"@id\":\"https:\\\/\\\/meskinumuziejus.lt\\\/#\\\/schema\\\/logo\\\/image\\\/\"}}]}<\/script>\n<!-- \/ Yoast SEO plugin. -->","yoast_head_json":{"title":"Kontaktai - PlushyB 55 - Me\u0161kin\u0173 Muziejus","description":"Muziejaus darbo laikas: \u0160e\u0161tadieniais, Sekmadieniais - 10:00 - 15:00. Kontaktin\u0117 informacija: +370 670 97832, info@meskinumuziejus.lt.","robots":{"index":"index","follow":"follow","max-snippet":"max-snippet:-1","max-image-preview":"max-image-preview:large","max-video-preview":"max-video-preview:-1"},"canonical":"https:\/\/meskinumuziejus.lt\/en\/kontaktai\/","og_locale":"en_GB","og_type":"article","og_title":"Kontaktai - PlushyB 55 - Me\u0161kin\u0173 Muziejus","og_description":"Muziejaus darbo laikas: \u0160e\u0161tadieniais, Sekmadieniais - 10:00 - 15:00. Kontaktin\u0117 informacija: +370 670 97832, info@meskinumuziejus.lt.","og_url":"https:\/\/meskinumuziejus.lt\/en\/kontaktai\/","og_site_name":"meskinumuziejus.lt","article_modified_time":"2026-02-20T10:57:53+00:00","twitter_card":"summary_large_image","twitter_misc":{"Estimated reading time":"1 minute"},"schema":{"@context":"https:\/\/schema.org","@graph":[{"@type":"WebPage","@id":"https:\/\/meskinumuziejus.lt\/kontaktai\/","url":"https:\/\/meskinumuziejus.lt\/kontaktai\/","name":"Kontaktai - PlushyB 55 - Me\u0161kin\u0173 Muziejus","isPartOf":{"@id":"https:\/\/meskinumuziejus.lt\/#website"},"datePublished":"2025-11-14T13:02:46+00:00","dateModified":"2026-02-20T10:57:53+00:00","description":"Muziejaus darbo laikas: \u0160e\u0161tadieniais, Sekmadieniais - 10:00 - 15:00. Kontaktin\u0117 informacija: +370 670 97832, info@meskinumuziejus.lt.","breadcrumb":{"@id":"https:\/\/meskinumuziejus.lt\/kontaktai\/#breadcrumb"},"inLanguage":"en-GB","potentialAction":[{"@type":"ReadAction","target":["https:\/\/meskinumuziejus.lt\/kontaktai\/"]}]},{"@type":"BreadcrumbList","@id":"https:\/\/meskinumuziejus.lt\/kontaktai\/#breadcrumb","itemListElement":[{"@type":"ListItem","position":1,"name":"Home","item":"https:\/\/meskinumuziejus.lt\/"},{"@type":"ListItem","position":2,"name":"Kontaktai"}]},{"@type":"WebSite","@id":"https:\/\/meskinumuziejus.lt\/#website","url":"https:\/\/meskinumuziejus.lt\/","name":"meskinumuziejus.lt","description":"","publisher":{"@id":"https:\/\/meskinumuziejus.lt\/#organization"},"potentialAction":[{"@type":"SearchAction","target":{"@type":"EntryPoint","urlTemplate":"https:\/\/meskinumuziejus.lt\/?s={search_term_string}"},"query-input":{"@type":"PropertyValueSpecification","valueRequired":true,"valueName":"search_term_string"}}],"inLanguage":"en-GB"},{"@type":"Organization","@id":"https:\/\/meskinumuziejus.lt\/#organization","name":"meskinumuziejus.lt","url":"https:\/\/meskinumuziejus.lt\/","logo":{"@type":"ImageObject","inLanguage":"en-GB","@id":"https:\/\/meskinumuziejus.lt\/#\/schema\/logo\/image\/","url":"https:\/\/meskinumuziejus.lt\/wp-content\/uploads\/2026\/01\/cropped-muziejaus_logotipas__1_-removebg-preview-1.png","contentUrl":"https:\/\/meskinumuziejus.lt\/wp-content\/uploads\/2026\/01\/cropped-muziejaus_logotipas__1_-removebg-preview-1.png","width":512,"height":512,"caption":"meskinumuziejus.lt"},"image":{"@id":"https:\/\/meskinumuziejus.lt\/#\/schema\/logo\/image\/"}}]}},"_hostinger_reach_plugin_has_subscription_block":false,"_hostinger_reach_plugin_is_elementor":false,"_links":{"self":[{"href":"https:\/\/meskinumuziejus.lt\/en\/wp-json\/wp\/v2\/pages\/31","targetHints":{"allow":["GET"]}}],"collection":[{"href":"https:\/\/meskinumuziejus.lt\/en\/wp-json\/wp\/v2\/pages"}],"about":[{"href":"https:\/\/meskinumuziejus.lt\/en\/wp-json\/wp\/v2\/types\/page"}],"author":[{"embeddable":true,"href":"https:\/\/meskinumuziejus.lt\/en\/wp-json\/wp\/v2\/users\/1"}],"replies":[{"embeddable":true,"href":"https:\/\/meskinumuziejus.lt\/en\/wp-json\/wp\/v2\/comments?post=31"}],"version-history":[{"count":25,"href":"https:\/\/meskinumuziejus.lt\/en\/wp-json\/wp\/v2\/pages\/31\/revisions"}],"predecessor-version":[{"id":540,"href":"https:\/\/meskinumuziejus.lt\/en\/wp-json\/wp\/v2\/pages\/31\/revisions\/540"}],"wp:attachment":[{"href":"https:\/\/meskinumuziejus.lt\/en\/wp-json\/wp\/v2\/media?parent=31"}],"curies":[{"name":"wp","href":"https:\/\/api.w.org\/{rel}","templated":true}]}}