{"id":680,"date":"2026-03-06T16:08:42","date_gmt":"2026-03-06T16:08:42","guid":{"rendered":"https:\/\/meskinumuziejus.lt\/?page_id=680"},"modified":"2026-03-09T15:23:03","modified_gmt":"2026-03-09T15:23:03","slug":"edukacija-pedagogams","status":"publish","type":"page","link":"https:\/\/meskinumuziejus.lt\/en\/edukacija-pedagogams\/","title":{"rendered":"Education for teachers"},"content":{"rendered":"<div data-elementor-type=\"wp-page\" data-elementor-id=\"680\" class=\"elementor elementor-680\" data-elementor-post-type=\"page\">\n\t\t\t\t<div class=\"elementor-element elementor-element-7fccd5d e-con-full e-flex e-con e-parent\" data-id=\"7fccd5d\" data-element_type=\"container\" data-e-type=\"container\">\n\t\t\t\t<div class=\"elementor-element elementor-element-8f9e5f8 elementor-widget__width-initial elementor-widget elementor-widget-heading\" data-id=\"8f9e5f8\" data-element_type=\"widget\" data-e-type=\"widget\" data-widget_type=\"heading.default\">\n\t\t\t\t\t<h1 class=\"elementor-heading-title elementor-size-default\">Education for teachers<\/h1>\t\t\t\t<\/div>\n\t\t\t\t<\/div>\n\t\t<div class=\"elementor-element elementor-element-92aae77 e-flex e-con-boxed e-con e-parent\" data-id=\"92aae77\" data-element_type=\"container\" data-e-type=\"container\">\n\t\t\t\t\t<div class=\"e-con-inner\">\n\t\t\t\t<div class=\"elementor-element elementor-element-5529748 elementor-widget__width-initial elementor-widget elementor-widget-text-editor\" data-id=\"5529748\" data-element_type=\"widget\" data-e-type=\"widget\" data-widget_type=\"text-editor.default\">\n\t\t\t\t\t\t\t\t\t<p>To book a tour, contact us by e-mail: <strong><a href=\"mailto: info@meskinumuziejus.lt pakeisk\">info@meskinumuziejus.lt<\/a><\/strong><\/p>\n<p><strong data-start=\"662\" data-end=\"725\">Tours can be organized on weekdays and weekends according to your request.<\/strong><br data-start=\"725\" data-end=\"728\"><strong data-start=\"732\" data-end=\"749\">Group Size:<\/strong>&nbsp;up to 30 people<br data-start=\"763\" data-end=\"766\"><strong data-start=\"769\" data-end=\"779\">Price:<\/strong>&nbsp;300 EUR for the group<\/p>\t\t\t\t\t\t\t\t<\/div>\n\t\t\t\t\t<\/div>\n\t\t\t\t<\/div>\n\t\t<div class=\"elementor-element elementor-element-a0eb7f1 e-flex e-con-boxed e-con e-parent\" data-id=\"a0eb7f1\" data-element_type=\"container\" data-e-type=\"container\">\n\t\t\t\t\t<div class=\"e-con-inner\">\n\t\t<div class=\"elementor-element elementor-element-b18330b e-con-full e-flex e-con e-child\" data-id=\"b18330b\" data-element_type=\"container\" data-e-type=\"container\">\n\t\t<div class=\"elementor-element elementor-element-6a4fe74 e-con-full e-flex e-con e-child\" data-id=\"6a4fe74\" data-element_type=\"container\" data-e-type=\"container\">\n\t\t\t\t<div class=\"elementor-element elementor-element-4ef08de elementor-hidden-desktop elementor-arrows-position-inside elementor-pagination-position-outside elementor-widget elementor-widget-image-carousel\" data-id=\"4ef08de\" data-element_type=\"widget\" data-e-type=\"widget\" data-settings=\"{&quot;navigation&quot;:&quot;both&quot;,&quot;autoplay&quot;:&quot;yes&quot;,&quot;pause_on_hover&quot;:&quot;yes&quot;,&quot;pause_on_interaction&quot;:&quot;yes&quot;,&quot;autoplay_speed&quot;:5000,&quot;infinite&quot;:&quot;yes&quot;,&quot;speed&quot;:500}\" data-widget_type=\"image-carousel.default\">\n\t\t\t\t\t\t\t<div class=\"elementor-image-carousel-wrapper swiper\" role=\"region\" aria-roledescription=\"carousel\" aria-label=\"Image Carousel\" dir=\"ltr\">\n\t\t\t<div class=\"elementor-image-carousel swiper-wrapper\" aria-live=\"off\">\n\t\t\t\t\t\t\t\t<div class=\"swiper-slide\" role=\"group\" aria-roledescription=\"slide\" aria-label=\"1 of 3\"><figure class=\"swiper-slide-inner\"><img decoding=\"async\" class=\"swiper-slide-image\" src=\"https:\/\/meskinumuziejus.lt\/wp-content\/uploads\/2026\/03\/4-768x512.jpg\" alt=\"4\" \/><\/figure><\/div><div class=\"swiper-slide\" role=\"group\" aria-roledescription=\"slide\" aria-label=\"2 of 3\"><figure class=\"swiper-slide-inner\"><img decoding=\"async\" class=\"swiper-slide-image\" src=\"https:\/\/meskinumuziejus.lt\/wp-content\/uploads\/2026\/03\/MoonPhotography-340-copy-768x512.jpg\" alt=\"MoonPhotography-340 copy\" \/><\/figure><\/div><div class=\"swiper-slide\" role=\"group\" aria-roledescription=\"slide\" aria-label=\"3 of 3\"><figure class=\"swiper-slide-inner\"><img decoding=\"async\" class=\"swiper-slide-image\" src=\"https:\/\/meskinumuziejus.lt\/wp-content\/uploads\/2026\/03\/MoonPhotography-378-768x512.jpg\" alt=\"MoonPhotography-378\" \/><\/figure><\/div>\t\t\t<\/div>\n\t\t\t\t\t\t\t\t\t\t\t\t<div class=\"elementor-swiper-button elementor-swiper-button-prev\" role=\"button\" tabindex=\"0\">\n\t\t\t\t\t\t<svg aria-hidden=\"true\" class=\"e-font-icon-svg e-eicon-chevron-left\" viewbox=\"0 0 1000 1000\" xmlns=\"http:\/\/www.w3.org\/2000\/svg\"><path d=\"M646 125C629 125 613 133 604 142L308 442C296 454 292 471 292 487 292 504 296 521 308 533L604 854C617 867 629 875 646 875 663 875 679 871 692 858 704 846 713 829 713 812 713 796 708 779 692 767L438 487 692 225C700 217 708 204 708 187 708 171 704 154 692 142 675 129 663 125 646 125Z\"><\/path><\/svg>\t\t\t\t\t<\/div>\n\t\t\t\t\t<div class=\"elementor-swiper-button elementor-swiper-button-next\" role=\"button\" tabindex=\"0\">\n\t\t\t\t\t\t<svg aria-hidden=\"true\" class=\"e-font-icon-svg e-eicon-chevron-right\" viewbox=\"0 0 1000 1000\" xmlns=\"http:\/\/www.w3.org\/2000\/svg\"><path d=\"M696 533C708 521 713 504 713 487 713 471 708 454 696 446L400 146C388 133 375 125 354 125 338 125 325 129 313 142 300 154 292 171 292 187 292 204 296 221 308 233L563 492 304 771C292 783 288 800 288 817 288 833 296 850 308 863 321 871 338 875 354 875 371 875 388 867 400 854L696 533Z\"><\/path><\/svg>\t\t\t\t\t<\/div>\n\t\t\t\t\n\t\t\t\t\t\t\t\t\t<div class=\"swiper-pagination\"><\/div>\n\t\t\t\t\t\t\t\t\t<\/div>\n\t\t\t\t\t\t<\/div>\n\t\t\t\t<div class=\"elementor-element elementor-element-09fcd66 elementor-hidden-tablet elementor-hidden-mobile elementor-widget elementor-widget-video\" data-id=\"09fcd66\" data-element_type=\"widget\" data-e-type=\"widget\" data-settings=\"{&quot;video_type&quot;:&quot;hosted&quot;,&quot;controls&quot;:&quot;yes&quot;}\" data-widget_type=\"video.default\">\n\t\t\t\t\t\t\t<div class=\"e-hosted-video elementor-wrapper elementor-open-inline\">\n\t\t\t\t\t<video class=\"elementor-video\" src=\"https:\/\/meskinumuziejus.lt\/wp-content\/uploads\/2026\/03\/vaikai-muziejuje.mp4\" controls=\"\" preload=\"metadata\" controlslist=\"nodownload\"><\/video>\n\t\t\t\t<\/div>\n\t\t\t\t\t\t<\/div>\n\t\t\t\t<\/div>\n\t\t\t\t<\/div>\n\t\t<div class=\"elementor-element elementor-element-1cf5fc2 e-con-full e-flex e-con e-child\" data-id=\"1cf5fc2\" data-element_type=\"container\" data-e-type=\"container\">\n\t\t\t\t<div class=\"elementor-element elementor-element-4eab09d elementor-widget elementor-widget-heading\" data-id=\"4eab09d\" data-element_type=\"widget\" data-e-type=\"widget\" data-widget_type=\"heading.default\">\n\t\t\t\t\t<h2 class=\"elementor-heading-title elementor-size-default\">The Bear Museum invites groups of educational institutions to an unforgettable educational trip!<\/h2>\t\t\t\t<\/div>\n\t\t\t\t<div class=\"elementor-element elementor-element-319c181 elementor-widget elementor-widget-text-editor\" data-id=\"319c181\" data-element_type=\"widget\" data-e-type=\"widget\" data-widget_type=\"text-editor.default\">\n\t\t\t\t\t\t\t\t\t<p>Looking for a fun, creative and engaging field trip for kids? <strong>Bear Museum<\/strong> is a place where learning meets fun discoveries. Here, children will not only see a unique collection of teddy bears, but will also learn many interesting stories that will enrich their knowledge and inspire creativity.<\/p><p data-start=\"72\" data-end=\"467\">The museum exhibits a rich collection of teddy bears from all over the world - from ancient, collectible exhibits to modern, colorful and variously shaped teddy bears. During the excursion, children will learn the history of the first teddy bear and why it became a symbol of friendship, tenderness and childhood. The educational program is supplemented with interesting facts, fun tasks and interactive activities that encourage curiosity, creativity and teamwork. It is a cozy and safe space, perfect for group outings of kindergartens, primary schools and other educational institutions.<\/p><p><strong data-start=\"1158\" data-end=\"1199\">A great outing for kids of all ages<\/strong><br data-start=\"1199\" data-end=\"1202\" \/>The museum is a cozy and safe space, perfect for groups of kindergartens, primary schools and other educational institutions. It's a great opportunity to learn in a different way - through experience, play and discovery.<\/p>\t\t\t\t\t\t\t\t<\/div>\n\t\t\t\t<\/div>\n\t\t\t\t\t<\/div>\n\t\t\t\t<\/div>\n\t\t<div class=\"elementor-element elementor-element-90765a9 e-flex e-con-boxed e-con e-parent\" data-id=\"90765a9\" data-element_type=\"container\" data-e-type=\"container\">\n\t\t\t\t\t<div class=\"e-con-inner\">\n\t\t\t\t<div class=\"elementor-element elementor-element-bc6cd30 elementor-hidden-tablet elementor-hidden-mobile elementor-arrows-position-inside elementor-pagination-position-outside elementor-widget elementor-widget-image-carousel\" data-id=\"bc6cd30\" data-element_type=\"widget\" data-e-type=\"widget\" data-settings=\"{&quot;navigation&quot;:&quot;both&quot;,&quot;autoplay&quot;:&quot;yes&quot;,&quot;pause_on_hover&quot;:&quot;yes&quot;,&quot;pause_on_interaction&quot;:&quot;yes&quot;,&quot;autoplay_speed&quot;:5000,&quot;infinite&quot;:&quot;yes&quot;,&quot;speed&quot;:500}\" data-widget_type=\"image-carousel.default\">\n\t\t\t\t\t\t\t<div class=\"elementor-image-carousel-wrapper swiper\" role=\"region\" aria-roledescription=\"carousel\" aria-label=\"Image Carousel\" dir=\"ltr\">\n\t\t\t<div class=\"elementor-image-carousel swiper-wrapper\" aria-live=\"off\">\n\t\t\t\t\t\t\t\t<div class=\"swiper-slide\" role=\"group\" aria-roledescription=\"slide\" aria-label=\"1 of 3\"><figure class=\"swiper-slide-inner\"><img decoding=\"async\" class=\"swiper-slide-image\" src=\"https:\/\/meskinumuziejus.lt\/wp-content\/uploads\/2026\/03\/4-768x512.jpg\" alt=\"4\" \/><\/figure><\/div><div class=\"swiper-slide\" role=\"group\" aria-roledescription=\"slide\" aria-label=\"2 of 3\"><figure class=\"swiper-slide-inner\"><img decoding=\"async\" class=\"swiper-slide-image\" src=\"https:\/\/meskinumuziejus.lt\/wp-content\/uploads\/2026\/03\/MoonPhotography-340-copy-768x512.jpg\" alt=\"MoonPhotography-340 copy\" \/><\/figure><\/div><div class=\"swiper-slide\" role=\"group\" aria-roledescription=\"slide\" aria-label=\"3 of 3\"><figure class=\"swiper-slide-inner\"><img decoding=\"async\" class=\"swiper-slide-image\" src=\"https:\/\/meskinumuziejus.lt\/wp-content\/uploads\/2026\/03\/MoonPhotography-378-768x512.jpg\" alt=\"MoonPhotography-378\" \/><\/figure><\/div>\t\t\t<\/div>\n\t\t\t\t\t\t\t\t\t\t\t\t<div class=\"elementor-swiper-button elementor-swiper-button-prev\" role=\"button\" tabindex=\"0\">\n\t\t\t\t\t\t<svg aria-hidden=\"true\" class=\"e-font-icon-svg e-eicon-chevron-left\" viewbox=\"0 0 1000 1000\" xmlns=\"http:\/\/www.w3.org\/2000\/svg\"><path d=\"M646 125C629 125 613 133 604 142L308 442C296 454 292 471 292 487 292 504 296 521 308 533L604 854C617 867 629 875 646 875 663 875 679 871 692 858 704 846 713 829 713 812 713 796 708 779 692 767L438 487 692 225C700 217 708 204 708 187 708 171 704 154 692 142 675 129 663 125 646 125Z\"><\/path><\/svg>\t\t\t\t\t<\/div>\n\t\t\t\t\t<div class=\"elementor-swiper-button elementor-swiper-button-next\" role=\"button\" tabindex=\"0\">\n\t\t\t\t\t\t<svg aria-hidden=\"true\" class=\"e-font-icon-svg e-eicon-chevron-right\" viewbox=\"0 0 1000 1000\" xmlns=\"http:\/\/www.w3.org\/2000\/svg\"><path d=\"M696 533C708 521 713 504 713 487 713 471 708 454 696 446L400 146C388 133 375 125 354 125 338 125 325 129 313 142 300 154 292 171 292 187 292 204 296 221 308 233L563 492 304 771C292 783 288 800 288 817 288 833 296 850 308 863 321 871 338 875 354 875 371 875 388 867 400 854L696 533Z\"><\/path><\/svg>\t\t\t\t\t<\/div>\n\t\t\t\t\n\t\t\t\t\t\t\t\t\t<div class=\"swiper-pagination\"><\/div>\n\t\t\t\t\t\t\t\t\t<\/div>\n\t\t\t\t\t\t<\/div>\n\t\t\t\t<div class=\"elementor-element elementor-element-0a943e9 elementor-hidden-desktop elementor-widget elementor-widget-video\" data-id=\"0a943e9\" data-element_type=\"widget\" data-e-type=\"widget\" data-settings=\"{&quot;video_type&quot;:&quot;hosted&quot;,&quot;controls&quot;:&quot;yes&quot;}\" data-widget_type=\"video.default\">\n\t\t\t\t\t\t\t<div class=\"e-hosted-video elementor-wrapper elementor-open-inline\">\n\t\t\t\t\t<video class=\"elementor-video\" src=\"https:\/\/meskinumuziejus.lt\/wp-content\/uploads\/2026\/03\/vaikai-muziejuje.mp4\" controls=\"\" preload=\"metadata\" controlslist=\"nodownload\"><\/video>\n\t\t\t\t<\/div>\n\t\t\t\t\t\t<\/div>\n\t\t\t\t\t<\/div>\n\t\t\t\t<\/div>\n\t\t\t\t<\/div>","protected":false},"excerpt":{"rendered":"<p>Edukacija Pedagogams Nor\u0117dami rezervuoti ekskursij\u0105 \u2013 susisiekite su mumis el. pa\u0161tu: info@meskinumuziejus.lt Ekskursijos gali b\u016bti organizuojamos darbo dienomis ir savaitgaliais [&hellip;]<\/p>\n","protected":false},"author":1,"featured_media":0,"parent":0,"menu_order":0,"comment_status":"closed","ping_status":"closed","template":"","meta":{"site-sidebar-layout":"no-sidebar","site-content-layout":"","ast-site-content-layout":"full-width-container","site-content-style":"default","site-sidebar-style":"default","ast-global-header-display":"","ast-banner-title-visibility":"","ast-main-header-display":"","ast-hfb-above-header-display":"","ast-hfb-below-header-display":"","ast-hfb-mobile-header-display":"","site-post-title":"disabled","ast-breadcrumbs-content":"","ast-featured-img":"disabled","footer-sml-layout":"","ast-disable-related-posts":"","theme-transparent-header-meta":"","adv-header-id-meta":"","stick-header-meta":"","header-above-stick-meta":"","header-main-stick-meta":"","header-below-stick-meta":"","astra-migrate-meta-layouts":"default","ast-page-background-enabled":"default","ast-page-background-meta":{"desktop":{"background-color":"var(--ast-global-color-5)","background-image":"","background-repeat":"repeat","background-position":"center center","background-size":"auto","background-attachment":"scroll","background-type":"","background-media":"","overlay-type":"","overlay-color":"","overlay-opacity":"","overlay-gradient":""},"tablet":{"background-color":"","background-image":"","background-repeat":"repeat","background-position":"center center","background-size":"auto","background-attachment":"scroll","background-type":"","background-media":"","overlay-type":"","overlay-color":"","overlay-opacity":"","overlay-gradient":""},"mobile":{"background-color":"","background-image":"","background-repeat":"repeat","background-position":"center center","background-size":"auto","background-attachment":"scroll","background-type":"","background-media":"","overlay-type":"","overlay-color":"","overlay-opacity":"","overlay-gradient":""}},"ast-content-background-meta":{"desktop":{"background-color":"var(--ast-global-color-4)","background-image":"","background-repeat":"repeat","background-position":"center center","background-size":"auto","background-attachment":"scroll","background-type":"","background-media":"","overlay-type":"","overlay-color":"","overlay-opacity":"","overlay-gradient":""},"tablet":{"background-color":"var(--ast-global-color-4)","background-image":"","background-repeat":"repeat","background-position":"center center","background-size":"auto","background-attachment":"scroll","background-type":"","background-media":"","overlay-type":"","overlay-color":"","overlay-opacity":"","overlay-gradient":""},"mobile":{"background-color":"var(--ast-global-color-4)","background-image":"","background-repeat":"repeat","background-position":"center center","background-size":"auto","background-attachment":"scroll","background-type":"","background-media":"","overlay-type":"","overlay-color":"","overlay-opacity":"","overlay-gradient":""}},"footnotes":""},"class_list":["post-680","page","type-page","status-publish","hentry"],"yoast_head":"<!-- This site is optimized with the Yoast SEO plugin v27.4 - https:\/\/yoast.com\/product\/yoast-seo-wordpress\/ -->\n<title>Edukacija pedagogams - PlushyB 55 - Me\u0161kin\u0173 Muziejus<\/title>\n<meta name=\"description\" content=\"Ekskursijos gali b\u016bti organizuojamos darbo dienomis ir savaitgaliais pagal j\u016bs\u0173 pageidavim\u0105. Grup\u0117s dydis: iki 30 asmen\u0173 Kaina: 300 Eur grupei\" \/>\n<meta name=\"robots\" content=\"index, follow, max-snippet:-1, max-image-preview:large, max-video-preview:-1\" \/>\n<link rel=\"canonical\" href=\"https:\/\/meskinumuziejus.lt\/en\/edukacija-pedagogams\/\" \/>\n<meta property=\"og:locale\" content=\"en_GB\" \/>\n<meta property=\"og:type\" content=\"article\" \/>\n<meta property=\"og:title\" content=\"Edukacija pedagogams - PlushyB 55 - Me\u0161kin\u0173 Muziejus\" \/>\n<meta property=\"og:description\" content=\"Ekskursijos gali b\u016bti organizuojamos darbo dienomis ir savaitgaliais pagal j\u016bs\u0173 pageidavim\u0105. Grup\u0117s dydis: iki 30 asmen\u0173 Kaina: 300 Eur grupei\" \/>\n<meta property=\"og:url\" content=\"https:\/\/meskinumuziejus.lt\/en\/edukacija-pedagogams\/\" \/>\n<meta property=\"og:site_name\" content=\"meskinumuziejus.lt\" \/>\n<meta property=\"article:modified_time\" content=\"2026-03-09T15:23:03+00:00\" \/>\n<meta property=\"og:image\" content=\"https:\/\/meskinumuziejus.lt\/wp-content\/uploads\/2026\/03\/4-768x512.jpg\" \/>\n<meta name=\"twitter:card\" content=\"summary_large_image\" \/>\n<meta name=\"twitter:label1\" content=\"Estimated reading time\" \/>\n\t<meta name=\"twitter:data1\" content=\"3 minutes\" \/>\n<script type=\"application\/ld+json\" class=\"yoast-schema-graph\">{\"@context\":\"https:\\\/\\\/schema.org\",\"@graph\":[{\"@type\":\"WebPage\",\"@id\":\"https:\\\/\\\/meskinumuziejus.lt\\\/edukacija-pedagogams\\\/\",\"url\":\"https:\\\/\\\/meskinumuziejus.lt\\\/edukacija-pedagogams\\\/\",\"name\":\"Edukacija pedagogams - PlushyB 55 - Me\u0161kin\u0173 Muziejus\",\"isPartOf\":{\"@id\":\"https:\\\/\\\/meskinumuziejus.lt\\\/#website\"},\"primaryImageOfPage\":{\"@id\":\"https:\\\/\\\/meskinumuziejus.lt\\\/edukacija-pedagogams\\\/#primaryimage\"},\"image\":{\"@id\":\"https:\\\/\\\/meskinumuziejus.lt\\\/edukacija-pedagogams\\\/#primaryimage\"},\"thumbnailUrl\":\"https:\\\/\\\/meskinumuziejus.lt\\\/wp-content\\\/uploads\\\/2026\\\/03\\\/4-768x512.jpg\",\"datePublished\":\"2026-03-06T16:08:42+00:00\",\"dateModified\":\"2026-03-09T15:23:03+00:00\",\"description\":\"Ekskursijos gali b\u016bti organizuojamos darbo dienomis ir savaitgaliais pagal j\u016bs\u0173 pageidavim\u0105. Grup\u0117s dydis: iki 30 asmen\u0173 Kaina: 300 Eur grupei\",\"breadcrumb\":{\"@id\":\"https:\\\/\\\/meskinumuziejus.lt\\\/edukacija-pedagogams\\\/#breadcrumb\"},\"inLanguage\":\"en-GB\",\"potentialAction\":[{\"@type\":\"ReadAction\",\"target\":[\"https:\\\/\\\/meskinumuziejus.lt\\\/edukacija-pedagogams\\\/\"]}]},{\"@type\":\"ImageObject\",\"inLanguage\":\"en-GB\",\"@id\":\"https:\\\/\\\/meskinumuziejus.lt\\\/edukacija-pedagogams\\\/#primaryimage\",\"url\":\"https:\\\/\\\/meskinumuziejus.lt\\\/wp-content\\\/uploads\\\/2026\\\/03\\\/4-768x512.jpg\",\"contentUrl\":\"https:\\\/\\\/meskinumuziejus.lt\\\/wp-content\\\/uploads\\\/2026\\\/03\\\/4-768x512.jpg\"},{\"@type\":\"BreadcrumbList\",\"@id\":\"https:\\\/\\\/meskinumuziejus.lt\\\/edukacija-pedagogams\\\/#breadcrumb\",\"itemListElement\":[{\"@type\":\"ListItem\",\"position\":1,\"name\":\"Home\",\"item\":\"https:\\\/\\\/meskinumuziejus.lt\\\/\"},{\"@type\":\"ListItem\",\"position\":2,\"name\":\"Edukacija pedagogams\"}]},{\"@type\":\"WebSite\",\"@id\":\"https:\\\/\\\/meskinumuziejus.lt\\\/#website\",\"url\":\"https:\\\/\\\/meskinumuziejus.lt\\\/\",\"name\":\"meskinumuziejus.lt\",\"description\":\"\",\"publisher\":{\"@id\":\"https:\\\/\\\/meskinumuziejus.lt\\\/#organization\"},\"potentialAction\":[{\"@type\":\"SearchAction\",\"target\":{\"@type\":\"EntryPoint\",\"urlTemplate\":\"https:\\\/\\\/meskinumuziejus.lt\\\/?s={search_term_string}\"},\"query-input\":{\"@type\":\"PropertyValueSpecification\",\"valueRequired\":true,\"valueName\":\"search_term_string\"}}],\"inLanguage\":\"en-GB\"},{\"@type\":\"Organization\",\"@id\":\"https:\\\/\\\/meskinumuziejus.lt\\\/#organization\",\"name\":\"meskinumuziejus.lt\",\"url\":\"https:\\\/\\\/meskinumuziejus.lt\\\/\",\"logo\":{\"@type\":\"ImageObject\",\"inLanguage\":\"en-GB\",\"@id\":\"https:\\\/\\\/meskinumuziejus.lt\\\/#\\\/schema\\\/logo\\\/image\\\/\",\"url\":\"https:\\\/\\\/meskinumuziejus.lt\\\/wp-content\\\/uploads\\\/2026\\\/01\\\/cropped-muziejaus_logotipas__1_-removebg-preview-1.png\",\"contentUrl\":\"https:\\\/\\\/meskinumuziejus.lt\\\/wp-content\\\/uploads\\\/2026\\\/01\\\/cropped-muziejaus_logotipas__1_-removebg-preview-1.png\",\"width\":512,\"height\":512,\"caption\":\"meskinumuziejus.lt\"},\"image\":{\"@id\":\"https:\\\/\\\/meskinumuziejus.lt\\\/#\\\/schema\\\/logo\\\/image\\\/\"}}]}<\/script>\n<!-- \/ Yoast SEO plugin. -->","yoast_head_json":{"title":"Edukacija pedagogams - PlushyB 55 - Me\u0161kin\u0173 Muziejus","description":"Ekskursijos gali b\u016bti organizuojamos darbo dienomis ir savaitgaliais pagal j\u016bs\u0173 pageidavim\u0105. Grup\u0117s dydis: iki 30 asmen\u0173 Kaina: 300 Eur grupei","robots":{"index":"index","follow":"follow","max-snippet":"max-snippet:-1","max-image-preview":"max-image-preview:large","max-video-preview":"max-video-preview:-1"},"canonical":"https:\/\/meskinumuziejus.lt\/en\/edukacija-pedagogams\/","og_locale":"en_GB","og_type":"article","og_title":"Edukacija pedagogams - PlushyB 55 - Me\u0161kin\u0173 Muziejus","og_description":"Ekskursijos gali b\u016bti organizuojamos darbo dienomis ir savaitgaliais pagal j\u016bs\u0173 pageidavim\u0105. Grup\u0117s dydis: iki 30 asmen\u0173 Kaina: 300 Eur grupei","og_url":"https:\/\/meskinumuziejus.lt\/en\/edukacija-pedagogams\/","og_site_name":"meskinumuziejus.lt","article_modified_time":"2026-03-09T15:23:03+00:00","og_image":[{"url":"https:\/\/meskinumuziejus.lt\/wp-content\/uploads\/2026\/03\/4-768x512.jpg","type":"","width":"","height":""}],"twitter_card":"summary_large_image","twitter_misc":{"Estimated reading time":"3 minutes"},"schema":{"@context":"https:\/\/schema.org","@graph":[{"@type":"WebPage","@id":"https:\/\/meskinumuziejus.lt\/edukacija-pedagogams\/","url":"https:\/\/meskinumuziejus.lt\/edukacija-pedagogams\/","name":"Edukacija pedagogams - PlushyB 55 - Me\u0161kin\u0173 Muziejus","isPartOf":{"@id":"https:\/\/meskinumuziejus.lt\/#website"},"primaryImageOfPage":{"@id":"https:\/\/meskinumuziejus.lt\/edukacija-pedagogams\/#primaryimage"},"image":{"@id":"https:\/\/meskinumuziejus.lt\/edukacija-pedagogams\/#primaryimage"},"thumbnailUrl":"https:\/\/meskinumuziejus.lt\/wp-content\/uploads\/2026\/03\/4-768x512.jpg","datePublished":"2026-03-06T16:08:42+00:00","dateModified":"2026-03-09T15:23:03+00:00","description":"Ekskursijos gali b\u016bti organizuojamos darbo dienomis ir savaitgaliais pagal j\u016bs\u0173 pageidavim\u0105. Grup\u0117s dydis: iki 30 asmen\u0173 Kaina: 300 Eur grupei","breadcrumb":{"@id":"https:\/\/meskinumuziejus.lt\/edukacija-pedagogams\/#breadcrumb"},"inLanguage":"en-GB","potentialAction":[{"@type":"ReadAction","target":["https:\/\/meskinumuziejus.lt\/edukacija-pedagogams\/"]}]},{"@type":"ImageObject","inLanguage":"en-GB","@id":"https:\/\/meskinumuziejus.lt\/edukacija-pedagogams\/#primaryimage","url":"https:\/\/meskinumuziejus.lt\/wp-content\/uploads\/2026\/03\/4-768x512.jpg","contentUrl":"https:\/\/meskinumuziejus.lt\/wp-content\/uploads\/2026\/03\/4-768x512.jpg"},{"@type":"BreadcrumbList","@id":"https:\/\/meskinumuziejus.lt\/edukacija-pedagogams\/#breadcrumb","itemListElement":[{"@type":"ListItem","position":1,"name":"Home","item":"https:\/\/meskinumuziejus.lt\/"},{"@type":"ListItem","position":2,"name":"Edukacija pedagogams"}]},{"@type":"WebSite","@id":"https:\/\/meskinumuziejus.lt\/#website","url":"https:\/\/meskinumuziejus.lt\/","name":"meskinumuziejus.lt","description":"","publisher":{"@id":"https:\/\/meskinumuziejus.lt\/#organization"},"potentialAction":[{"@type":"SearchAction","target":{"@type":"EntryPoint","urlTemplate":"https:\/\/meskinumuziejus.lt\/?s={search_term_string}"},"query-input":{"@type":"PropertyValueSpecification","valueRequired":true,"valueName":"search_term_string"}}],"inLanguage":"en-GB"},{"@type":"Organization","@id":"https:\/\/meskinumuziejus.lt\/#organization","name":"meskinumuziejus.lt","url":"https:\/\/meskinumuziejus.lt\/","logo":{"@type":"ImageObject","inLanguage":"en-GB","@id":"https:\/\/meskinumuziejus.lt\/#\/schema\/logo\/image\/","url":"https:\/\/meskinumuziejus.lt\/wp-content\/uploads\/2026\/01\/cropped-muziejaus_logotipas__1_-removebg-preview-1.png","contentUrl":"https:\/\/meskinumuziejus.lt\/wp-content\/uploads\/2026\/01\/cropped-muziejaus_logotipas__1_-removebg-preview-1.png","width":512,"height":512,"caption":"meskinumuziejus.lt"},"image":{"@id":"https:\/\/meskinumuziejus.lt\/#\/schema\/logo\/image\/"}}]}},"_hostinger_reach_plugin_has_subscription_block":false,"_hostinger_reach_plugin_is_elementor":false,"_links":{"self":[{"href":"https:\/\/meskinumuziejus.lt\/en\/wp-json\/wp\/v2\/pages\/680","targetHints":{"allow":["GET"]}}],"collection":[{"href":"https:\/\/meskinumuziejus.lt\/en\/wp-json\/wp\/v2\/pages"}],"about":[{"href":"https:\/\/meskinumuziejus.lt\/en\/wp-json\/wp\/v2\/types\/page"}],"author":[{"embeddable":true,"href":"https:\/\/meskinumuziejus.lt\/en\/wp-json\/wp\/v2\/users\/1"}],"replies":[{"embeddable":true,"href":"https:\/\/meskinumuziejus.lt\/en\/wp-json\/wp\/v2\/comments?post=680"}],"version-history":[{"count":47,"href":"https:\/\/meskinumuziejus.lt\/en\/wp-json\/wp\/v2\/pages\/680\/revisions"}],"predecessor-version":[{"id":799,"href":"https:\/\/meskinumuziejus.lt\/en\/wp-json\/wp\/v2\/pages\/680\/revisions\/799"}],"wp:attachment":[{"href":"https:\/\/meskinumuziejus.lt\/en\/wp-json\/wp\/v2\/media?parent=680"}],"curies":[{"name":"wp","href":"https:\/\/api.w.org\/{rel}","templated":true}]}}