{"id":80,"date":"2025-11-18T09:28:00","date_gmt":"2025-11-18T09:28:00","guid":{"rendered":"https:\/\/meskinumuziejus.lt\/?page_id=80"},"modified":"2026-02-13T09:20:15","modified_gmt":"2026-02-13T09:20:15","slug":"privatumo-politika","status":"publish","type":"page","link":"https:\/\/meskinumuziejus.lt\/en\/privatumo-politika\/","title":{"rendered":"Privacy Policy"},"content":{"rendered":"<div data-elementor-type=\"wp-page\" data-elementor-id=\"80\" class=\"elementor elementor-80\" data-elementor-post-type=\"page\">\n\t\t\t\t<div class=\"elementor-element elementor-element-ec0b6df e-flex e-con-boxed e-con e-parent\" data-id=\"ec0b6df\" data-element_type=\"container\" data-e-type=\"container\">\n\t\t\t\t\t<div class=\"e-con-inner\">\n\t\t\t\t<div class=\"elementor-element elementor-element-a3440f9 elementor-widget elementor-widget-heading\" data-id=\"a3440f9\" data-element_type=\"widget\" data-e-type=\"widget\" data-widget_type=\"heading.default\">\n\t\t\t\t\t<h1 class=\"elementor-heading-title elementor-size-default\">Privacy Policy<\/h1>\t\t\t\t<\/div>\n\t\t\t\t\t<\/div>\n\t\t\t\t<\/div>\n\t\t<div class=\"elementor-element elementor-element-af0db2a e-flex e-con-boxed e-con e-parent\" data-id=\"af0db2a\" data-element_type=\"container\" data-e-type=\"container\">\n\t\t\t\t\t<div class=\"e-con-inner\">\n\t\t\t\t<div class=\"elementor-element elementor-element-7b8de45 elementor-widget elementor-widget-text-editor\" data-id=\"7b8de45\" data-element_type=\"widget\" data-e-type=\"widget\" data-widget_type=\"text-editor.default\">\n\t\t\t\t\t\t\t\t\t<p><strong>Paskutin\u012f kart\u0105 atnaujinta:<\/strong> 2026-01-07<\/p><p>\u0160i privatumo politika paai\u0161kina, kaip Me\u0161kin\u0173 muziejus &#8222;Plushy B 55&#8221; (toliau \u2013 <em>Museum<\/em>, <em>mes<\/em>) renka, naudoja ir saugo j\u016bs\u0173 asmens duomenis, kai lankot\u0117s m\u016bs\u0173 internetin\u0117je svetain\u0117je ir naudojat\u0117s e\u2011parduotuve bilietams \u012fsigyti.<\/p>\t\t\t\t\t\t\t\t<\/div>\n\t\t\t\t\t<\/div>\n\t\t\t\t<\/div>\n\t\t<div class=\"elementor-element elementor-element-3ecef6a e-flex e-con-boxed e-con e-parent\" data-id=\"3ecef6a\" data-element_type=\"container\" data-e-type=\"container\">\n\t\t\t\t\t<div class=\"e-con-inner\">\n\t\t\t\t<div class=\"elementor-element elementor-element-dab75f2 elementor-widget elementor-widget-heading\" data-id=\"dab75f2\" data-element_type=\"widget\" data-e-type=\"widget\" data-widget_type=\"heading.default\">\n\t\t\t\t\t<h2 class=\"elementor-heading-title elementor-size-default\">Duomen\u0173 valdytojas<\/h2>\t\t\t\t<\/div>\n\t\t\t\t\t<\/div>\n\t\t\t\t<\/div>\n\t\t<div class=\"elementor-element elementor-element-b04fc1f e-flex e-con-boxed e-con e-parent\" data-id=\"b04fc1f\" data-element_type=\"container\" data-e-type=\"container\">\n\t\t\t\t\t<div class=\"e-con-inner\">\n\t\t\t\t<div class=\"elementor-element elementor-element-227eb5b elementor-widget elementor-widget-text-editor\" data-id=\"227eb5b\" data-element_type=\"widget\" data-e-type=\"widget\" data-widget_type=\"text-editor.default\">\n\t\t\t\t\t\t\t\t\t<p>Duomen\u0173 valdytojas:<\/p><ul data-spread=\"false\"><li><p>Pavadinimas: Me\u0161kin\u0173 Muziejus &#8211; <b>Plushy B 55<\/b><\/p><\/li><li><p>Juridinio asmens kodas: 307511032<\/p><\/li><li><p>Adresas: S. Stanevi\u010diaus g. 24, Vilnius<\/p><\/li><li><p>Email: <a href=\"mailto:info@meskinumuziejus.lt\">info@meskinumuziejus.lt<\/a><\/p><\/li><li><p>Telephone: <strong>\u00a0<a href=\"tel: +370 670 97832\">+370 670 97832<\/a><\/strong><\/p><\/li><\/ul><p>Jei turite klausim\u0173 d\u0117l asmens duomen\u0173 tvarkymo, susisiekite auk\u0161\u010diau nurodytais kontaktais.<\/p>\t\t\t\t\t\t\t\t<\/div>\n\t\t\t\t<div class=\"elementor-element elementor-element-c38acd9 elementor-widget elementor-widget-heading\" data-id=\"c38acd9\" data-element_type=\"widget\" data-e-type=\"widget\" data-widget_type=\"heading.default\">\n\t\t\t\t\t<h2 class=\"elementor-heading-title elementor-size-default\">Kokius asmens duomenis renkame<\/h2>\t\t\t\t<\/div>\n\t\t\t\t<div class=\"elementor-element elementor-element-def4b07 elementor-widget elementor-widget-text-editor\" data-id=\"def4b07\" data-element_type=\"widget\" data-e-type=\"widget\" data-widget_type=\"text-editor.default\">\n\t\t\t\t\t\t\t\t\t<p>Mes galime rinkti \u0161iuos asmens duomenis:<\/p><ul data-spread=\"false\"><li><p><strong>Identifikavimo ir kontaktinius duomenis<\/strong>: vard\u0105, pavard\u0119, el. pa\u0161to adres\u0105;<\/p><\/li><li><p><strong>Pirkimo duomenis<\/strong>: \u012fsigyt\u0173 biliet\u0173 tip\u0105, kain\u0105, pirkimo dat\u0105, u\u017esakymo numer\u012f;<\/p><\/li><li><p><strong>Mok\u0117jimo duomenis<\/strong>: mok\u0117jimo informacija tvarkoma per tre\u010di\u0105sias \u0161alis (pvz., bankus ar mok\u0117jim\u0173 platformas); mes negauname ir nesaugome j\u016bs\u0173 piln\u0173 kortel\u0117s duomen\u0173;<\/p><\/li><li><p><strong>Techninius duomenis<\/strong>: IP adres\u0105, nar\u0161ykl\u0117s tip\u0105, \u012frenginio informacij\u0105, slapukus (cookies).<\/p><\/li><\/ul>\t\t\t\t\t\t\t\t<\/div>\n\t\t\t\t<div class=\"elementor-element elementor-element-c378122 elementor-widget elementor-widget-heading\" data-id=\"c378122\" data-element_type=\"widget\" data-e-type=\"widget\" data-widget_type=\"heading.default\">\n\t\t\t\t\t<h2 class=\"elementor-heading-title elementor-size-default\">Duomen\u0173 tvarkymo tikslai ir teisinis pagrindas<\/h2>\t\t\t\t<\/div>\n\t\t\t\t<div class=\"elementor-element elementor-element-aeae92d elementor-widget elementor-widget-text-editor\" data-id=\"aeae92d\" data-element_type=\"widget\" data-e-type=\"widget\" data-widget_type=\"text-editor.default\">\n\t\t\t\t\t\t\t\t\t<p>J\u016bs\u0173 asmens duomenis tvarkome \u0161iais tikslais:<\/p><ul data-spread=\"false\"><li><p>Biliet\u0173 pardavimui ir u\u017esakym\u0173 administravimui (sutarties vykdymas \u2013 BDAR 6 str. 1 d. b p.);<\/p><\/li><li><p>Mok\u0117jim\u0173 apdorojimui (sutarties vykdymas);<\/p><\/li><li><p>Klient\u0173 u\u017eklaus\u0173 ir skund\u0173 nagrin\u0117jimui (teis\u0117tas interesas arba sutartis);<\/p><\/li><li><p>Svetain\u0117s veikimo ir saugumo u\u017etikrinimui (teis\u0117tas interesas);<\/p><\/li><li><p>Teisini\u0173 prievoli\u0173 vykdymui (BDAR 6 str. 1 d. c p.).<\/p><\/li><\/ul>\t\t\t\t\t\t\t\t<\/div>\n\t\t\t\t<div class=\"elementor-element elementor-element-70d426d elementor-widget elementor-widget-heading\" data-id=\"70d426d\" data-element_type=\"widget\" data-e-type=\"widget\" data-widget_type=\"heading.default\">\n\t\t\t\t\t<h2 class=\"elementor-heading-title elementor-size-default\">Slapukai (cookies)<\/h2>\t\t\t\t<\/div>\n\t\t\t\t<div class=\"elementor-element elementor-element-d482855 elementor-widget elementor-widget-text-editor\" data-id=\"d482855\" data-element_type=\"widget\" data-e-type=\"widget\" data-widget_type=\"text-editor.default\">\n\t\t\t\t\t\t\t\t\t<p>M\u016bs\u0173 svetain\u0117 naudoja slapukus, kad u\u017etikrint\u0173 tinkam\u0105 jos veikim\u0105 ir pagerint\u0173 naudotojo patirt\u012f. Slapukai gali b\u016bti:<\/p><ul data-spread=\"false\"><li><p><strong>B\u016btini<\/strong> &#8211; reikalingi e\u2011parduotuv\u0117s veikimui;<\/p><\/li><li><p><strong>Analitiniai<\/strong> &#8211; padeda suprasti, kaip lankytojai naudojasi svetaine;<\/p><\/li><li><p><strong>Funkciniai<\/strong> &#8211; prisimena j\u016bs\u0173 pasirinkimus.<\/p><\/li><\/ul>\t\t\t\t\t\t\t\t<\/div>\n\t\t\t\t<div class=\"elementor-element elementor-element-a7e3aa2 elementor-widget elementor-widget-heading\" data-id=\"a7e3aa2\" data-element_type=\"widget\" data-e-type=\"widget\" data-widget_type=\"heading.default\">\n\t\t\t\t\t<h2 class=\"elementor-heading-title elementor-size-default\">Duomen\u0173 saugojimo laikotarpis<\/h2>\t\t\t\t<\/div>\n\t\t\t\t<div class=\"elementor-element elementor-element-f0d9838 elementor-widget elementor-widget-text-editor\" data-id=\"f0d9838\" data-element_type=\"widget\" data-e-type=\"widget\" data-widget_type=\"text-editor.default\">\n\t\t\t\t\t\t\t\t\t<p>Asmens duomenis saugome tik tiek, kiek tai b\u016btina nustatytiems tikslams pasiekti arba kiek to reikalauja teis\u0117s aktai (pvz., buhalterin\u0117s apskaitos reikalavimai).<\/p>\t\t\t\t\t\t\t\t<\/div>\n\t\t\t\t<div class=\"elementor-element elementor-element-f02f26a elementor-widget elementor-widget-heading\" data-id=\"f02f26a\" data-element_type=\"widget\" data-e-type=\"widget\" data-widget_type=\"heading.default\">\n\t\t\t\t\t<h2 class=\"elementor-heading-title elementor-size-default\">Duomen\u0173 gav\u0117jai<\/h2>\t\t\t\t<\/div>\n\t\t\t\t<div class=\"elementor-element elementor-element-e1cfbc8 elementor-widget elementor-widget-text-editor\" data-id=\"e1cfbc8\" data-element_type=\"widget\" data-e-type=\"widget\" data-widget_type=\"text-editor.default\">\n\t\t\t\t\t\t\t\t\t<p>J\u016bs\u0173 asmens duomenys gali b\u016bti perduodami:<\/p><ul data-spread=\"false\"><li><p>Mok\u0117jimo paslaug\u0173 teik\u0117jams (bankams, mok\u0117jimo platformoms);<\/p><\/li><li><p>IT ir svetain\u0117s prie\u017ei\u016bros paslaug\u0173 teik\u0117jams;<\/p><\/li><li><p>Valstyb\u0117s institucijoms, kai to reikalauja teis\u0117s aktai.<\/p><\/li><\/ul>\t\t\t\t\t\t\t\t<\/div>\n\t\t\t\t<div class=\"elementor-element elementor-element-08854ac elementor-widget elementor-widget-heading\" data-id=\"08854ac\" data-element_type=\"widget\" data-e-type=\"widget\" data-widget_type=\"heading.default\">\n\t\t\t\t\t<h2 class=\"elementor-heading-title elementor-size-default\">J\u016bs\u0173 teis\u0117s<\/h2>\t\t\t\t<\/div>\n\t\t\t\t<div class=\"elementor-element elementor-element-f2f0af8 elementor-widget elementor-widget-text-editor\" data-id=\"f2f0af8\" data-element_type=\"widget\" data-e-type=\"widget\" data-widget_type=\"text-editor.default\">\n\t\t\t\t\t\t\t\t\t<p>J\u016bs turite teis\u0119:<\/p><ul data-spread=\"false\"><li><p>Gauti informacij\u0105 apie savo duomen\u0173 tvarkym\u0105;<\/p><\/li><li><p>Susipa\u017einti su savo asmens duomenimis;<\/p><\/li><li><p>Reikalauti i\u0161taisyti netikslius duomenis;<\/p><\/li><li><p>Reikalauti i\u0161trinti duomenis (\u201eteis\u0117 b\u016bti pamir\u0161tam\u201c), kai tai leid\u017eia teis\u0117s aktai;<\/p><\/li><li><p>Apriboti duomen\u0173 tvarkym\u0105;<\/p><\/li><li><p>Pateikti skund\u0105 Valstybinei duomen\u0173 apsaugos inspekcijai.<\/p><\/li><\/ul>\t\t\t\t\t\t\t\t<\/div>\n\t\t\t\t<div class=\"elementor-element elementor-element-0b453ae elementor-widget elementor-widget-heading\" data-id=\"0b453ae\" data-element_type=\"widget\" data-e-type=\"widget\" data-widget_type=\"heading.default\">\n\t\t\t\t\t<h2 class=\"elementor-heading-title elementor-size-default\">Privatumo politikos keitimas<\/h2>\t\t\t\t<\/div>\n\t\t\t\t<div class=\"elementor-element elementor-element-7a8639c elementor-widget elementor-widget-text-editor\" data-id=\"7a8639c\" data-element_type=\"widget\" data-e-type=\"widget\" data-widget_type=\"text-editor.default\">\n\t\t\t\t\t\t\t\t\t<p>Muziejus pasilieka teis\u0119 bet kada atnaujinti \u0161i\u0105 privatumo politik\u0105. Atnaujinta versija bus paskelbta \u0161ioje svetain\u0117je.<\/p>\t\t\t\t\t\t\t\t<\/div>\n\t\t\t\t\t<\/div>\n\t\t\t\t<\/div>\n\t\t\t\t<\/div>","protected":false},"excerpt":{"rendered":"<p>Privatumo Politika Paskutin\u012f kart\u0105 atnaujinta: 2026-01-07 \u0160i privatumo politika paai\u0161kina, kaip Me\u0161kin\u0173 muziejus &#8222;Plushy B 55&#8221; (toliau \u2013 Muziejus, mes) [&hellip;]<\/p>\n","protected":false},"author":1,"featured_media":0,"parent":0,"menu_order":0,"comment_status":"closed","ping_status":"closed","template":"","meta":{"site-sidebar-layout":"no-sidebar","site-content-layout":"","ast-site-content-layout":"full-width-container","site-content-style":"default","site-sidebar-style":"default","ast-global-header-display":"","ast-banner-title-visibility":"","ast-main-header-display":"","ast-hfb-above-header-display":"","ast-hfb-below-header-display":"","ast-hfb-mobile-header-display":"","site-post-title":"disabled","ast-breadcrumbs-content":"","ast-featured-img":"disabled","footer-sml-layout":"","ast-disable-related-posts":"","theme-transparent-header-meta":"","adv-header-id-meta":"","stick-header-meta":"","header-above-stick-meta":"","header-main-stick-meta":"","header-below-stick-meta":"","astra-migrate-meta-layouts":"default","ast-page-background-enabled":"default","ast-page-background-meta":{"desktop":{"background-color":"var(--ast-global-color-5)","background-image":"","background-repeat":"repeat","background-position":"center center","background-size":"auto","background-attachment":"scroll","background-type":"","background-media":"","overlay-type":"","overlay-color":"","overlay-opacity":"","overlay-gradient":""},"tablet":{"background-color":"","background-image":"","background-repeat":"repeat","background-position":"center center","background-size":"auto","background-attachment":"scroll","background-type":"","background-media":"","overlay-type":"","overlay-color":"","overlay-opacity":"","overlay-gradient":""},"mobile":{"background-color":"","background-image":"","background-repeat":"repeat","background-position":"center center","background-size":"auto","background-attachment":"scroll","background-type":"","background-media":"","overlay-type":"","overlay-color":"","overlay-opacity":"","overlay-gradient":""}},"ast-content-background-meta":{"desktop":{"background-color":"var(--ast-global-color-4)","background-image":"","background-repeat":"repeat","background-position":"center center","background-size":"auto","background-attachment":"scroll","background-type":"","background-media":"","overlay-type":"","overlay-color":"","overlay-opacity":"","overlay-gradient":""},"tablet":{"background-color":"var(--ast-global-color-4)","background-image":"","background-repeat":"repeat","background-position":"center center","background-size":"auto","background-attachment":"scroll","background-type":"","background-media":"","overlay-type":"","overlay-color":"","overlay-opacity":"","overlay-gradient":""},"mobile":{"background-color":"var(--ast-global-color-4)","background-image":"","background-repeat":"repeat","background-position":"center center","background-size":"auto","background-attachment":"scroll","background-type":"","background-media":"","overlay-type":"","overlay-color":"","overlay-opacity":"","overlay-gradient":""}},"footnotes":""},"class_list":["post-80","page","type-page","status-publish","hentry"],"yoast_head":"<!-- This site is optimized with the Yoast SEO plugin v27.4 - https:\/\/yoast.com\/product\/yoast-seo-wordpress\/ -->\n<title>Privatumo Politika - PlushyB 55 - Me\u0161kin\u0173 Muziejus<\/title>\n<meta name=\"description\" content=\"\u0160i privatumo politika paai\u0161kina, kaip me\u0161kin\u0173 muziejus \u201ePlushyB 55\u201c renka, naudoja ir saugo lankytoj\u0173 bei svetain\u0117s naudotoj\u0173 asmens duomenis.\" \/>\n<meta name=\"robots\" content=\"index, follow, max-snippet:-1, max-image-preview:large, max-video-preview:-1\" \/>\n<link rel=\"canonical\" href=\"https:\/\/meskinumuziejus.lt\/en\/privatumo-politika\/\" \/>\n<meta property=\"og:locale\" content=\"en_GB\" \/>\n<meta property=\"og:type\" content=\"article\" \/>\n<meta property=\"og:title\" content=\"Privatumo Politika - PlushyB 55 - Me\u0161kin\u0173 Muziejus\" \/>\n<meta property=\"og:description\" content=\"\u0160i privatumo politika paai\u0161kina, kaip me\u0161kin\u0173 muziejus \u201ePlushyB 55\u201c renka, naudoja ir saugo lankytoj\u0173 bei svetain\u0117s naudotoj\u0173 asmens duomenis.\" \/>\n<meta property=\"og:url\" content=\"https:\/\/meskinumuziejus.lt\/en\/privatumo-politika\/\" \/>\n<meta property=\"og:site_name\" content=\"meskinumuziejus.lt\" \/>\n<meta property=\"article:modified_time\" content=\"2026-02-13T09:20:15+00:00\" \/>\n<meta name=\"twitter:card\" content=\"summary_large_image\" \/>\n<meta name=\"twitter:label1\" content=\"Estimated reading time\" \/>\n\t<meta name=\"twitter:data1\" content=\"2 minutes\" \/>\n<script type=\"application\/ld+json\" class=\"yoast-schema-graph\">{\"@context\":\"https:\\\/\\\/schema.org\",\"@graph\":[{\"@type\":\"WebPage\",\"@id\":\"https:\\\/\\\/meskinumuziejus.lt\\\/privatumo-politika\\\/\",\"url\":\"https:\\\/\\\/meskinumuziejus.lt\\\/privatumo-politika\\\/\",\"name\":\"Privatumo Politika - PlushyB 55 - Me\u0161kin\u0173 Muziejus\",\"isPartOf\":{\"@id\":\"https:\\\/\\\/meskinumuziejus.lt\\\/#website\"},\"datePublished\":\"2025-11-18T09:28:00+00:00\",\"dateModified\":\"2026-02-13T09:20:15+00:00\",\"description\":\"\u0160i privatumo politika paai\u0161kina, kaip me\u0161kin\u0173 muziejus \u201ePlushyB 55\u201c renka, naudoja ir saugo lankytoj\u0173 bei svetain\u0117s naudotoj\u0173 asmens duomenis.\",\"breadcrumb\":{\"@id\":\"https:\\\/\\\/meskinumuziejus.lt\\\/privatumo-politika\\\/#breadcrumb\"},\"inLanguage\":\"en-GB\",\"potentialAction\":[{\"@type\":\"ReadAction\",\"target\":[\"https:\\\/\\\/meskinumuziejus.lt\\\/privatumo-politika\\\/\"]}]},{\"@type\":\"BreadcrumbList\",\"@id\":\"https:\\\/\\\/meskinumuziejus.lt\\\/privatumo-politika\\\/#breadcrumb\",\"itemListElement\":[{\"@type\":\"ListItem\",\"position\":1,\"name\":\"Home\",\"item\":\"https:\\\/\\\/meskinumuziejus.lt\\\/\"},{\"@type\":\"ListItem\",\"position\":2,\"name\":\"Privatumo Politika\"}]},{\"@type\":\"WebSite\",\"@id\":\"https:\\\/\\\/meskinumuziejus.lt\\\/#website\",\"url\":\"https:\\\/\\\/meskinumuziejus.lt\\\/\",\"name\":\"meskinumuziejus.lt\",\"description\":\"\",\"publisher\":{\"@id\":\"https:\\\/\\\/meskinumuziejus.lt\\\/#organization\"},\"potentialAction\":[{\"@type\":\"SearchAction\",\"target\":{\"@type\":\"EntryPoint\",\"urlTemplate\":\"https:\\\/\\\/meskinumuziejus.lt\\\/?s={search_term_string}\"},\"query-input\":{\"@type\":\"PropertyValueSpecification\",\"valueRequired\":true,\"valueName\":\"search_term_string\"}}],\"inLanguage\":\"en-GB\"},{\"@type\":\"Organization\",\"@id\":\"https:\\\/\\\/meskinumuziejus.lt\\\/#organization\",\"name\":\"meskinumuziejus.lt\",\"url\":\"https:\\\/\\\/meskinumuziejus.lt\\\/\",\"logo\":{\"@type\":\"ImageObject\",\"inLanguage\":\"en-GB\",\"@id\":\"https:\\\/\\\/meskinumuziejus.lt\\\/#\\\/schema\\\/logo\\\/image\\\/\",\"url\":\"https:\\\/\\\/meskinumuziejus.lt\\\/wp-content\\\/uploads\\\/2026\\\/01\\\/cropped-muziejaus_logotipas__1_-removebg-preview-1.png\",\"contentUrl\":\"https:\\\/\\\/meskinumuziejus.lt\\\/wp-content\\\/uploads\\\/2026\\\/01\\\/cropped-muziejaus_logotipas__1_-removebg-preview-1.png\",\"width\":512,\"height\":512,\"caption\":\"meskinumuziejus.lt\"},\"image\":{\"@id\":\"https:\\\/\\\/meskinumuziejus.lt\\\/#\\\/schema\\\/logo\\\/image\\\/\"}}]}<\/script>\n<!-- \/ Yoast SEO plugin. -->","yoast_head_json":{"title":"Privatumo Politika - PlushyB 55 - Me\u0161kin\u0173 Muziejus","description":"\u0160i privatumo politika paai\u0161kina, kaip me\u0161kin\u0173 muziejus \u201ePlushyB 55\u201c renka, naudoja ir saugo lankytoj\u0173 bei svetain\u0117s naudotoj\u0173 asmens duomenis.","robots":{"index":"index","follow":"follow","max-snippet":"max-snippet:-1","max-image-preview":"max-image-preview:large","max-video-preview":"max-video-preview:-1"},"canonical":"https:\/\/meskinumuziejus.lt\/en\/privatumo-politika\/","og_locale":"en_GB","og_type":"article","og_title":"Privatumo Politika - PlushyB 55 - Me\u0161kin\u0173 Muziejus","og_description":"\u0160i privatumo politika paai\u0161kina, kaip me\u0161kin\u0173 muziejus \u201ePlushyB 55\u201c renka, naudoja ir saugo lankytoj\u0173 bei svetain\u0117s naudotoj\u0173 asmens duomenis.","og_url":"https:\/\/meskinumuziejus.lt\/en\/privatumo-politika\/","og_site_name":"meskinumuziejus.lt","article_modified_time":"2026-02-13T09:20:15+00:00","twitter_card":"summary_large_image","twitter_misc":{"Estimated reading time":"2 minutes"},"schema":{"@context":"https:\/\/schema.org","@graph":[{"@type":"WebPage","@id":"https:\/\/meskinumuziejus.lt\/privatumo-politika\/","url":"https:\/\/meskinumuziejus.lt\/privatumo-politika\/","name":"Privatumo Politika - PlushyB 55 - Me\u0161kin\u0173 Muziejus","isPartOf":{"@id":"https:\/\/meskinumuziejus.lt\/#website"},"datePublished":"2025-11-18T09:28:00+00:00","dateModified":"2026-02-13T09:20:15+00:00","description":"\u0160i privatumo politika paai\u0161kina, kaip me\u0161kin\u0173 muziejus \u201ePlushyB 55\u201c renka, naudoja ir saugo lankytoj\u0173 bei svetain\u0117s naudotoj\u0173 asmens duomenis.","breadcrumb":{"@id":"https:\/\/meskinumuziejus.lt\/privatumo-politika\/#breadcrumb"},"inLanguage":"en-GB","potentialAction":[{"@type":"ReadAction","target":["https:\/\/meskinumuziejus.lt\/privatumo-politika\/"]}]},{"@type":"BreadcrumbList","@id":"https:\/\/meskinumuziejus.lt\/privatumo-politika\/#breadcrumb","itemListElement":[{"@type":"ListItem","position":1,"name":"Home","item":"https:\/\/meskinumuziejus.lt\/"},{"@type":"ListItem","position":2,"name":"Privatumo Politika"}]},{"@type":"WebSite","@id":"https:\/\/meskinumuziejus.lt\/#website","url":"https:\/\/meskinumuziejus.lt\/","name":"meskinumuziejus.lt","description":"","publisher":{"@id":"https:\/\/meskinumuziejus.lt\/#organization"},"potentialAction":[{"@type":"SearchAction","target":{"@type":"EntryPoint","urlTemplate":"https:\/\/meskinumuziejus.lt\/?s={search_term_string}"},"query-input":{"@type":"PropertyValueSpecification","valueRequired":true,"valueName":"search_term_string"}}],"inLanguage":"en-GB"},{"@type":"Organization","@id":"https:\/\/meskinumuziejus.lt\/#organization","name":"meskinumuziejus.lt","url":"https:\/\/meskinumuziejus.lt\/","logo":{"@type":"ImageObject","inLanguage":"en-GB","@id":"https:\/\/meskinumuziejus.lt\/#\/schema\/logo\/image\/","url":"https:\/\/meskinumuziejus.lt\/wp-content\/uploads\/2026\/01\/cropped-muziejaus_logotipas__1_-removebg-preview-1.png","contentUrl":"https:\/\/meskinumuziejus.lt\/wp-content\/uploads\/2026\/01\/cropped-muziejaus_logotipas__1_-removebg-preview-1.png","width":512,"height":512,"caption":"meskinumuziejus.lt"},"image":{"@id":"https:\/\/meskinumuziejus.lt\/#\/schema\/logo\/image\/"}}]}},"_hostinger_reach_plugin_has_subscription_block":false,"_hostinger_reach_plugin_is_elementor":false,"_links":{"self":[{"href":"https:\/\/meskinumuziejus.lt\/en\/wp-json\/wp\/v2\/pages\/80","targetHints":{"allow":["GET"]}}],"collection":[{"href":"https:\/\/meskinumuziejus.lt\/en\/wp-json\/wp\/v2\/pages"}],"about":[{"href":"https:\/\/meskinumuziejus.lt\/en\/wp-json\/wp\/v2\/types\/page"}],"author":[{"embeddable":true,"href":"https:\/\/meskinumuziejus.lt\/en\/wp-json\/wp\/v2\/users\/1"}],"replies":[{"embeddable":true,"href":"https:\/\/meskinumuziejus.lt\/en\/wp-json\/wp\/v2\/comments?post=80"}],"version-history":[{"count":7,"href":"https:\/\/meskinumuziejus.lt\/en\/wp-json\/wp\/v2\/pages\/80\/revisions"}],"predecessor-version":[{"id":270,"href":"https:\/\/meskinumuziejus.lt\/en\/wp-json\/wp\/v2\/pages\/80\/revisions\/270"}],"wp:attachment":[{"href":"https:\/\/meskinumuziejus.lt\/en\/wp-json\/wp\/v2\/media?parent=80"}],"curies":[{"name":"wp","href":"https:\/\/api.w.org\/{rel}","templated":true}]}}