{"id":1025,"date":"2026-03-24T20:14:40","date_gmt":"2026-03-24T20:14:40","guid":{"rendered":"https:\/\/meskinumuziejus.lt\/?post_type=product&#038;p=1025"},"modified":"2026-04-20T10:40:13","modified_gmt":"2026-04-20T10:40:13","slug":"meskiuko-bilietas","status":"publish","type":"product","link":"https:\/\/meskinumuziejus.lt\/en\/product\/meskiuko-bilietas\/","title":{"rendered":"Me\u0161kiuko bilietas, Visi bilietai 6 eur."},"content":{"rendered":"<h3 data-section-id=\"1u42iv1\" data-start=\"452\" data-end=\"478\"><strong data-start=\"107\" data-end=\"146\">Me\u0161kin\u0173 muziejaus kuponas tik u\u017e 6 Eur!\u00a0<\/strong><\/h3>\n<p data-start=\"148\" data-end=\"314\">Nepraleisk progos apsilankyti jaukiausiame Me\u0161kin\u0173 pasaulyje u\u017e ypating\u0105 kain\u0105! \u012esigytas kuponas galioja iki 2026 m. rugs\u0117jo 24 d. ir suteikia galimyb\u0119 vien\u0105 kart\u0105 apsilankyti Me\u0161kin\u0173 muziejuje Jums patogiu metu \u2013 pasirinkite bet kur\u012f savaitgal\u012f.<\/p>\n<h3 data-section-id=\"1u42iv1\" data-start=\"452\" data-end=\"478\"><strong data-start=\"107\" data-end=\"146\">Kod\u0117l verta pasinaudoti pasi\u016blymu?<\/strong><\/h3>\n<ul>\n<li class=\"html-div xexx8yu xyri2b x18d9i69 x1c1uobl x1gslohp x14z9mp x12nagc x1lziwak x1yc453h x126k92a x18lvrbx\" dir=\"auto\">Apsilankymas Me\u0161kin\u0173 muziejuje u\u017e ypating\u0105 kain\u0105 \u2013 tik 6 Eur.<\/li>\n<li dir=\"auto\">Kuponas skirtas vienam asmeniui ir galioja vienkartiniam apsilankymui Me\u0161kin\u0173 muziejuje.<\/li>\n<li class=\"html-div xexx8yu xyri2b x18d9i69 x1c1uobl x1gslohp x14z9mp x12nagc x1lziwak x1yc453h x126k92a x18lvrbx\" dir=\"auto\">Lankstus pasirinkimas \u2013 atvykstate Jums patog\u0173 savaitgal\u012f.<\/li>\n<li class=\"html-div xexx8yu xyri2b x18d9i69 x1c1uobl x1gslohp x14z9mp x12nagc x1lziwak x1yc453h x126k92a x18lvrbx\" dir=\"auto\">Unikali patirtis visai \u0161eimai tarp \u0161imt\u0173 me\u0161kiuk\u0173.<\/li>\n<\/ul>\n<h3 data-section-id=\"1u42iv1\" data-start=\"452\" data-end=\"478\">Kaip panaudoti kupon\u0105?<\/h3>\n<p data-start=\"480\" data-end=\"600\">Pasirinkite norim\u0105 apsilankymo dat\u0105 ir para\u0161ykite mums el. pa\u0161tu info@meskinumuziejus.lt, prid\u0117dami kupono nuotrauk\u0105.<\/p>\n<p data-start=\"602\" data-end=\"687\"><strong data-start=\"602\" data-end=\"613\">Svarbu:<\/strong> kuponas negalioja per www.bilietai.lt ar www.meskinumuziejus.lt sistemas.<\/p>","protected":false},"excerpt":{"rendered":"<div class=\"html-div xdj266r x14z9mp xat24cr x1lziwak xexx8yu xyri2b x18d9i69 x1c1uobl x6ikm8r x10wlt62\">\n<div class=\"html-div xdj266r x14z9mp xat24cr x1lziwak x14ctfv x13sv91t x6ikm8r x10wlt62 xerhiuh x1pn3fxy x10zy8in xm9bcq3 x1n2onr6 x1vjfegm x1k4qllp x1mzt3pk x13faqbe x1xr0vuk x1jm4cbz x114wg8e xrrpcnn x14rx4xb x13fuv20 x18b5jzi x1q0q8m5 x1t7ytsu x19livfd x1h2krnu x3p3xfz xet2kk3 xaymx6s x1lu5o8o x1ou5ly4 x1pczhz8\" role=\"presentation\">\n<h3 data-section-id=\"1u42iv1\" data-start=\"452\" data-end=\"478\"><strong data-start=\"107\" data-end=\"146\">Me\u0161kin\u0173 muziejaus kuponas tik u\u017e 6 Eur!\u00a0<\/strong><\/h3>\n<p data-start=\"148\" data-end=\"314\">Nepraleisk progos apsilankyti jaukiausiame Me\u0161kin\u0173 pasaulyje u\u017e ypating\u0105 kain\u0105! \u012esigytas kuponas galioja iki 2026 m. rugs\u0117jo 24 d. ir suteikia galimyb\u0119 vien\u0105 kart\u0105 apsilankyti Me\u0161kin\u0173 muziejuje Jums patogiu metu \u2013 pasirinkite bet kur\u012f savaitgal\u012f.<\/p>\n<h3 data-section-id=\"1u42iv1\" data-start=\"452\" data-end=\"478\"><strong data-start=\"107\" data-end=\"146\">Kod\u0117l verta pasinaudoti pasi\u016blymu?<\/strong><\/h3>\n<ul>\n<li class=\"html-div xexx8yu xyri2b x18d9i69 x1c1uobl x1gslohp x14z9mp x12nagc x1lziwak x1yc453h x126k92a x18lvrbx\" dir=\"auto\">Apsilankymas Me\u0161kin\u0173 muziejuje u\u017e ypating\u0105 kain\u0105 \u2013 tik 6 Eur.<\/li>\n<li>Kuponas skirtas vienam asmeniui ir galioja vienkartiniam apsilankymui Me\u0161kin\u0173 muziejuje.<\/li>\n<li class=\"html-div xexx8yu xyri2b x18d9i69 x1c1uobl x1gslohp x14z9mp x12nagc x1lziwak x1yc453h x126k92a x18lvrbx\" dir=\"auto\">Lankstus pasirinkimas \u2013 atvykstate Jums patog\u0173 savaitgal\u012f .<\/li>\n<li class=\"html-div xexx8yu xyri2b x18d9i69 x1c1uobl x1gslohp x14z9mp x12nagc x1lziwak x1yc453h x126k92a x18lvrbx\" dir=\"auto\">Unikali patirtis visai \u0161eimai tarp \u0161imt\u0173 me\u0161kiuk\u0173<\/li>\n<\/ul>\n<h3 data-section-id=\"1u42iv1\" data-start=\"452\" data-end=\"478\">Kaip panaudoti kupon\u0105?<\/h3>\n<p data-start=\"480\" data-end=\"600\">Pasirinkite norim\u0105 apsilankymo dat\u0105 ir para\u0161ykite mums el. pa\u0161tu info@meskinumuziejus.lt, prid\u0117dami kupono nuotrauk\u0105.<\/p>\n<p data-start=\"602\" data-end=\"687\"><strong data-start=\"602\" data-end=\"613\">Svarbu:<\/strong> kuponas negalioja per www.bilietai.lt ar www.meskinumuziejus.lt sistemas.<\/p>\n<\/div>\n<\/div>","protected":false},"featured_media":1047,"comment_status":"open","ping_status":"closed","template":"","meta":{"site-sidebar-layout":"default","site-content-layout":"","ast-site-content-layout":"default","site-content-style":"default","site-sidebar-style":"default","ast-global-header-display":"","ast-banner-title-visibility":"","ast-main-header-display":"","ast-hfb-above-header-display":"","ast-hfb-below-header-display":"","ast-hfb-mobile-header-display":"","site-post-title":"","ast-breadcrumbs-content":"","ast-featured-img":"","footer-sml-layout":"","ast-disable-related-posts":"","theme-transparent-header-meta":"default","adv-header-id-meta":"","stick-header-meta":"","header-above-stick-meta":"","header-main-stick-meta":"","header-below-stick-meta":"","astra-migrate-meta-layouts":"set","ast-page-background-enabled":"default","ast-page-background-meta":{"desktop":{"background-color":"var(--ast-global-color-5)","background-image":"","background-repeat":"repeat","background-position":"center center","background-size":"auto","background-attachment":"scroll","background-type":"","background-media":"","overlay-type":"","overlay-color":"","overlay-opacity":"","overlay-gradient":""},"tablet":{"background-color":"","background-image":"","background-repeat":"repeat","background-position":"center center","background-size":"auto","background-attachment":"scroll","background-type":"","background-media":"","overlay-type":"","overlay-color":"","overlay-opacity":"","overlay-gradient":""},"mobile":{"background-color":"","background-image":"","background-repeat":"repeat","background-position":"center center","background-size":"auto","background-attachment":"scroll","background-type":"","background-media":"","overlay-type":"","overlay-color":"","overlay-opacity":"","overlay-gradient":""}},"ast-content-background-meta":{"desktop":{"background-color":"var(--ast-global-color-4)","background-image":"","background-repeat":"repeat","background-position":"center center","background-size":"auto","background-attachment":"scroll","background-type":"","background-media":"","overlay-type":"","overlay-color":"","overlay-opacity":"","overlay-gradient":""},"tablet":{"background-color":"var(--ast-global-color-4)","background-image":"","background-repeat":"repeat","background-position":"center center","background-size":"auto","background-attachment":"scroll","background-type":"","background-media":"","overlay-type":"","overlay-color":"","overlay-opacity":"","overlay-gradient":""},"mobile":{"background-color":"var(--ast-global-color-4)","background-image":"","background-repeat":"repeat","background-position":"center center","background-size":"auto","background-attachment":"scroll","background-type":"","background-media":"","overlay-type":"","overlay-color":"","overlay-opacity":"","overlay-gradient":""}}},"product_brand":[],"product_cat":[39],"product_tag":[],"class_list":{"0":"post-1025","1":"product","2":"type-product","3":"status-publish","4":"has-post-thumbnail","6":"product_cat-kuponai","7":"desktop-align-left","8":"tablet-align-left","9":"mobile-align-left","11":"first","12":"instock","13":"virtual","14":"taxable","15":"purchasable","16":"product-type-simple"},"yoast_head":"<!-- This site is optimized with the Yoast SEO plugin v27.4 - https:\/\/yoast.com\/product\/yoast-seo-wordpress\/ -->\n<title>Me\u0161kiuko bilietas, Visi bilietai 6 eur. - PlushyB 55 - Me\u0161kin\u0173 Muziejus<\/title>\n<meta name=\"description\" content=\"Me\u0161kin\u0173 muziejaus bilietas tik u\u017e 5 Eur! Nepraleisk progos apsilankyti jaukiausiame Me\u0161kin\u0173 pasaulyje u\u017e ypating\u0105 kain\u0105! Kuponas galioja iki 2026\/09\/24\" \/>\n<meta name=\"robots\" content=\"index, follow, max-snippet:-1, max-image-preview:large, max-video-preview:-1\" \/>\n<link rel=\"canonical\" href=\"https:\/\/meskinumuziejus.lt\/en\/product\/meskiuko-bilietas\/\" \/>\n<meta property=\"og:locale\" content=\"en_GB\" \/>\n<meta property=\"og:type\" content=\"article\" \/>\n<meta property=\"og:title\" content=\"Me\u0161kiuko bilietas, Visi bilietai 6 eur. - PlushyB 55 - Me\u0161kin\u0173 Muziejus\" \/>\n<meta property=\"og:description\" content=\"Me\u0161kin\u0173 muziejaus bilietas tik u\u017e 5 Eur! Nepraleisk progos apsilankyti jaukiausiame Me\u0161kin\u0173 pasaulyje u\u017e ypating\u0105 kain\u0105! Kuponas galioja iki 2026\/09\/24\" \/>\n<meta property=\"og:url\" content=\"https:\/\/meskinumuziejus.lt\/en\/product\/meskiuko-bilietas\/\" \/>\n<meta property=\"og:site_name\" content=\"meskinumuziejus.lt\" \/>\n<meta property=\"article:modified_time\" content=\"2026-04-20T10:40:13+00:00\" \/>\n<meta property=\"og:image\" content=\"https:\/\/meskinumuziejus.lt\/wp-content\/uploads\/2026\/03\/kuponas.png\" \/>\n\t<meta property=\"og:image:width\" content=\"1024\" \/>\n\t<meta property=\"og:image:height\" content=\"1024\" \/>\n\t<meta property=\"og:image:type\" content=\"image\/png\" \/>\n<meta name=\"twitter:card\" content=\"summary_large_image\" \/>\n<meta name=\"twitter:label1\" content=\"Estimated reading time\" \/>\n\t<meta name=\"twitter:data1\" content=\"1 minute\" \/>\n<script type=\"application\/ld+json\" class=\"yoast-schema-graph\">{\"@context\":\"https:\\\/\\\/schema.org\",\"@graph\":[{\"@type\":\"WebPage\",\"@id\":\"https:\\\/\\\/meskinumuziejus.lt\\\/produktas\\\/meskiuko-bilietas\\\/\",\"url\":\"https:\\\/\\\/meskinumuziejus.lt\\\/produktas\\\/meskiuko-bilietas\\\/\",\"name\":\"Me\u0161kiuko bilietas, Visi bilietai 6 eur. - PlushyB 55 - Me\u0161kin\u0173 Muziejus\",\"isPartOf\":{\"@id\":\"https:\\\/\\\/meskinumuziejus.lt\\\/#website\"},\"primaryImageOfPage\":{\"@id\":\"https:\\\/\\\/meskinumuziejus.lt\\\/produktas\\\/meskiuko-bilietas\\\/#primaryimage\"},\"image\":{\"@id\":\"https:\\\/\\\/meskinumuziejus.lt\\\/produktas\\\/meskiuko-bilietas\\\/#primaryimage\"},\"thumbnailUrl\":\"https:\\\/\\\/meskinumuziejus.lt\\\/wp-content\\\/uploads\\\/2026\\\/03\\\/kuponas.png\",\"datePublished\":\"2026-03-24T20:14:40+00:00\",\"dateModified\":\"2026-04-20T10:40:13+00:00\",\"description\":\"Me\u0161kin\u0173 muziejaus bilietas tik u\u017e 5 Eur! Nepraleisk progos apsilankyti jaukiausiame Me\u0161kin\u0173 pasaulyje u\u017e ypating\u0105 kain\u0105! Kuponas galioja iki 2026\\\/09\\\/24\",\"breadcrumb\":{\"@id\":\"https:\\\/\\\/meskinumuziejus.lt\\\/produktas\\\/meskiuko-bilietas\\\/#breadcrumb\"},\"inLanguage\":\"en-GB\",\"potentialAction\":[{\"@type\":\"ReadAction\",\"target\":[\"https:\\\/\\\/meskinumuziejus.lt\\\/produktas\\\/meskiuko-bilietas\\\/\"]}]},{\"@type\":\"ImageObject\",\"inLanguage\":\"en-GB\",\"@id\":\"https:\\\/\\\/meskinumuziejus.lt\\\/produktas\\\/meskiuko-bilietas\\\/#primaryimage\",\"url\":\"https:\\\/\\\/meskinumuziejus.lt\\\/wp-content\\\/uploads\\\/2026\\\/03\\\/kuponas.png\",\"contentUrl\":\"https:\\\/\\\/meskinumuziejus.lt\\\/wp-content\\\/uploads\\\/2026\\\/03\\\/kuponas.png\",\"width\":1024,\"height\":1024},{\"@type\":\"BreadcrumbList\",\"@id\":\"https:\\\/\\\/meskinumuziejus.lt\\\/produktas\\\/meskiuko-bilietas\\\/#breadcrumb\",\"itemListElement\":[{\"@type\":\"ListItem\",\"position\":1,\"name\":\"Home\",\"item\":\"https:\\\/\\\/meskinumuziejus.lt\\\/\"},{\"@type\":\"ListItem\",\"position\":2,\"name\":\"Bilietai\",\"item\":\"https:\\\/\\\/meskinumuziejus.lt\\\/bilietai\\\/\"},{\"@type\":\"ListItem\",\"position\":3,\"name\":\"Me\u0161kiuko bilietas, Visi bilietai 6 eur.\"}]},{\"@type\":\"WebSite\",\"@id\":\"https:\\\/\\\/meskinumuziejus.lt\\\/#website\",\"url\":\"https:\\\/\\\/meskinumuziejus.lt\\\/\",\"name\":\"meskinumuziejus.lt\",\"description\":\"\",\"publisher\":{\"@id\":\"https:\\\/\\\/meskinumuziejus.lt\\\/#organization\"},\"potentialAction\":[{\"@type\":\"SearchAction\",\"target\":{\"@type\":\"EntryPoint\",\"urlTemplate\":\"https:\\\/\\\/meskinumuziejus.lt\\\/?s={search_term_string}\"},\"query-input\":{\"@type\":\"PropertyValueSpecification\",\"valueRequired\":true,\"valueName\":\"search_term_string\"}}],\"inLanguage\":\"en-GB\"},{\"@type\":\"Organization\",\"@id\":\"https:\\\/\\\/meskinumuziejus.lt\\\/#organization\",\"name\":\"meskinumuziejus.lt\",\"url\":\"https:\\\/\\\/meskinumuziejus.lt\\\/\",\"logo\":{\"@type\":\"ImageObject\",\"inLanguage\":\"en-GB\",\"@id\":\"https:\\\/\\\/meskinumuziejus.lt\\\/#\\\/schema\\\/logo\\\/image\\\/\",\"url\":\"https:\\\/\\\/meskinumuziejus.lt\\\/wp-content\\\/uploads\\\/2026\\\/01\\\/cropped-muziejaus_logotipas__1_-removebg-preview-1.png\",\"contentUrl\":\"https:\\\/\\\/meskinumuziejus.lt\\\/wp-content\\\/uploads\\\/2026\\\/01\\\/cropped-muziejaus_logotipas__1_-removebg-preview-1.png\",\"width\":512,\"height\":512,\"caption\":\"meskinumuziejus.lt\"},\"image\":{\"@id\":\"https:\\\/\\\/meskinumuziejus.lt\\\/#\\\/schema\\\/logo\\\/image\\\/\"}}]}<\/script>\n<!-- \/ Yoast SEO plugin. -->","yoast_head_json":{"title":"Me\u0161kiuko bilietas, Visi bilietai 6 eur. - PlushyB 55 - Me\u0161kin\u0173 Muziejus","description":"Me\u0161kin\u0173 muziejaus bilietas tik u\u017e 5 Eur! Nepraleisk progos apsilankyti jaukiausiame Me\u0161kin\u0173 pasaulyje u\u017e ypating\u0105 kain\u0105! Kuponas galioja iki 2026\/09\/24","robots":{"index":"index","follow":"follow","max-snippet":"max-snippet:-1","max-image-preview":"max-image-preview:large","max-video-preview":"max-video-preview:-1"},"canonical":"https:\/\/meskinumuziejus.lt\/en\/product\/meskiuko-bilietas\/","og_locale":"en_GB","og_type":"article","og_title":"Me\u0161kiuko bilietas, Visi bilietai 6 eur. - PlushyB 55 - Me\u0161kin\u0173 Muziejus","og_description":"Me\u0161kin\u0173 muziejaus bilietas tik u\u017e 5 Eur! Nepraleisk progos apsilankyti jaukiausiame Me\u0161kin\u0173 pasaulyje u\u017e ypating\u0105 kain\u0105! Kuponas galioja iki 2026\/09\/24","og_url":"https:\/\/meskinumuziejus.lt\/en\/product\/meskiuko-bilietas\/","og_site_name":"meskinumuziejus.lt","article_modified_time":"2026-04-20T10:40:13+00:00","og_image":[{"width":1024,"height":1024,"url":"https:\/\/meskinumuziejus.lt\/wp-content\/uploads\/2026\/03\/kuponas.png","type":"image\/png"}],"twitter_card":"summary_large_image","twitter_misc":{"Estimated reading time":"1 minute"},"schema":{"@context":"https:\/\/schema.org","@graph":[{"@type":"WebPage","@id":"https:\/\/meskinumuziejus.lt\/produktas\/meskiuko-bilietas\/","url":"https:\/\/meskinumuziejus.lt\/produktas\/meskiuko-bilietas\/","name":"Me\u0161kiuko bilietas, Visi bilietai 6 eur. - PlushyB 55 - Me\u0161kin\u0173 Muziejus","isPartOf":{"@id":"https:\/\/meskinumuziejus.lt\/#website"},"primaryImageOfPage":{"@id":"https:\/\/meskinumuziejus.lt\/produktas\/meskiuko-bilietas\/#primaryimage"},"image":{"@id":"https:\/\/meskinumuziejus.lt\/produktas\/meskiuko-bilietas\/#primaryimage"},"thumbnailUrl":"https:\/\/meskinumuziejus.lt\/wp-content\/uploads\/2026\/03\/kuponas.png","datePublished":"2026-03-24T20:14:40+00:00","dateModified":"2026-04-20T10:40:13+00:00","description":"Me\u0161kin\u0173 muziejaus bilietas tik u\u017e 5 Eur! Nepraleisk progos apsilankyti jaukiausiame Me\u0161kin\u0173 pasaulyje u\u017e ypating\u0105 kain\u0105! Kuponas galioja iki 2026\/09\/24","breadcrumb":{"@id":"https:\/\/meskinumuziejus.lt\/produktas\/meskiuko-bilietas\/#breadcrumb"},"inLanguage":"en-GB","potentialAction":[{"@type":"ReadAction","target":["https:\/\/meskinumuziejus.lt\/produktas\/meskiuko-bilietas\/"]}]},{"@type":"ImageObject","inLanguage":"en-GB","@id":"https:\/\/meskinumuziejus.lt\/produktas\/meskiuko-bilietas\/#primaryimage","url":"https:\/\/meskinumuziejus.lt\/wp-content\/uploads\/2026\/03\/kuponas.png","contentUrl":"https:\/\/meskinumuziejus.lt\/wp-content\/uploads\/2026\/03\/kuponas.png","width":1024,"height":1024},{"@type":"BreadcrumbList","@id":"https:\/\/meskinumuziejus.lt\/produktas\/meskiuko-bilietas\/#breadcrumb","itemListElement":[{"@type":"ListItem","position":1,"name":"Home","item":"https:\/\/meskinumuziejus.lt\/"},{"@type":"ListItem","position":2,"name":"Bilietai","item":"https:\/\/meskinumuziejus.lt\/bilietai\/"},{"@type":"ListItem","position":3,"name":"Me\u0161kiuko bilietas, Visi bilietai 6 eur."}]},{"@type":"WebSite","@id":"https:\/\/meskinumuziejus.lt\/#website","url":"https:\/\/meskinumuziejus.lt\/","name":"meskinumuziejus.lt","description":"","publisher":{"@id":"https:\/\/meskinumuziejus.lt\/#organization"},"potentialAction":[{"@type":"SearchAction","target":{"@type":"EntryPoint","urlTemplate":"https:\/\/meskinumuziejus.lt\/?s={search_term_string}"},"query-input":{"@type":"PropertyValueSpecification","valueRequired":true,"valueName":"search_term_string"}}],"inLanguage":"en-GB"},{"@type":"Organization","@id":"https:\/\/meskinumuziejus.lt\/#organization","name":"meskinumuziejus.lt","url":"https:\/\/meskinumuziejus.lt\/","logo":{"@type":"ImageObject","inLanguage":"en-GB","@id":"https:\/\/meskinumuziejus.lt\/#\/schema\/logo\/image\/","url":"https:\/\/meskinumuziejus.lt\/wp-content\/uploads\/2026\/01\/cropped-muziejaus_logotipas__1_-removebg-preview-1.png","contentUrl":"https:\/\/meskinumuziejus.lt\/wp-content\/uploads\/2026\/01\/cropped-muziejaus_logotipas__1_-removebg-preview-1.png","width":512,"height":512,"caption":"meskinumuziejus.lt"},"image":{"@id":"https:\/\/meskinumuziejus.lt\/#\/schema\/logo\/image\/"}}]}},"_links":{"self":[{"href":"https:\/\/meskinumuziejus.lt\/en\/wp-json\/wp\/v2\/product\/1025","targetHints":{"allow":["GET"]}}],"collection":[{"href":"https:\/\/meskinumuziejus.lt\/en\/wp-json\/wp\/v2\/product"}],"about":[{"href":"https:\/\/meskinumuziejus.lt\/en\/wp-json\/wp\/v2\/types\/product"}],"replies":[{"embeddable":true,"href":"https:\/\/meskinumuziejus.lt\/en\/wp-json\/wp\/v2\/comments?post=1025"}],"wp:featuredmedia":[{"embeddable":true,"href":"https:\/\/meskinumuziejus.lt\/en\/wp-json\/wp\/v2\/media\/1047"}],"wp:attachment":[{"href":"https:\/\/meskinumuziejus.lt\/en\/wp-json\/wp\/v2\/media?parent=1025"}],"wp:term":[{"taxonomy":"product_brand","embeddable":true,"href":"https:\/\/meskinumuziejus.lt\/en\/wp-json\/wp\/v2\/product_brand?post=1025"},{"taxonomy":"product_cat","embeddable":true,"href":"https:\/\/meskinumuziejus.lt\/en\/wp-json\/wp\/v2\/product_cat?post=1025"},{"taxonomy":"product_tag","embeddable":true,"href":"https:\/\/meskinumuziejus.lt\/en\/wp-json\/wp\/v2\/product_tag?post=1025"}],"curies":[{"name":"wp","href":"https:\/\/api.w.org\/{rel}","templated":true}]}}