{"id":1465,"date":"2026-03-10T15:36:43","date_gmt":"2026-03-10T15:36:43","guid":{"rendered":"https:\/\/meskinumuziejus.lt\/produktas\/"},"modified":"2026-03-31T16:29:35","modified_gmt":"2026-03-31T16:29:35","slug":"meskinu-muziejaus-bilietas-sekmadienis-05-10","status":"publish","type":"product","link":"https:\/\/meskinumuziejus.lt\/en\/product\/meskinu-muziejaus-bilietas-sekmadienis-05-10\/","title":{"rendered":"Me\u0161kin\u0173 muziejaus bilietas Sekmadienis 05\/10"},"content":{"rendered":"","protected":false},"excerpt":{"rendered":"<p>Gegu\u017e\u0117s 10d.<\/p>\n<p>Vaikai iki 2 met\u0173 \u012fleid\u017eiami nemokamai.<\/p>\n<p>\u0160eimos bilietas: 2 suaug\u0119 + 2 vaikai.<\/p>\n<p>Me\u0161kin\u0173 muziejaus darbo laikas 10:00 \u2013 15:00.<\/p>\n<p>Vilniuje atidarytas muziejus, kuriame me\u0161kiukai pasakoja savo istorijas, o lankytojai tampa j\u0173 pasaulio dalimi. \u201ePLUSHY B 55\u201c \u2013 pirmasis ir vienintelis me\u0161kin\u0173 muziejus Lietuvoje, kvie\u010diantis vaikus pasinerti \u012f pasak\u0105, o suaugusiuosius trumpam sugr\u012f\u017eti \u012f vaikyst\u0119. Tai ne tik muziejus, bet ir patirtis, jungianti kult\u016br\u0105, \u017eaidim\u0105 ir edukacij\u0105. Muziejus veikia kartu su Raganiuk\u0117s teatru ir yra sukurtas taip, kad kiekvienas apsilankymas tapt\u0173 bendru \u0161eimos prisiminimu. Muziejuje pristatoma i\u0161skirtin\u0117 me\u0161kiuk\u0173 kolekcija i\u0161 \u012fvairi\u0173 pasaulio \u0161ali\u0173. Kiekvienas eksponatas turi savo istorij\u0105 \u2013 nuo \u0161imtmet\u012f menan\u010di\u0173, itin ret\u0173 kolekcini\u0173 me\u0161kin\u0173 iki \u0161iuolaikini\u0173, moderni\u0173 k\u016brini\u0173. Kai kurie j\u0173 priklauso ypa\u010d vertingoms ir sunkiai randamoms kolekcijoms. Me\u0161kin\u0173 muziejuje taip pat rasite Me\u0161kin\u0173 supynes, Mik\u0117s P\u016bkuotuko uol\u0105, Pand\u0173 girait\u0119, Margaret\u0117s Steiff kambar\u012f ir paveiksl\u0173 parod\u0173 sal\u0119. \u010cia gal\u0117site fotografuotis su me\u0161kiukais ir patirti smag\u0173 bei turining\u0105 laisvalaik\u012f.<\/p>","protected":false},"featured_media":1345,"comment_status":"open","ping_status":"closed","template":"","meta":{"site-sidebar-layout":"default","site-content-layout":"","ast-site-content-layout":"default","site-content-style":"default","site-sidebar-style":"default","ast-global-header-display":"","ast-banner-title-visibility":"","ast-main-header-display":"","ast-hfb-above-header-display":"","ast-hfb-below-header-display":"","ast-hfb-mobile-header-display":"","site-post-title":"","ast-breadcrumbs-content":"","ast-featured-img":"","footer-sml-layout":"","ast-disable-related-posts":"","theme-transparent-header-meta":"default","adv-header-id-meta":"","stick-header-meta":"","header-above-stick-meta":"","header-main-stick-meta":"","header-below-stick-meta":"","astra-migrate-meta-layouts":"set","ast-page-background-enabled":"default","ast-page-background-meta":{"desktop":{"background-color":"var(--ast-global-color-5)","background-image":"","background-repeat":"repeat","background-position":"center center","background-size":"auto","background-attachment":"scroll","background-type":"","background-media":"","overlay-type":"","overlay-color":"","overlay-opacity":"","overlay-gradient":""},"tablet":{"background-color":"","background-image":"","background-repeat":"repeat","background-position":"center center","background-size":"auto","background-attachment":"scroll","background-type":"","background-media":"","overlay-type":"","overlay-color":"","overlay-opacity":"","overlay-gradient":""},"mobile":{"background-color":"","background-image":"","background-repeat":"repeat","background-position":"center center","background-size":"auto","background-attachment":"scroll","background-type":"","background-media":"","overlay-type":"","overlay-color":"","overlay-opacity":"","overlay-gradient":""}},"ast-content-background-meta":{"desktop":{"background-color":"var(--ast-global-color-4)","background-image":"","background-repeat":"repeat","background-position":"center center","background-size":"auto","background-attachment":"scroll","background-type":"","background-media":"","overlay-type":"","overlay-color":"","overlay-opacity":"","overlay-gradient":""},"tablet":{"background-color":"var(--ast-global-color-4)","background-image":"","background-repeat":"repeat","background-position":"center center","background-size":"auto","background-attachment":"scroll","background-type":"","background-media":"","overlay-type":"","overlay-color":"","overlay-opacity":"","overlay-gradient":""},"mobile":{"background-color":"var(--ast-global-color-4)","background-image":"","background-repeat":"repeat","background-position":"center center","background-size":"auto","background-attachment":"scroll","background-type":"","background-media":"","overlay-type":"","overlay-color":"","overlay-opacity":"","overlay-gradient":""}}},"product_brand":[],"product_cat":[30],"product_tag":[],"class_list":{"0":"post-1465","1":"product","2":"type-product","3":"status-publish","4":"has-post-thumbnail","6":"product_cat-bilietai","7":"desktop-align-left","8":"tablet-align-left","9":"mobile-align-left","11":"first","12":"instock","13":"taxable","14":"shipping-taxable","15":"purchasable","16":"product-type-variable"},"yoast_head":"<!-- This site is optimized with the Yoast SEO plugin v27.4 - https:\/\/yoast.com\/product\/yoast-seo-wordpress\/ -->\n<title>Me\u0161kin\u0173 muziejaus bilietas Sekmadienis 05\/10 - meskinumuziejus.lt<\/title>\n<meta name=\"robots\" content=\"index, follow, max-snippet:-1, max-image-preview:large, max-video-preview:-1\" \/>\n<link rel=\"canonical\" href=\"https:\/\/meskinumuziejus.lt\/en\/product\/meskinu-muziejaus-bilietas-sekmadienis-05-10\/\" \/>\n<meta property=\"og:locale\" content=\"en_GB\" \/>\n<meta property=\"og:type\" content=\"article\" \/>\n<meta property=\"og:title\" content=\"Me\u0161kin\u0173 muziejaus bilietas Sekmadienis 05\/10 - meskinumuziejus.lt\" \/>\n<meta property=\"og:description\" content=\"Gegu\u017e\u0117s 10d.  Vaikai iki 2 met\u0173 \u012fleid\u017eiami nemokamai.  \u0160eimos bilietas: 2 suaug\u0119 + 2 vaikai.  Me\u0161kin\u0173 muziejaus darbo laikas 10:00 \u2013 15:00.  Vilniuje atidarytas muziejus, kuriame me\u0161kiukai pasakoja savo istorijas, o lankytojai tampa j\u0173 pasaulio dalimi. \u201ePLUSHY B 55\u201c \u2013 pirmasis ir vienintelis me\u0161kin\u0173 muziejus Lietuvoje, kvie\u010diantis vaikus pasinerti \u012f pasak\u0105, o suaugusiuosius trumpam sugr\u012f\u017eti \u012f vaikyst\u0119. Tai ne tik muziejus, bet ir patirtis, jungianti kult\u016br\u0105, \u017eaidim\u0105 ir edukacij\u0105. Muziejus veikia kartu su Raganiuk\u0117s teatru ir yra sukurtas taip, kad kiekvienas apsilankymas tapt\u0173 bendru \u0161eimos prisiminimu. Muziejuje pristatoma i\u0161skirtin\u0117 me\u0161kiuk\u0173 kolekcija i\u0161 \u012fvairi\u0173 pasaulio \u0161ali\u0173. Kiekvienas eksponatas turi savo istorij\u0105 \u2013 nuo \u0161imtmet\u012f menan\u010di\u0173, itin ret\u0173 kolekcini\u0173 me\u0161kin\u0173 iki \u0161iuolaikini\u0173, moderni\u0173 k\u016brini\u0173. Kai kurie j\u0173 priklauso ypa\u010d vertingoms ir sunkiai randamoms kolekcijoms. Me\u0161kin\u0173 muziejuje taip pat rasite Me\u0161kin\u0173 supynes, Mik\u0117s P\u016bkuotuko uol\u0105, Pand\u0173 girait\u0119, Margaret\u0117s Steiff kambar\u012f ir paveiksl\u0173 parod\u0173 sal\u0119. \u010cia gal\u0117site fotografuotis su me\u0161kiukais ir patirti smag\u0173 bei turining\u0105 laisvalaik\u012f.\" \/>\n<meta property=\"og:url\" content=\"https:\/\/meskinumuziejus.lt\/en\/product\/meskinu-muziejaus-bilietas-sekmadienis-05-10\/\" \/>\n<meta property=\"og:site_name\" content=\"meskinumuziejus.lt\" \/>\n<meta property=\"article:modified_time\" content=\"2026-03-31T16:29:35+00:00\" \/>\n<meta property=\"og:image\" content=\"https:\/\/meskinumuziejus.lt\/wp-content\/uploads\/2026\/03\/Meskinu-bilietas-ft.png\" \/>\n\t<meta property=\"og:image:width\" content=\"1000\" \/>\n\t<meta property=\"og:image:height\" content=\"1000\" \/>\n\t<meta property=\"og:image:type\" content=\"image\/png\" \/>\n<meta name=\"twitter:card\" content=\"summary_large_image\" \/>\n<meta name=\"twitter:label1\" content=\"Estimated reading time\" \/>\n\t<meta name=\"twitter:data1\" content=\"1 minute\" \/>\n<script type=\"application\/ld+json\" class=\"yoast-schema-graph\">{\"@context\":\"https:\\\/\\\/schema.org\",\"@graph\":[{\"@type\":\"WebPage\",\"@id\":\"https:\\\/\\\/meskinumuziejus.lt\\\/produktas\\\/meskinu-muziejaus-bilietas-sekmadienis-05-10\\\/\",\"url\":\"https:\\\/\\\/meskinumuziejus.lt\\\/produktas\\\/meskinu-muziejaus-bilietas-sekmadienis-05-10\\\/\",\"name\":\"Me\u0161kin\u0173 muziejaus bilietas Sekmadienis 05\\\/10 - meskinumuziejus.lt\",\"isPartOf\":{\"@id\":\"https:\\\/\\\/meskinumuziejus.lt\\\/#website\"},\"primaryImageOfPage\":{\"@id\":\"https:\\\/\\\/meskinumuziejus.lt\\\/produktas\\\/meskinu-muziejaus-bilietas-sekmadienis-05-10\\\/#primaryimage\"},\"image\":{\"@id\":\"https:\\\/\\\/meskinumuziejus.lt\\\/produktas\\\/meskinu-muziejaus-bilietas-sekmadienis-05-10\\\/#primaryimage\"},\"thumbnailUrl\":\"https:\\\/\\\/meskinumuziejus.lt\\\/wp-content\\\/uploads\\\/2026\\\/03\\\/Meskinu-bilietas-ft.png\",\"datePublished\":\"2026-03-10T15:36:43+00:00\",\"dateModified\":\"2026-03-31T16:29:35+00:00\",\"breadcrumb\":{\"@id\":\"https:\\\/\\\/meskinumuziejus.lt\\\/produktas\\\/meskinu-muziejaus-bilietas-sekmadienis-05-10\\\/#breadcrumb\"},\"inLanguage\":\"en-GB\",\"potentialAction\":[{\"@type\":\"ReadAction\",\"target\":[\"https:\\\/\\\/meskinumuziejus.lt\\\/produktas\\\/meskinu-muziejaus-bilietas-sekmadienis-05-10\\\/\"]}]},{\"@type\":\"ImageObject\",\"inLanguage\":\"en-GB\",\"@id\":\"https:\\\/\\\/meskinumuziejus.lt\\\/produktas\\\/meskinu-muziejaus-bilietas-sekmadienis-05-10\\\/#primaryimage\",\"url\":\"https:\\\/\\\/meskinumuziejus.lt\\\/wp-content\\\/uploads\\\/2026\\\/03\\\/Meskinu-bilietas-ft.png\",\"contentUrl\":\"https:\\\/\\\/meskinumuziejus.lt\\\/wp-content\\\/uploads\\\/2026\\\/03\\\/Meskinu-bilietas-ft.png\",\"width\":1000,\"height\":1000},{\"@type\":\"BreadcrumbList\",\"@id\":\"https:\\\/\\\/meskinumuziejus.lt\\\/produktas\\\/meskinu-muziejaus-bilietas-sekmadienis-05-10\\\/#breadcrumb\",\"itemListElement\":[{\"@type\":\"ListItem\",\"position\":1,\"name\":\"Home\",\"item\":\"https:\\\/\\\/meskinumuziejus.lt\\\/\"},{\"@type\":\"ListItem\",\"position\":2,\"name\":\"Bilietai\",\"item\":\"https:\\\/\\\/meskinumuziejus.lt\\\/bilietai\\\/\"},{\"@type\":\"ListItem\",\"position\":3,\"name\":\"Me\u0161kin\u0173 muziejaus bilietas Sekmadienis 05\\\/10\"}]},{\"@type\":\"WebSite\",\"@id\":\"https:\\\/\\\/meskinumuziejus.lt\\\/#website\",\"url\":\"https:\\\/\\\/meskinumuziejus.lt\\\/\",\"name\":\"meskinumuziejus.lt\",\"description\":\"\",\"publisher\":{\"@id\":\"https:\\\/\\\/meskinumuziejus.lt\\\/#organization\"},\"potentialAction\":[{\"@type\":\"SearchAction\",\"target\":{\"@type\":\"EntryPoint\",\"urlTemplate\":\"https:\\\/\\\/meskinumuziejus.lt\\\/?s={search_term_string}\"},\"query-input\":{\"@type\":\"PropertyValueSpecification\",\"valueRequired\":true,\"valueName\":\"search_term_string\"}}],\"inLanguage\":\"en-GB\"},{\"@type\":\"Organization\",\"@id\":\"https:\\\/\\\/meskinumuziejus.lt\\\/#organization\",\"name\":\"meskinumuziejus.lt\",\"url\":\"https:\\\/\\\/meskinumuziejus.lt\\\/\",\"logo\":{\"@type\":\"ImageObject\",\"inLanguage\":\"en-GB\",\"@id\":\"https:\\\/\\\/meskinumuziejus.lt\\\/#\\\/schema\\\/logo\\\/image\\\/\",\"url\":\"https:\\\/\\\/meskinumuziejus.lt\\\/wp-content\\\/uploads\\\/2026\\\/01\\\/cropped-muziejaus_logotipas__1_-removebg-preview-1.png\",\"contentUrl\":\"https:\\\/\\\/meskinumuziejus.lt\\\/wp-content\\\/uploads\\\/2026\\\/01\\\/cropped-muziejaus_logotipas__1_-removebg-preview-1.png\",\"width\":512,\"height\":512,\"caption\":\"meskinumuziejus.lt\"},\"image\":{\"@id\":\"https:\\\/\\\/meskinumuziejus.lt\\\/#\\\/schema\\\/logo\\\/image\\\/\"}}]}<\/script>\n<!-- \/ Yoast SEO plugin. -->","yoast_head_json":{"title":"Me\u0161kin\u0173 muziejaus bilietas Sekmadienis 05\/10 - meskinumuziejus.lt","robots":{"index":"index","follow":"follow","max-snippet":"max-snippet:-1","max-image-preview":"max-image-preview:large","max-video-preview":"max-video-preview:-1"},"canonical":"https:\/\/meskinumuziejus.lt\/en\/product\/meskinu-muziejaus-bilietas-sekmadienis-05-10\/","og_locale":"en_GB","og_type":"article","og_title":"Me\u0161kin\u0173 muziejaus bilietas Sekmadienis 05\/10 - meskinumuziejus.lt","og_description":"Gegu\u017e\u0117s 10d.  Vaikai iki 2 met\u0173 \u012fleid\u017eiami nemokamai.  \u0160eimos bilietas: 2 suaug\u0119 + 2 vaikai.  Me\u0161kin\u0173 muziejaus darbo laikas 10:00 \u2013 15:00.  Vilniuje atidarytas muziejus, kuriame me\u0161kiukai pasakoja savo istorijas, o lankytojai tampa j\u0173 pasaulio dalimi. \u201ePLUSHY B 55\u201c \u2013 pirmasis ir vienintelis me\u0161kin\u0173 muziejus Lietuvoje, kvie\u010diantis vaikus pasinerti \u012f pasak\u0105, o suaugusiuosius trumpam sugr\u012f\u017eti \u012f vaikyst\u0119. Tai ne tik muziejus, bet ir patirtis, jungianti kult\u016br\u0105, \u017eaidim\u0105 ir edukacij\u0105. Muziejus veikia kartu su Raganiuk\u0117s teatru ir yra sukurtas taip, kad kiekvienas apsilankymas tapt\u0173 bendru \u0161eimos prisiminimu. Muziejuje pristatoma i\u0161skirtin\u0117 me\u0161kiuk\u0173 kolekcija i\u0161 \u012fvairi\u0173 pasaulio \u0161ali\u0173. Kiekvienas eksponatas turi savo istorij\u0105 \u2013 nuo \u0161imtmet\u012f menan\u010di\u0173, itin ret\u0173 kolekcini\u0173 me\u0161kin\u0173 iki \u0161iuolaikini\u0173, moderni\u0173 k\u016brini\u0173. Kai kurie j\u0173 priklauso ypa\u010d vertingoms ir sunkiai randamoms kolekcijoms. Me\u0161kin\u0173 muziejuje taip pat rasite Me\u0161kin\u0173 supynes, Mik\u0117s P\u016bkuotuko uol\u0105, Pand\u0173 girait\u0119, Margaret\u0117s Steiff kambar\u012f ir paveiksl\u0173 parod\u0173 sal\u0119. \u010cia gal\u0117site fotografuotis su me\u0161kiukais ir patirti smag\u0173 bei turining\u0105 laisvalaik\u012f.","og_url":"https:\/\/meskinumuziejus.lt\/en\/product\/meskinu-muziejaus-bilietas-sekmadienis-05-10\/","og_site_name":"meskinumuziejus.lt","article_modified_time":"2026-03-31T16:29:35+00:00","og_image":[{"width":1000,"height":1000,"url":"https:\/\/meskinumuziejus.lt\/wp-content\/uploads\/2026\/03\/Meskinu-bilietas-ft.png","type":"image\/png"}],"twitter_card":"summary_large_image","twitter_misc":{"Estimated reading time":"1 minute"},"schema":{"@context":"https:\/\/schema.org","@graph":[{"@type":"WebPage","@id":"https:\/\/meskinumuziejus.lt\/produktas\/meskinu-muziejaus-bilietas-sekmadienis-05-10\/","url":"https:\/\/meskinumuziejus.lt\/produktas\/meskinu-muziejaus-bilietas-sekmadienis-05-10\/","name":"Me\u0161kin\u0173 muziejaus bilietas Sekmadienis 05\/10 - meskinumuziejus.lt","isPartOf":{"@id":"https:\/\/meskinumuziejus.lt\/#website"},"primaryImageOfPage":{"@id":"https:\/\/meskinumuziejus.lt\/produktas\/meskinu-muziejaus-bilietas-sekmadienis-05-10\/#primaryimage"},"image":{"@id":"https:\/\/meskinumuziejus.lt\/produktas\/meskinu-muziejaus-bilietas-sekmadienis-05-10\/#primaryimage"},"thumbnailUrl":"https:\/\/meskinumuziejus.lt\/wp-content\/uploads\/2026\/03\/Meskinu-bilietas-ft.png","datePublished":"2026-03-10T15:36:43+00:00","dateModified":"2026-03-31T16:29:35+00:00","breadcrumb":{"@id":"https:\/\/meskinumuziejus.lt\/produktas\/meskinu-muziejaus-bilietas-sekmadienis-05-10\/#breadcrumb"},"inLanguage":"en-GB","potentialAction":[{"@type":"ReadAction","target":["https:\/\/meskinumuziejus.lt\/produktas\/meskinu-muziejaus-bilietas-sekmadienis-05-10\/"]}]},{"@type":"ImageObject","inLanguage":"en-GB","@id":"https:\/\/meskinumuziejus.lt\/produktas\/meskinu-muziejaus-bilietas-sekmadienis-05-10\/#primaryimage","url":"https:\/\/meskinumuziejus.lt\/wp-content\/uploads\/2026\/03\/Meskinu-bilietas-ft.png","contentUrl":"https:\/\/meskinumuziejus.lt\/wp-content\/uploads\/2026\/03\/Meskinu-bilietas-ft.png","width":1000,"height":1000},{"@type":"BreadcrumbList","@id":"https:\/\/meskinumuziejus.lt\/produktas\/meskinu-muziejaus-bilietas-sekmadienis-05-10\/#breadcrumb","itemListElement":[{"@type":"ListItem","position":1,"name":"Home","item":"https:\/\/meskinumuziejus.lt\/"},{"@type":"ListItem","position":2,"name":"Bilietai","item":"https:\/\/meskinumuziejus.lt\/bilietai\/"},{"@type":"ListItem","position":3,"name":"Me\u0161kin\u0173 muziejaus bilietas Sekmadienis 05\/10"}]},{"@type":"WebSite","@id":"https:\/\/meskinumuziejus.lt\/#website","url":"https:\/\/meskinumuziejus.lt\/","name":"meskinumuziejus.lt","description":"","publisher":{"@id":"https:\/\/meskinumuziejus.lt\/#organization"},"potentialAction":[{"@type":"SearchAction","target":{"@type":"EntryPoint","urlTemplate":"https:\/\/meskinumuziejus.lt\/?s={search_term_string}"},"query-input":{"@type":"PropertyValueSpecification","valueRequired":true,"valueName":"search_term_string"}}],"inLanguage":"en-GB"},{"@type":"Organization","@id":"https:\/\/meskinumuziejus.lt\/#organization","name":"meskinumuziejus.lt","url":"https:\/\/meskinumuziejus.lt\/","logo":{"@type":"ImageObject","inLanguage":"en-GB","@id":"https:\/\/meskinumuziejus.lt\/#\/schema\/logo\/image\/","url":"https:\/\/meskinumuziejus.lt\/wp-content\/uploads\/2026\/01\/cropped-muziejaus_logotipas__1_-removebg-preview-1.png","contentUrl":"https:\/\/meskinumuziejus.lt\/wp-content\/uploads\/2026\/01\/cropped-muziejaus_logotipas__1_-removebg-preview-1.png","width":512,"height":512,"caption":"meskinumuziejus.lt"},"image":{"@id":"https:\/\/meskinumuziejus.lt\/#\/schema\/logo\/image\/"}}]}},"_links":{"self":[{"href":"https:\/\/meskinumuziejus.lt\/en\/wp-json\/wp\/v2\/product\/1465","targetHints":{"allow":["GET"]}}],"collection":[{"href":"https:\/\/meskinumuziejus.lt\/en\/wp-json\/wp\/v2\/product"}],"about":[{"href":"https:\/\/meskinumuziejus.lt\/en\/wp-json\/wp\/v2\/types\/product"}],"replies":[{"embeddable":true,"href":"https:\/\/meskinumuziejus.lt\/en\/wp-json\/wp\/v2\/comments?post=1465"}],"wp:featuredmedia":[{"embeddable":true,"href":"https:\/\/meskinumuziejus.lt\/en\/wp-json\/wp\/v2\/media\/1345"}],"wp:attachment":[{"href":"https:\/\/meskinumuziejus.lt\/en\/wp-json\/wp\/v2\/media?parent=1465"}],"wp:term":[{"taxonomy":"product_brand","embeddable":true,"href":"https:\/\/meskinumuziejus.lt\/en\/wp-json\/wp\/v2\/product_brand?post=1465"},{"taxonomy":"product_cat","embeddable":true,"href":"https:\/\/meskinumuziejus.lt\/en\/wp-json\/wp\/v2\/product_cat?post=1465"},{"taxonomy":"product_tag","embeddable":true,"href":"https:\/\/meskinumuziejus.lt\/en\/wp-json\/wp\/v2\/product_tag?post=1465"}],"curies":[{"name":"wp","href":"https:\/\/api.w.org\/{rel}","templated":true}]}}