{"id":1752,"date":"2026-03-07T14:12:29","date_gmt":"2026-03-07T14:12:29","guid":{"rendered":"https:\/\/meskinumuziejus.lt\/?post_type=product&#038;p=1752"},"modified":"2026-05-08T07:32:56","modified_gmt":"2026-05-08T07:32:56","slug":"miuziklas-valio-pukuotukui","status":"publish","type":"product","link":"https:\/\/meskinumuziejus.lt\/en\/product\/miuziklas-valio-pukuotukui\/","title":{"rendered":"MIUZIKLAS \u201eVALIO P\u016aKUOTUKUI!\u201c Spalio 10 d."},"content":{"rendered":"<div id=\"content\" class=\"site-content\">\n<div class=\"ast-container\">\n<div id=\"primary\" class=\"content-area primary\">\n<p>&nbsp;<\/p>\n<article id=\"post-1712\" class=\"post-1712 page type-page status-future ast-article-single\">\n<div class=\"entry-content clear\">\n<div class=\"elementor elementor-1712\" data-elementor-type=\"wp-page\" data-elementor-id=\"1712\" data-elementor-post-type=\"page\">\n<div class=\"elementor-element elementor-element-fb46b3c e-flex e-con-boxed e-con e-parent e-lazyloaded\" data-id=\"fb46b3c\" data-element_type=\"container\" data-e-type=\"container\">\n<div class=\"e-con-inner\">\n<div class=\"elementor-element elementor-element-dff4a67 e-con-full e-flex e-con e-child\" data-id=\"dff4a67\" data-element_type=\"container\" data-e-type=\"container\">\n<div class=\"elementor-element elementor-element-2ca1b9b elementor-widget elementor-widget-text-editor\" data-id=\"2ca1b9b\" data-element_type=\"widget\" data-e-type=\"widget\" data-widget_type=\"text-editor.default\">\n<p><b>2026 metais Mik\u0117 P\u016bkuotukas mini 100 met\u0173 jubiliej\u0173!<\/b><b><br \/>\n<\/b><span style=\"font-weight: 400;\">\u0160ia proga kvie\u010diame \u012f ypating\u0105 miuzikl\u0105, kuriame atgyja \u0160imtamyl\u0117 giria ir jos herojai.<\/span><\/p>\n<p><b>Kristoferis atva\u017eiuoja \u012f \u0160imtamyl\u0119 giri\u0105 su visais savo draugais<\/b><span style=\"font-weight: 400;\"> &#8211; Mike P\u016bkuotuku, Par\u0161eliu, Tigriuku, Triu\u0161iu, Pel\u0117da ir Nul\u0117pausiu, kuriuos \u012fk\u016bnija vaik\u0173 pam\u0117gti aktoriai: P\u016bkuotukas (E. Paulavi\u010dius), Par\u0161elis (L. Urbona), Tigriukas (O. Rim\u0161a), Triu\u0161is (T. Baumila), Pel\u0117da (L. Urbona), Nul\u0117pausis (A. Vasnecovas) ir Kristoferis Robinas (A. Sabaliauskas).<\/span><\/p>\n<p><b>Scenoje j\u016bs\u0173 laukia tikras reginys<\/b><span style=\"font-weight: 400;\"> &#8211; nat\u016bralaus dyd\u017eio persona\u017eai, kruop\u0161\u010diai rankomis kurtos dekoracijos ir \u012fsp\u016bdingas muzikinis pasaulis (kompozitorius J. Jurk\u016bnas). Spektakl\u012f papildo modern\u016bs vizualiniai sprendimai &#8211; lazeriai, projekcijos ir netik\u0117ti sceniniai efektai, kurie privers nustebti net P\u016bkuotuk\u0105!<\/span><\/p>\n<p><b>I\u0161skirtinis \u0161io renginio bruo\u017eas &#8211; \u0161vytintis miuziklas su interaktyviais atrad\u0117jais, kuriame \u017ei\u016brovai tampa tikrais stebukl\u0173 dalyviais.<\/b><\/p>\n<p><b>Tai nauja, \u0161iuolaiki\u0161ka ir gyva scenin\u0117 patirtis visai \u0161eimai<\/b><span style=\"font-weight: 400;\"> &#8211; vaikams, t\u0117vams ir seneliams, kurie gal\u0117s i\u0161 naujo prisiminti savo vaikyst\u0117s herojus.<\/span><\/p>\n<p><span style=\"font-weight: 400;\">Papildomai renginio metu vyks me\u0161ku\u010di\u0173 mug\u0117, kurioje prisistatys \u017einomi k\u016br\u0117jai ir prek\u0117s \u017eenklai.<\/span><\/p>\n<p><span style=\"font-weight: 400;\">Taip pat sieksime <\/span><b>Lietuvos rekordo &#8211; did\u017eiausio me\u0161ku\u010di\u0173 susib\u016brimo vienoje vietoje<\/b><span style=\"font-weight: 400;\">, tod\u0117l kvie\u010diame atsine\u0161ti savo mylim\u0105 me\u0161kiuk\u0105 ir tapti \u0161ios \u0161vent\u0117s dalimi.<\/span><b> Atsine\u0161kite savo mylim\u0105 me\u0161kiuk\u0105 ir tapkite \u0161ios \u0161vent\u0117s dalimi!<\/b><\/p>\n<p><b>Aprangos kodas &#8211; \u012fkv\u0117ptas P\u016bkuotuko pasaulio.<\/b><\/p>\n<p><b>Kvie\u010diame atvykti su \u0161eima ir kartu sukurti prisiminim\u0105, kuris i\u0161liks ilgam.<\/b><\/p>\n<p><em><span style=\"font-weight: 400;\">\u201eKartais ma\u017eas dalykas u\u017eima daug vietos \u0161irdyje.\u201c \u2013 A. A. Milne<\/span><\/em><\/p>\n<\/div>\n<\/div>\n<\/div>\n<\/div>\n<\/div>\n<\/div>\n<\/article>\n<p>&nbsp;<\/p>\n<\/div>\n<\/div>\n<\/div>\n<footer class=\"elementor elementor-1543 elementor-location-footer\" data-elementor-type=\"footer\" data-elementor-id=\"1543\" data-elementor-post-type=\"elementor_library\">\n<div class=\"elementor-element elementor-element-0422996 elementor-hidden-tablet elementor-hidden-mobile e-flex e-con-boxed e-con e-parent e-lazyloaded\" data-id=\"0422996\" data-element_type=\"container\" data-e-type=\"container\">\n<div class=\"e-con-inner\">\n<div class=\"elementor-element elementor-element-cdd150b e-con-full e-flex e-con e-child\" data-id=\"cdd150b\" data-element_type=\"container\" data-e-type=\"container\">\n<div class=\"elementor-element elementor-element-903588e e-con-full e-flex e-con e-child\" data-id=\"903588e\" data-element_type=\"container\" data-e-type=\"container\">\n<div class=\"elementor-element elementor-element-94efba5 elementor-widget elementor-widget-text-editor\" data-id=\"94efba5\" data-element_type=\"widget\" data-e-type=\"widget\" data-widget_type=\"text-editor.default\"><\/div>\n<\/div>\n<\/div>\n<\/div>\n<\/div>\n<\/footer>","protected":false},"excerpt":{"rendered":"<p>&nbsp; 2026 metais Mik\u0117 P\u016bkuotukas mini 100 met\u0173 jubiliej\u0173! \u0160ia proga kvie\u010diame \u012f ypating\u0105 miuzikl\u0105, kuriame atgyja \u0160imtamyl\u0117 giria ir [&hellip;]<\/p>\n","protected":false},"featured_media":1709,"comment_status":"open","ping_status":"closed","template":"","meta":{"site-sidebar-layout":"default","site-content-layout":"","ast-site-content-layout":"default","site-content-style":"default","site-sidebar-style":"default","ast-global-header-display":"","ast-banner-title-visibility":"","ast-main-header-display":"","ast-hfb-above-header-display":"","ast-hfb-below-header-display":"","ast-hfb-mobile-header-display":"","site-post-title":"","ast-breadcrumbs-content":"","ast-featured-img":"","footer-sml-layout":"","ast-disable-related-posts":"","theme-transparent-header-meta":"default","adv-header-id-meta":"","stick-header-meta":"","header-above-stick-meta":"","header-main-stick-meta":"","header-below-stick-meta":"","astra-migrate-meta-layouts":"set","ast-page-background-enabled":"default","ast-page-background-meta":{"desktop":{"background-color":"var(--ast-global-color-5)","background-image":"","background-repeat":"repeat","background-position":"center center","background-size":"auto","background-attachment":"scroll","background-type":"","background-media":"","overlay-type":"","overlay-color":"","overlay-opacity":"","overlay-gradient":""},"tablet":{"background-color":"","background-image":"","background-repeat":"repeat","background-position":"center center","background-size":"auto","background-attachment":"scroll","background-type":"","background-media":"","overlay-type":"","overlay-color":"","overlay-opacity":"","overlay-gradient":""},"mobile":{"background-color":"","background-image":"","background-repeat":"repeat","background-position":"center center","background-size":"auto","background-attachment":"scroll","background-type":"","background-media":"","overlay-type":"","overlay-color":"","overlay-opacity":"","overlay-gradient":""}},"ast-content-background-meta":{"desktop":{"background-color":"var(--ast-global-color-4)","background-image":"","background-repeat":"repeat","background-position":"center center","background-size":"auto","background-attachment":"scroll","background-type":"","background-media":"","overlay-type":"","overlay-color":"","overlay-opacity":"","overlay-gradient":""},"tablet":{"background-color":"var(--ast-global-color-4)","background-image":"","background-repeat":"repeat","background-position":"center center","background-size":"auto","background-attachment":"scroll","background-type":"","background-media":"","overlay-type":"","overlay-color":"","overlay-opacity":"","overlay-gradient":""},"mobile":{"background-color":"var(--ast-global-color-4)","background-image":"","background-repeat":"repeat","background-position":"center center","background-size":"auto","background-attachment":"scroll","background-type":"","background-media":"","overlay-type":"","overlay-color":"","overlay-opacity":"","overlay-gradient":""}}},"product_brand":[],"product_cat":[30],"product_tag":[49],"class_list":{"0":"post-1752","1":"product","2":"type-product","3":"status-publish","4":"has-post-thumbnail","6":"product_cat-bilietai","7":"product_tag-kitoks","8":"desktop-align-left","9":"tablet-align-left","10":"mobile-align-left","12":"first","13":"instock","14":"taxable","15":"shipping-taxable","16":"product-type-simple"},"yoast_head":"<!-- This site is optimized with the Yoast SEO plugin v27.4 - https:\/\/yoast.com\/product\/yoast-seo-wordpress\/ -->\n<title>MIUZIKLAS \u201eVALIO P\u016aKUOTUKUI!\u201c Spalio 10 d. - meskinumuziejus.lt<\/title>\n<meta name=\"description\" content=\"2026 metais Mik\u0117 P\u016bkuotukas mini 100 met\u0173 jubiliej\u0173!\u0160ia proga kvie\u010diame \u012f ypating\u0105 miuzikl\u0105, kuriame atgyja \u0160imtamyl\u0117 giria ir jos herojai.\" \/>\n<meta name=\"robots\" content=\"index, follow, max-snippet:-1, max-image-preview:large, max-video-preview:-1\" \/>\n<link rel=\"canonical\" href=\"https:\/\/meskinumuziejus.lt\/en\/product\/miuziklas-valio-pukuotukui\/\" \/>\n<meta property=\"og:locale\" content=\"en_GB\" \/>\n<meta property=\"og:type\" content=\"article\" \/>\n<meta property=\"og:title\" content=\"MIUZIKLAS \u201eVALIO P\u016aKUOTUKUI!\u201c Spalio 10 d. - meskinumuziejus.lt\" \/>\n<meta property=\"og:description\" content=\"2026 metais Mik\u0117 P\u016bkuotukas mini 100 met\u0173 jubiliej\u0173!\u0160ia proga kvie\u010diame \u012f ypating\u0105 miuzikl\u0105, kuriame atgyja \u0160imtamyl\u0117 giria ir jos herojai.\" \/>\n<meta property=\"og:url\" content=\"https:\/\/meskinumuziejus.lt\/en\/product\/miuziklas-valio-pukuotukui\/\" \/>\n<meta property=\"og:site_name\" content=\"meskinumuziejus.lt\" \/>\n<meta property=\"article:modified_time\" content=\"2026-05-08T07:32:56+00:00\" \/>\n<meta property=\"og:image\" content=\"https:\/\/meskinumuziejus.lt\/wp-content\/uploads\/2026\/04\/Svetaines-renginio-dydis.png\" \/>\n\t<meta property=\"og:image:width\" content=\"1000\" \/>\n\t<meta property=\"og:image:height\" content=\"1000\" \/>\n\t<meta property=\"og:image:type\" content=\"image\/png\" \/>\n<meta name=\"twitter:card\" content=\"summary_large_image\" \/>\n<meta name=\"twitter:label1\" content=\"Estimated reading time\" \/>\n\t<meta name=\"twitter:data1\" content=\"2 minutes\" \/>\n<script type=\"application\/ld+json\" class=\"yoast-schema-graph\">{\"@context\":\"https:\\\/\\\/schema.org\",\"@graph\":[{\"@type\":\"WebPage\",\"@id\":\"https:\\\/\\\/meskinumuziejus.lt\\\/produktas\\\/miuziklas-valio-pukuotukui\\\/\",\"url\":\"https:\\\/\\\/meskinumuziejus.lt\\\/produktas\\\/miuziklas-valio-pukuotukui\\\/\",\"name\":\"MIUZIKLAS \u201eVALIO P\u016aKUOTUKUI!\u201c Spalio 10 d. - meskinumuziejus.lt\",\"isPartOf\":{\"@id\":\"https:\\\/\\\/meskinumuziejus.lt\\\/#website\"},\"primaryImageOfPage\":{\"@id\":\"https:\\\/\\\/meskinumuziejus.lt\\\/produktas\\\/miuziklas-valio-pukuotukui\\\/#primaryimage\"},\"image\":{\"@id\":\"https:\\\/\\\/meskinumuziejus.lt\\\/produktas\\\/miuziklas-valio-pukuotukui\\\/#primaryimage\"},\"thumbnailUrl\":\"https:\\\/\\\/meskinumuziejus.lt\\\/wp-content\\\/uploads\\\/2026\\\/04\\\/Svetaines-renginio-dydis.png\",\"datePublished\":\"2026-03-07T14:12:29+00:00\",\"dateModified\":\"2026-05-08T07:32:56+00:00\",\"description\":\"2026 metais Mik\u0117 P\u016bkuotukas mini 100 met\u0173 jubiliej\u0173!\u0160ia proga kvie\u010diame \u012f ypating\u0105 miuzikl\u0105, kuriame atgyja \u0160imtamyl\u0117 giria ir jos herojai.\",\"breadcrumb\":{\"@id\":\"https:\\\/\\\/meskinumuziejus.lt\\\/produktas\\\/miuziklas-valio-pukuotukui\\\/#breadcrumb\"},\"inLanguage\":\"en-GB\",\"potentialAction\":[{\"@type\":\"ReadAction\",\"target\":[\"https:\\\/\\\/meskinumuziejus.lt\\\/produktas\\\/miuziklas-valio-pukuotukui\\\/\"]}]},{\"@type\":\"ImageObject\",\"inLanguage\":\"en-GB\",\"@id\":\"https:\\\/\\\/meskinumuziejus.lt\\\/produktas\\\/miuziklas-valio-pukuotukui\\\/#primaryimage\",\"url\":\"https:\\\/\\\/meskinumuziejus.lt\\\/wp-content\\\/uploads\\\/2026\\\/04\\\/Svetaines-renginio-dydis.png\",\"contentUrl\":\"https:\\\/\\\/meskinumuziejus.lt\\\/wp-content\\\/uploads\\\/2026\\\/04\\\/Svetaines-renginio-dydis.png\",\"width\":1000,\"height\":1000},{\"@type\":\"BreadcrumbList\",\"@id\":\"https:\\\/\\\/meskinumuziejus.lt\\\/produktas\\\/miuziklas-valio-pukuotukui\\\/#breadcrumb\",\"itemListElement\":[{\"@type\":\"ListItem\",\"position\":1,\"name\":\"Home\",\"item\":\"https:\\\/\\\/meskinumuziejus.lt\\\/\"},{\"@type\":\"ListItem\",\"position\":2,\"name\":\"Bilietai\",\"item\":\"https:\\\/\\\/meskinumuziejus.lt\\\/bilietai\\\/\"},{\"@type\":\"ListItem\",\"position\":3,\"name\":\"MIUZIKLAS \u201eVALIO P\u016aKUOTUKUI!\u201c Spalio 10 d.\"}]},{\"@type\":\"WebSite\",\"@id\":\"https:\\\/\\\/meskinumuziejus.lt\\\/#website\",\"url\":\"https:\\\/\\\/meskinumuziejus.lt\\\/\",\"name\":\"meskinumuziejus.lt\",\"description\":\"\",\"publisher\":{\"@id\":\"https:\\\/\\\/meskinumuziejus.lt\\\/#organization\"},\"potentialAction\":[{\"@type\":\"SearchAction\",\"target\":{\"@type\":\"EntryPoint\",\"urlTemplate\":\"https:\\\/\\\/meskinumuziejus.lt\\\/?s={search_term_string}\"},\"query-input\":{\"@type\":\"PropertyValueSpecification\",\"valueRequired\":true,\"valueName\":\"search_term_string\"}}],\"inLanguage\":\"en-GB\"},{\"@type\":\"Organization\",\"@id\":\"https:\\\/\\\/meskinumuziejus.lt\\\/#organization\",\"name\":\"meskinumuziejus.lt\",\"url\":\"https:\\\/\\\/meskinumuziejus.lt\\\/\",\"logo\":{\"@type\":\"ImageObject\",\"inLanguage\":\"en-GB\",\"@id\":\"https:\\\/\\\/meskinumuziejus.lt\\\/#\\\/schema\\\/logo\\\/image\\\/\",\"url\":\"https:\\\/\\\/meskinumuziejus.lt\\\/wp-content\\\/uploads\\\/2026\\\/01\\\/cropped-muziejaus_logotipas__1_-removebg-preview-1.png\",\"contentUrl\":\"https:\\\/\\\/meskinumuziejus.lt\\\/wp-content\\\/uploads\\\/2026\\\/01\\\/cropped-muziejaus_logotipas__1_-removebg-preview-1.png\",\"width\":512,\"height\":512,\"caption\":\"meskinumuziejus.lt\"},\"image\":{\"@id\":\"https:\\\/\\\/meskinumuziejus.lt\\\/#\\\/schema\\\/logo\\\/image\\\/\"}}]}<\/script>\n<!-- \/ Yoast SEO plugin. -->","yoast_head_json":{"title":"MIUZIKLAS \u201eVALIO P\u016aKUOTUKUI!\u201c Spalio 10 d. - meskinumuziejus.lt","description":"2026 metais Mik\u0117 P\u016bkuotukas mini 100 met\u0173 jubiliej\u0173!\u0160ia proga kvie\u010diame \u012f ypating\u0105 miuzikl\u0105, kuriame atgyja \u0160imtamyl\u0117 giria ir jos herojai.","robots":{"index":"index","follow":"follow","max-snippet":"max-snippet:-1","max-image-preview":"max-image-preview:large","max-video-preview":"max-video-preview:-1"},"canonical":"https:\/\/meskinumuziejus.lt\/en\/product\/miuziklas-valio-pukuotukui\/","og_locale":"en_GB","og_type":"article","og_title":"MIUZIKLAS \u201eVALIO P\u016aKUOTUKUI!\u201c Spalio 10 d. - meskinumuziejus.lt","og_description":"2026 metais Mik\u0117 P\u016bkuotukas mini 100 met\u0173 jubiliej\u0173!\u0160ia proga kvie\u010diame \u012f ypating\u0105 miuzikl\u0105, kuriame atgyja \u0160imtamyl\u0117 giria ir jos herojai.","og_url":"https:\/\/meskinumuziejus.lt\/en\/product\/miuziklas-valio-pukuotukui\/","og_site_name":"meskinumuziejus.lt","article_modified_time":"2026-05-08T07:32:56+00:00","og_image":[{"width":1000,"height":1000,"url":"https:\/\/meskinumuziejus.lt\/wp-content\/uploads\/2026\/04\/Svetaines-renginio-dydis.png","type":"image\/png"}],"twitter_card":"summary_large_image","twitter_misc":{"Estimated reading time":"2 minutes"},"schema":{"@context":"https:\/\/schema.org","@graph":[{"@type":"WebPage","@id":"https:\/\/meskinumuziejus.lt\/produktas\/miuziklas-valio-pukuotukui\/","url":"https:\/\/meskinumuziejus.lt\/produktas\/miuziklas-valio-pukuotukui\/","name":"MIUZIKLAS \u201eVALIO P\u016aKUOTUKUI!\u201c Spalio 10 d. - meskinumuziejus.lt","isPartOf":{"@id":"https:\/\/meskinumuziejus.lt\/#website"},"primaryImageOfPage":{"@id":"https:\/\/meskinumuziejus.lt\/produktas\/miuziklas-valio-pukuotukui\/#primaryimage"},"image":{"@id":"https:\/\/meskinumuziejus.lt\/produktas\/miuziklas-valio-pukuotukui\/#primaryimage"},"thumbnailUrl":"https:\/\/meskinumuziejus.lt\/wp-content\/uploads\/2026\/04\/Svetaines-renginio-dydis.png","datePublished":"2026-03-07T14:12:29+00:00","dateModified":"2026-05-08T07:32:56+00:00","description":"2026 metais Mik\u0117 P\u016bkuotukas mini 100 met\u0173 jubiliej\u0173!\u0160ia proga kvie\u010diame \u012f ypating\u0105 miuzikl\u0105, kuriame atgyja \u0160imtamyl\u0117 giria ir jos herojai.","breadcrumb":{"@id":"https:\/\/meskinumuziejus.lt\/produktas\/miuziklas-valio-pukuotukui\/#breadcrumb"},"inLanguage":"en-GB","potentialAction":[{"@type":"ReadAction","target":["https:\/\/meskinumuziejus.lt\/produktas\/miuziklas-valio-pukuotukui\/"]}]},{"@type":"ImageObject","inLanguage":"en-GB","@id":"https:\/\/meskinumuziejus.lt\/produktas\/miuziklas-valio-pukuotukui\/#primaryimage","url":"https:\/\/meskinumuziejus.lt\/wp-content\/uploads\/2026\/04\/Svetaines-renginio-dydis.png","contentUrl":"https:\/\/meskinumuziejus.lt\/wp-content\/uploads\/2026\/04\/Svetaines-renginio-dydis.png","width":1000,"height":1000},{"@type":"BreadcrumbList","@id":"https:\/\/meskinumuziejus.lt\/produktas\/miuziklas-valio-pukuotukui\/#breadcrumb","itemListElement":[{"@type":"ListItem","position":1,"name":"Home","item":"https:\/\/meskinumuziejus.lt\/"},{"@type":"ListItem","position":2,"name":"Bilietai","item":"https:\/\/meskinumuziejus.lt\/bilietai\/"},{"@type":"ListItem","position":3,"name":"MIUZIKLAS \u201eVALIO P\u016aKUOTUKUI!\u201c Spalio 10 d."}]},{"@type":"WebSite","@id":"https:\/\/meskinumuziejus.lt\/#website","url":"https:\/\/meskinumuziejus.lt\/","name":"meskinumuziejus.lt","description":"","publisher":{"@id":"https:\/\/meskinumuziejus.lt\/#organization"},"potentialAction":[{"@type":"SearchAction","target":{"@type":"EntryPoint","urlTemplate":"https:\/\/meskinumuziejus.lt\/?s={search_term_string}"},"query-input":{"@type":"PropertyValueSpecification","valueRequired":true,"valueName":"search_term_string"}}],"inLanguage":"en-GB"},{"@type":"Organization","@id":"https:\/\/meskinumuziejus.lt\/#organization","name":"meskinumuziejus.lt","url":"https:\/\/meskinumuziejus.lt\/","logo":{"@type":"ImageObject","inLanguage":"en-GB","@id":"https:\/\/meskinumuziejus.lt\/#\/schema\/logo\/image\/","url":"https:\/\/meskinumuziejus.lt\/wp-content\/uploads\/2026\/01\/cropped-muziejaus_logotipas__1_-removebg-preview-1.png","contentUrl":"https:\/\/meskinumuziejus.lt\/wp-content\/uploads\/2026\/01\/cropped-muziejaus_logotipas__1_-removebg-preview-1.png","width":512,"height":512,"caption":"meskinumuziejus.lt"},"image":{"@id":"https:\/\/meskinumuziejus.lt\/#\/schema\/logo\/image\/"}}]}},"_links":{"self":[{"href":"https:\/\/meskinumuziejus.lt\/en\/wp-json\/wp\/v2\/product\/1752","targetHints":{"allow":["GET"]}}],"collection":[{"href":"https:\/\/meskinumuziejus.lt\/en\/wp-json\/wp\/v2\/product"}],"about":[{"href":"https:\/\/meskinumuziejus.lt\/en\/wp-json\/wp\/v2\/types\/product"}],"replies":[{"embeddable":true,"href":"https:\/\/meskinumuziejus.lt\/en\/wp-json\/wp\/v2\/comments?post=1752"}],"wp:featuredmedia":[{"embeddable":true,"href":"https:\/\/meskinumuziejus.lt\/en\/wp-json\/wp\/v2\/media\/1709"}],"wp:attachment":[{"href":"https:\/\/meskinumuziejus.lt\/en\/wp-json\/wp\/v2\/media?parent=1752"}],"wp:term":[{"taxonomy":"product_brand","embeddable":true,"href":"https:\/\/meskinumuziejus.lt\/en\/wp-json\/wp\/v2\/product_brand?post=1752"},{"taxonomy":"product_cat","embeddable":true,"href":"https:\/\/meskinumuziejus.lt\/en\/wp-json\/wp\/v2\/product_cat?post=1752"},{"taxonomy":"product_tag","embeddable":true,"href":"https:\/\/meskinumuziejus.lt\/en\/wp-json\/wp\/v2\/product_tag?post=1752"}],"curies":[{"name":"wp","href":"https:\/\/api.w.org\/{rel}","templated":true}]}}