{"id":800,"date":"2026-03-10T17:54:05","date_gmt":"2026-03-10T17:54:05","guid":{"rendered":"https:\/\/meskinumuziejus.lt\/?post_type=product&#038;p=800"},"modified":"2026-03-25T18:15:04","modified_gmt":"2026-03-25T18:15:04","slug":"dienine-stovykla-meskinu-vasara-2026","status":"publish","type":"product","link":"https:\/\/meskinumuziejus.lt\/en\/product\/dienine-stovykla-meskinu-vasara-2026\/","title":{"rendered":"Dienin\u0117 stovykla \u201eMe\u0161kin\u0173 vasara\u201c 2026"},"content":{"rendered":"<p>\u0160i\u0105 vasar\u0105 kvie\u010diame vaikus leistis \u012f k\u016brybi\u0161k\u0105 ir nuotyki\u0173 kupin\u0105 kelion\u0119 po me\u0161kiuk\u0173 pasaul\u012f! Dienin\u0117 stovykla \u201eMe\u0161kin\u0173 vasara\u201c vyks Me\u0161kin\u0173 muziejuje \u201ePLUSHY B 55\u201c, kur \u017eaidimas, menas ir pa\u017einimas susijungs \u012f nepamir\u0161tam\u0105 vasaros patirt\u012f.<\/p>\n<p>Stovyklos metu vaikai susipa\u017eins su garsiausi\u0173 pasaulio pliu\u0161ini\u0173 me\u0161kiuk\u0173 istorijomis, muziejaus eksponatais ir patys taps k\u016br\u0117jais \u2013 kurs savo unikalius me\u0161kiukus, \u012fkv\u0117ptus skirting\u0173 meno stili\u0173: klasikos, modernizmo, poparto ir tekstil\u0117s meno. K\u016brybin\u0117s dirbtuv\u0117s skatins vaizduot\u0119, savirai\u0161k\u0105 ir dr\u0105s\u0105 kurti.<\/p>\n<p>Stovyklos metu vaikai:<\/p>\n<ul>\n<li>vaikai susipa\u017eins su Me\u0161kin\u0173 muziejaus istorija ir \u012fdomiausiais eksponatais;<\/li>\n<li>kurs savo autorinius me\u0161kiukus k\u016brybin\u0117se dirbtuv\u0117se, tyrin\u0117dami skirtingas med\u017eiagas, formas ir tekst\u016bras bei lavindami sensorinius poj\u016b\u010dius ir k\u016brybi\u0161kum\u0105;<\/li>\n<li>pristatys savo k\u016brybinius darbus ir reflektuos dienos \u012fsp\u016bd\u017eius, ugdydami pasitik\u0117jim\u0105 savimi;<\/li>\n<li>dalyvaus komandin\u0117se u\u017eduotyse, lavinan\u010diose bendravim\u0105 ir bendradarbiavimo \u012fg\u016bd\u017eius;<\/li>\n<li>leisis \u012f \u017eygius ir aktyvias veiklas lauke, kurios skatins jud\u0117jim\u0105, smalsum\u0105 ir gamtos pa\u017einim\u0105;<\/li>\n<li>lavins emocinius ir socialinius \u012fg\u016bd\u017eius, mokysis atpa\u017einti emocijas, i\u0161reik\u0161ti mintis ir veikti komandoje<\/li>\n<\/ul>\n<p>Stovyklos metu ypatingas d\u0117mesys skiriamas k\u016brybi\u0161kumui, poj\u016b\u010di\u0173 pa\u017einimui ir vaik\u0173 savirai\u0161kai. Kiekvienas stovyklautojas tur\u0117s galimyb\u0119 atsiskleisti, susirasti nauj\u0173 draug\u0173 ir patirti daug d\u017eiaugsmo kupin\u0173 vasaros akimirk\u0173.<\/p>\n<p>Dienos stovykla ME\u0160KIN\u0172 VASARA \u2013 gal tai tavo smagiausias vasaros nuotykis?!<\/p>\n<p>Viet\u0173 skai\u010dius ribotas, tad nepraleiskite progos \u2013 registruokit\u0117s jau dabar!<\/p>\n<p><strong>Stovyklos data:<\/strong> 2026 m. bir\u017eelio 29 d. \u2013 liepos 3 d.<\/p>\n<p><strong>Maitinimas:<\/strong>\u00a02 kartus per dien\u0105<\/p>\n<p><strong>Vieta:<\/strong> Me\u0161kin\u0173 muziejus \u201ePLUSHY B 55\u201c, S. Stanevi\u010diaus g. 24, Vilnius<\/p>\n<p><strong>Stovyklos trukm\u0117:<\/strong> 5 dienos (nuo 9:00 iki 17:00 val.)<\/p>\n<p><strong>Am\u017eius:<\/strong> 7 &#8211; 10 met\u0173<\/p>","protected":false},"excerpt":{"rendered":"<p>\u0160i\u0105 vasar\u0105 kvie\u010diame vaikus leistis \u012f k\u016brybi\u0161k\u0105 ir nuotyki\u0173 kupin\u0105 kelion\u0119 po me\u0161kiuk\u0173 pasaul\u012f! Dienin\u0117 stovykla \u201eMe\u0161kin\u0173 vasara\u201c vyks Me\u0161kin\u0173 muziejuje \u201ePLUSHY B 55\u201c, kur \u017eaidimas, menas ir pa\u017einimas susijungs \u012f nepamir\u0161tam\u0105 vasaros patirt\u012f.<\/p>\n<p>Stovyklos metu vaikai susipa\u017eins su garsiausi\u0173 pasaulio pliu\u0161ini\u0173 me\u0161kiuk\u0173 istorijomis, muziejaus eksponatais ir patys taps k\u016br\u0117jais \u2013 kurs savo unikalius me\u0161kiukus, \u012fkv\u0117ptus skirting\u0173 meno stili\u0173: klasikos, modernizmo, poparto ir tekstil\u0117s meno. K\u016brybin\u0117s dirbtuv\u0117s skatins vaizduot\u0119, savirai\u0161k\u0105 ir dr\u0105s\u0105 kurti.<\/p>\n<p>Stovyklos metu vaikai:<\/p>\n<ul>\n<li>vaikai susipa\u017eins su Me\u0161kin\u0173 muziejaus istorija ir \u012fdomiausiais eksponatais;<\/li>\n<li>kurs savo autorinius me\u0161kiukus k\u016brybin\u0117se dirbtuv\u0117se, tyrin\u0117dami skirtingas med\u017eiagas, formas ir tekst\u016bras bei lavindami sensorinius poj\u016b\u010dius ir k\u016brybi\u0161kum\u0105;<\/li>\n<li>pristatys savo k\u016brybinius darbus ir reflektuos dienos \u012fsp\u016bd\u017eius, ugdydami pasitik\u0117jim\u0105 savimi;<\/li>\n<li>dalyvaus komandin\u0117se u\u017eduotyse, lavinan\u010diose bendravim\u0105 ir bendradarbiavimo \u012fg\u016bd\u017eius;<\/li>\n<li>leisis \u012f \u017eygius ir aktyvias veiklas lauke, kurios skatins jud\u0117jim\u0105, smalsum\u0105 ir gamtos pa\u017einim\u0105;<\/li>\n<li>lavins emocinius ir socialinius \u012fg\u016bd\u017eius, mokysis atpa\u017einti emocijas, i\u0161reik\u0161ti mintis ir veikti komandoje<\/li>\n<\/ul>\n<p>Stovyklos metu ypatingas d\u0117mesys skiriamas k\u016brybi\u0161kumui, bendruomeni\u0161kumui ir vaik\u0173 savirai\u0161kai. Kiekvienas stovyklautojas tur\u0117s galimyb\u0119 atsiskleisti, susirasti nauj\u0173 draug\u0173 ir patirti daug d\u017eiaugsmo kupin\u0173 vasaros akimirk\u0173.<\/p>\n<p>Viet\u0173 skai\u010dius ribotas, tad nepraleiskite progos \u2013 registruokit\u0117s jau dabar!<\/p>\n<p><strong>Stovyklos data:<\/strong> 2026 m. bir\u017eelio 29 d. \u2013 liepos 3 d.<\/p>\n<p><strong>Vieta:<\/strong> Me\u0161kin\u0173 muziejus \u201ePLUSHY B 55\u201c, S. Stanevi\u010diaus g. 24, Vilnius<\/p>\n<p><strong>Stovyklos trukm\u0117:<\/strong> 5 dienos (nuo 9:00 iki 17:00 val.)<\/p>\n<p><strong>Am\u017eius:<\/strong> 7 &#8211; 10 met\u0173<\/p>","protected":false},"featured_media":804,"comment_status":"open","ping_status":"closed","template":"","meta":{"site-sidebar-layout":"default","site-content-layout":"","ast-site-content-layout":"default","site-content-style":"default","site-sidebar-style":"default","ast-global-header-display":"","ast-banner-title-visibility":"","ast-main-header-display":"","ast-hfb-above-header-display":"","ast-hfb-below-header-display":"","ast-hfb-mobile-header-display":"","site-post-title":"","ast-breadcrumbs-content":"","ast-featured-img":"","footer-sml-layout":"","ast-disable-related-posts":"","theme-transparent-header-meta":"default","adv-header-id-meta":"","stick-header-meta":"","header-above-stick-meta":"","header-main-stick-meta":"","header-below-stick-meta":"","astra-migrate-meta-layouts":"set","ast-page-background-enabled":"default","ast-page-background-meta":{"desktop":{"background-color":"var(--ast-global-color-5)","background-image":"","background-repeat":"repeat","background-position":"center center","background-size":"auto","background-attachment":"scroll","background-type":"","background-media":"","overlay-type":"","overlay-color":"","overlay-opacity":"","overlay-gradient":""},"tablet":{"background-color":"","background-image":"","background-repeat":"repeat","background-position":"center center","background-size":"auto","background-attachment":"scroll","background-type":"","background-media":"","overlay-type":"","overlay-color":"","overlay-opacity":"","overlay-gradient":""},"mobile":{"background-color":"","background-image":"","background-repeat":"repeat","background-position":"center center","background-size":"auto","background-attachment":"scroll","background-type":"","background-media":"","overlay-type":"","overlay-color":"","overlay-opacity":"","overlay-gradient":""}},"ast-content-background-meta":{"desktop":{"background-color":"var(--ast-global-color-4)","background-image":"","background-repeat":"repeat","background-position":"center center","background-size":"auto","background-attachment":"scroll","background-type":"","background-media":"","overlay-type":"","overlay-color":"","overlay-opacity":"","overlay-gradient":""},"tablet":{"background-color":"var(--ast-global-color-4)","background-image":"","background-repeat":"repeat","background-position":"center center","background-size":"auto","background-attachment":"scroll","background-type":"","background-media":"","overlay-type":"","overlay-color":"","overlay-opacity":"","overlay-gradient":""},"mobile":{"background-color":"var(--ast-global-color-4)","background-image":"","background-repeat":"repeat","background-position":"center center","background-size":"auto","background-attachment":"scroll","background-type":"","background-media":"","overlay-type":"","overlay-color":"","overlay-opacity":"","overlay-gradient":""}}},"product_brand":[],"product_cat":[36],"product_tag":[],"class_list":{"0":"post-800","1":"product","2":"type-product","3":"status-publish","4":"has-post-thumbnail","6":"product_cat-stovykla","7":"desktop-align-left","8":"tablet-align-left","9":"mobile-align-left","11":"first","12":"instock","13":"virtual","14":"sold-individually","15":"taxable","16":"purchasable","17":"product-type-simple"},"yoast_head":"<!-- This site is optimized with the Yoast SEO plugin v27.4 - https:\/\/yoast.com\/product\/yoast-seo-wordpress\/ -->\n<title>Dienin\u0117 stovykla \u201eMe\u0161kin\u0173 vasara\u201c 2026 - meskinumuziejus.lt<\/title>\n<meta name=\"robots\" content=\"index, follow, max-snippet:-1, max-image-preview:large, max-video-preview:-1\" \/>\n<link rel=\"canonical\" href=\"https:\/\/meskinumuziejus.lt\/en\/product\/dienine-stovykla-meskinu-vasara-2026\/\" \/>\n<meta property=\"og:locale\" content=\"en_GB\" \/>\n<meta property=\"og:type\" content=\"article\" \/>\n<meta property=\"og:title\" content=\"Dienin\u0117 stovykla \u201eMe\u0161kin\u0173 vasara\u201c 2026 - meskinumuziejus.lt\" \/>\n<meta property=\"og:description\" content=\"\u0160i\u0105 vasar\u0105 kvie\u010diame vaikus leistis \u012f k\u016brybi\u0161k\u0105 ir nuotyki\u0173 kupin\u0105 kelion\u0119 po me\u0161kiuk\u0173 pasaul\u012f! Dienin\u0117 stovykla \u201eMe\u0161kin\u0173 vasara\u201c vyks Me\u0161kin\u0173 muziejuje \u201ePLUSHY B 55\u201c, kur \u017eaidimas, menas ir pa\u017einimas susijungs \u012f nepamir\u0161tam\u0105 vasaros patirt\u012f.  Stovyklos metu vaikai susipa\u017eins su garsiausi\u0173 pasaulio pliu\u0161ini\u0173 me\u0161kiuk\u0173 istorijomis, muziejaus eksponatais ir patys taps k\u016br\u0117jais \u2013 kurs savo unikalius me\u0161kiukus, \u012fkv\u0117ptus skirting\u0173 meno stili\u0173: klasikos, modernizmo, poparto ir tekstil\u0117s meno. K\u016brybin\u0117s dirbtuv\u0117s skatins vaizduot\u0119, savirai\u0161k\u0105 ir dr\u0105s\u0105 kurti.  Stovyklos metu vaikai:   vaikai susipa\u017eins su Me\u0161kin\u0173 muziejaus istorija ir \u012fdomiausiais eksponatais;  kurs savo autorinius me\u0161kiukus k\u016brybin\u0117se dirbtuv\u0117se, tyrin\u0117dami skirtingas med\u017eiagas, formas ir tekst\u016bras bei lavindami sensorinius poj\u016b\u010dius ir k\u016brybi\u0161kum\u0105;  pristatys savo k\u016brybinius darbus ir reflektuos dienos \u012fsp\u016bd\u017eius, ugdydami pasitik\u0117jim\u0105 savimi;  dalyvaus komandin\u0117se u\u017eduotyse, lavinan\u010diose bendravim\u0105 ir bendradarbiavimo \u012fg\u016bd\u017eius;  leisis \u012f \u017eygius ir aktyvias veiklas lauke, kurios skatins jud\u0117jim\u0105, smalsum\u0105 ir gamtos pa\u017einim\u0105;  lavins emocinius ir socialinius \u012fg\u016bd\u017eius, mokysis atpa\u017einti emocijas, i\u0161reik\u0161ti mintis ir veikti komandoje  Stovyklos metu ypatingas d\u0117mesys skiriamas k\u016brybi\u0161kumui, bendruomeni\u0161kumui ir vaik\u0173 savirai\u0161kai. Kiekvienas stovyklautojas tur\u0117s galimyb\u0119 atsiskleisti, susirasti nauj\u0173 draug\u0173 ir patirti daug d\u017eiaugsmo kupin\u0173 vasaros akimirk\u0173.  Viet\u0173 skai\u010dius ribotas, tad nepraleiskite progos \u2013 registruokit\u0117s jau dabar!  Stovyklos data: 2026 m. bir\u017eelio 29 d. \u2013 liepos 3 d.  Vieta: Me\u0161kin\u0173 muziejus \u201ePLUSHY B 55\u201c, S. Stanevi\u010diaus g. 24, Vilnius  Stovyklos trukm\u0117: 5 dienos (nuo 9:00 iki 17:00 val.)  Am\u017eius: 7 - 10 met\u0173\" \/>\n<meta property=\"og:url\" content=\"https:\/\/meskinumuziejus.lt\/en\/product\/dienine-stovykla-meskinu-vasara-2026\/\" \/>\n<meta property=\"og:site_name\" content=\"meskinumuziejus.lt\" \/>\n<meta property=\"article:modified_time\" content=\"2026-03-25T18:15:04+00:00\" \/>\n<meta property=\"og:image\" content=\"https:\/\/meskinumuziejus.lt\/wp-content\/uploads\/2026\/03\/Meskinu-stovykla.png\" \/>\n\t<meta property=\"og:image:width\" content=\"1024\" \/>\n\t<meta property=\"og:image:height\" content=\"1024\" \/>\n\t<meta property=\"og:image:type\" content=\"image\/png\" \/>\n<meta name=\"twitter:card\" content=\"summary_large_image\" \/>\n<meta name=\"twitter:label1\" content=\"Estimated reading time\" \/>\n\t<meta name=\"twitter:data1\" content=\"2 minutes\" \/>\n<script type=\"application\/ld+json\" class=\"yoast-schema-graph\">{\"@context\":\"https:\\\/\\\/schema.org\",\"@graph\":[{\"@type\":\"WebPage\",\"@id\":\"https:\\\/\\\/meskinumuziejus.lt\\\/produktas\\\/dienine-stovykla-meskinu-vasara-2026\\\/\",\"url\":\"https:\\\/\\\/meskinumuziejus.lt\\\/produktas\\\/dienine-stovykla-meskinu-vasara-2026\\\/\",\"name\":\"Dienin\u0117 stovykla \u201eMe\u0161kin\u0173 vasara\u201c 2026 - meskinumuziejus.lt\",\"isPartOf\":{\"@id\":\"https:\\\/\\\/meskinumuziejus.lt\\\/#website\"},\"primaryImageOfPage\":{\"@id\":\"https:\\\/\\\/meskinumuziejus.lt\\\/produktas\\\/dienine-stovykla-meskinu-vasara-2026\\\/#primaryimage\"},\"image\":{\"@id\":\"https:\\\/\\\/meskinumuziejus.lt\\\/produktas\\\/dienine-stovykla-meskinu-vasara-2026\\\/#primaryimage\"},\"thumbnailUrl\":\"https:\\\/\\\/meskinumuziejus.lt\\\/wp-content\\\/uploads\\\/2026\\\/03\\\/Meskinu-stovykla.png\",\"datePublished\":\"2026-03-10T17:54:05+00:00\",\"dateModified\":\"2026-03-25T18:15:04+00:00\",\"breadcrumb\":{\"@id\":\"https:\\\/\\\/meskinumuziejus.lt\\\/produktas\\\/dienine-stovykla-meskinu-vasara-2026\\\/#breadcrumb\"},\"inLanguage\":\"en-GB\",\"potentialAction\":[{\"@type\":\"ReadAction\",\"target\":[\"https:\\\/\\\/meskinumuziejus.lt\\\/produktas\\\/dienine-stovykla-meskinu-vasara-2026\\\/\"]}]},{\"@type\":\"ImageObject\",\"inLanguage\":\"en-GB\",\"@id\":\"https:\\\/\\\/meskinumuziejus.lt\\\/produktas\\\/dienine-stovykla-meskinu-vasara-2026\\\/#primaryimage\",\"url\":\"https:\\\/\\\/meskinumuziejus.lt\\\/wp-content\\\/uploads\\\/2026\\\/03\\\/Meskinu-stovykla.png\",\"contentUrl\":\"https:\\\/\\\/meskinumuziejus.lt\\\/wp-content\\\/uploads\\\/2026\\\/03\\\/Meskinu-stovykla.png\",\"width\":1024,\"height\":1024},{\"@type\":\"BreadcrumbList\",\"@id\":\"https:\\\/\\\/meskinumuziejus.lt\\\/produktas\\\/dienine-stovykla-meskinu-vasara-2026\\\/#breadcrumb\",\"itemListElement\":[{\"@type\":\"ListItem\",\"position\":1,\"name\":\"Home\",\"item\":\"https:\\\/\\\/meskinumuziejus.lt\\\/\"},{\"@type\":\"ListItem\",\"position\":2,\"name\":\"Bilietai\",\"item\":\"https:\\\/\\\/meskinumuziejus.lt\\\/bilietai\\\/\"},{\"@type\":\"ListItem\",\"position\":3,\"name\":\"Dienin\u0117 stovykla \u201eMe\u0161kin\u0173 vasara\u201c 2026\"}]},{\"@type\":\"WebSite\",\"@id\":\"https:\\\/\\\/meskinumuziejus.lt\\\/#website\",\"url\":\"https:\\\/\\\/meskinumuziejus.lt\\\/\",\"name\":\"meskinumuziejus.lt\",\"description\":\"\",\"publisher\":{\"@id\":\"https:\\\/\\\/meskinumuziejus.lt\\\/#organization\"},\"potentialAction\":[{\"@type\":\"SearchAction\",\"target\":{\"@type\":\"EntryPoint\",\"urlTemplate\":\"https:\\\/\\\/meskinumuziejus.lt\\\/?s={search_term_string}\"},\"query-input\":{\"@type\":\"PropertyValueSpecification\",\"valueRequired\":true,\"valueName\":\"search_term_string\"}}],\"inLanguage\":\"en-GB\"},{\"@type\":\"Organization\",\"@id\":\"https:\\\/\\\/meskinumuziejus.lt\\\/#organization\",\"name\":\"meskinumuziejus.lt\",\"url\":\"https:\\\/\\\/meskinumuziejus.lt\\\/\",\"logo\":{\"@type\":\"ImageObject\",\"inLanguage\":\"en-GB\",\"@id\":\"https:\\\/\\\/meskinumuziejus.lt\\\/#\\\/schema\\\/logo\\\/image\\\/\",\"url\":\"https:\\\/\\\/meskinumuziejus.lt\\\/wp-content\\\/uploads\\\/2026\\\/01\\\/cropped-muziejaus_logotipas__1_-removebg-preview-1.png\",\"contentUrl\":\"https:\\\/\\\/meskinumuziejus.lt\\\/wp-content\\\/uploads\\\/2026\\\/01\\\/cropped-muziejaus_logotipas__1_-removebg-preview-1.png\",\"width\":512,\"height\":512,\"caption\":\"meskinumuziejus.lt\"},\"image\":{\"@id\":\"https:\\\/\\\/meskinumuziejus.lt\\\/#\\\/schema\\\/logo\\\/image\\\/\"}}]}<\/script>\n<!-- \/ Yoast SEO plugin. -->","yoast_head_json":{"title":"Dienin\u0117 stovykla \u201eMe\u0161kin\u0173 vasara\u201c 2026 - meskinumuziejus.lt","robots":{"index":"index","follow":"follow","max-snippet":"max-snippet:-1","max-image-preview":"max-image-preview:large","max-video-preview":"max-video-preview:-1"},"canonical":"https:\/\/meskinumuziejus.lt\/en\/product\/dienine-stovykla-meskinu-vasara-2026\/","og_locale":"en_GB","og_type":"article","og_title":"Dienin\u0117 stovykla \u201eMe\u0161kin\u0173 vasara\u201c 2026 - meskinumuziejus.lt","og_description":"\u0160i\u0105 vasar\u0105 kvie\u010diame vaikus leistis \u012f k\u016brybi\u0161k\u0105 ir nuotyki\u0173 kupin\u0105 kelion\u0119 po me\u0161kiuk\u0173 pasaul\u012f! Dienin\u0117 stovykla \u201eMe\u0161kin\u0173 vasara\u201c vyks Me\u0161kin\u0173 muziejuje \u201ePLUSHY B 55\u201c, kur \u017eaidimas, menas ir pa\u017einimas susijungs \u012f nepamir\u0161tam\u0105 vasaros patirt\u012f.  Stovyklos metu vaikai susipa\u017eins su garsiausi\u0173 pasaulio pliu\u0161ini\u0173 me\u0161kiuk\u0173 istorijomis, muziejaus eksponatais ir patys taps k\u016br\u0117jais \u2013 kurs savo unikalius me\u0161kiukus, \u012fkv\u0117ptus skirting\u0173 meno stili\u0173: klasikos, modernizmo, poparto ir tekstil\u0117s meno. K\u016brybin\u0117s dirbtuv\u0117s skatins vaizduot\u0119, savirai\u0161k\u0105 ir dr\u0105s\u0105 kurti.  Stovyklos metu vaikai:   vaikai susipa\u017eins su Me\u0161kin\u0173 muziejaus istorija ir \u012fdomiausiais eksponatais;  kurs savo autorinius me\u0161kiukus k\u016brybin\u0117se dirbtuv\u0117se, tyrin\u0117dami skirtingas med\u017eiagas, formas ir tekst\u016bras bei lavindami sensorinius poj\u016b\u010dius ir k\u016brybi\u0161kum\u0105;  pristatys savo k\u016brybinius darbus ir reflektuos dienos \u012fsp\u016bd\u017eius, ugdydami pasitik\u0117jim\u0105 savimi;  dalyvaus komandin\u0117se u\u017eduotyse, lavinan\u010diose bendravim\u0105 ir bendradarbiavimo \u012fg\u016bd\u017eius;  leisis \u012f \u017eygius ir aktyvias veiklas lauke, kurios skatins jud\u0117jim\u0105, smalsum\u0105 ir gamtos pa\u017einim\u0105;  lavins emocinius ir socialinius \u012fg\u016bd\u017eius, mokysis atpa\u017einti emocijas, i\u0161reik\u0161ti mintis ir veikti komandoje  Stovyklos metu ypatingas d\u0117mesys skiriamas k\u016brybi\u0161kumui, bendruomeni\u0161kumui ir vaik\u0173 savirai\u0161kai. Kiekvienas stovyklautojas tur\u0117s galimyb\u0119 atsiskleisti, susirasti nauj\u0173 draug\u0173 ir patirti daug d\u017eiaugsmo kupin\u0173 vasaros akimirk\u0173.  Viet\u0173 skai\u010dius ribotas, tad nepraleiskite progos \u2013 registruokit\u0117s jau dabar!  Stovyklos data: 2026 m. bir\u017eelio 29 d. \u2013 liepos 3 d.  Vieta: Me\u0161kin\u0173 muziejus \u201ePLUSHY B 55\u201c, S. Stanevi\u010diaus g. 24, Vilnius  Stovyklos trukm\u0117: 5 dienos (nuo 9:00 iki 17:00 val.)  Am\u017eius: 7 - 10 met\u0173","og_url":"https:\/\/meskinumuziejus.lt\/en\/product\/dienine-stovykla-meskinu-vasara-2026\/","og_site_name":"meskinumuziejus.lt","article_modified_time":"2026-03-25T18:15:04+00:00","og_image":[{"width":1024,"height":1024,"url":"https:\/\/meskinumuziejus.lt\/wp-content\/uploads\/2026\/03\/Meskinu-stovykla.png","type":"image\/png"}],"twitter_card":"summary_large_image","twitter_misc":{"Estimated reading time":"2 minutes"},"schema":{"@context":"https:\/\/schema.org","@graph":[{"@type":"WebPage","@id":"https:\/\/meskinumuziejus.lt\/produktas\/dienine-stovykla-meskinu-vasara-2026\/","url":"https:\/\/meskinumuziejus.lt\/produktas\/dienine-stovykla-meskinu-vasara-2026\/","name":"Dienin\u0117 stovykla \u201eMe\u0161kin\u0173 vasara\u201c 2026 - meskinumuziejus.lt","isPartOf":{"@id":"https:\/\/meskinumuziejus.lt\/#website"},"primaryImageOfPage":{"@id":"https:\/\/meskinumuziejus.lt\/produktas\/dienine-stovykla-meskinu-vasara-2026\/#primaryimage"},"image":{"@id":"https:\/\/meskinumuziejus.lt\/produktas\/dienine-stovykla-meskinu-vasara-2026\/#primaryimage"},"thumbnailUrl":"https:\/\/meskinumuziejus.lt\/wp-content\/uploads\/2026\/03\/Meskinu-stovykla.png","datePublished":"2026-03-10T17:54:05+00:00","dateModified":"2026-03-25T18:15:04+00:00","breadcrumb":{"@id":"https:\/\/meskinumuziejus.lt\/produktas\/dienine-stovykla-meskinu-vasara-2026\/#breadcrumb"},"inLanguage":"en-GB","potentialAction":[{"@type":"ReadAction","target":["https:\/\/meskinumuziejus.lt\/produktas\/dienine-stovykla-meskinu-vasara-2026\/"]}]},{"@type":"ImageObject","inLanguage":"en-GB","@id":"https:\/\/meskinumuziejus.lt\/produktas\/dienine-stovykla-meskinu-vasara-2026\/#primaryimage","url":"https:\/\/meskinumuziejus.lt\/wp-content\/uploads\/2026\/03\/Meskinu-stovykla.png","contentUrl":"https:\/\/meskinumuziejus.lt\/wp-content\/uploads\/2026\/03\/Meskinu-stovykla.png","width":1024,"height":1024},{"@type":"BreadcrumbList","@id":"https:\/\/meskinumuziejus.lt\/produktas\/dienine-stovykla-meskinu-vasara-2026\/#breadcrumb","itemListElement":[{"@type":"ListItem","position":1,"name":"Home","item":"https:\/\/meskinumuziejus.lt\/"},{"@type":"ListItem","position":2,"name":"Bilietai","item":"https:\/\/meskinumuziejus.lt\/bilietai\/"},{"@type":"ListItem","position":3,"name":"Dienin\u0117 stovykla \u201eMe\u0161kin\u0173 vasara\u201c 2026"}]},{"@type":"WebSite","@id":"https:\/\/meskinumuziejus.lt\/#website","url":"https:\/\/meskinumuziejus.lt\/","name":"meskinumuziejus.lt","description":"","publisher":{"@id":"https:\/\/meskinumuziejus.lt\/#organization"},"potentialAction":[{"@type":"SearchAction","target":{"@type":"EntryPoint","urlTemplate":"https:\/\/meskinumuziejus.lt\/?s={search_term_string}"},"query-input":{"@type":"PropertyValueSpecification","valueRequired":true,"valueName":"search_term_string"}}],"inLanguage":"en-GB"},{"@type":"Organization","@id":"https:\/\/meskinumuziejus.lt\/#organization","name":"meskinumuziejus.lt","url":"https:\/\/meskinumuziejus.lt\/","logo":{"@type":"ImageObject","inLanguage":"en-GB","@id":"https:\/\/meskinumuziejus.lt\/#\/schema\/logo\/image\/","url":"https:\/\/meskinumuziejus.lt\/wp-content\/uploads\/2026\/01\/cropped-muziejaus_logotipas__1_-removebg-preview-1.png","contentUrl":"https:\/\/meskinumuziejus.lt\/wp-content\/uploads\/2026\/01\/cropped-muziejaus_logotipas__1_-removebg-preview-1.png","width":512,"height":512,"caption":"meskinumuziejus.lt"},"image":{"@id":"https:\/\/meskinumuziejus.lt\/#\/schema\/logo\/image\/"}}]}},"_links":{"self":[{"href":"https:\/\/meskinumuziejus.lt\/en\/wp-json\/wp\/v2\/product\/800","targetHints":{"allow":["GET"]}}],"collection":[{"href":"https:\/\/meskinumuziejus.lt\/en\/wp-json\/wp\/v2\/product"}],"about":[{"href":"https:\/\/meskinumuziejus.lt\/en\/wp-json\/wp\/v2\/types\/product"}],"replies":[{"embeddable":true,"href":"https:\/\/meskinumuziejus.lt\/en\/wp-json\/wp\/v2\/comments?post=800"}],"wp:featuredmedia":[{"embeddable":true,"href":"https:\/\/meskinumuziejus.lt\/en\/wp-json\/wp\/v2\/media\/804"}],"wp:attachment":[{"href":"https:\/\/meskinumuziejus.lt\/en\/wp-json\/wp\/v2\/media?parent=800"}],"wp:term":[{"taxonomy":"product_brand","embeddable":true,"href":"https:\/\/meskinumuziejus.lt\/en\/wp-json\/wp\/v2\/product_brand?post=800"},{"taxonomy":"product_cat","embeddable":true,"href":"https:\/\/meskinumuziejus.lt\/en\/wp-json\/wp\/v2\/product_cat?post=800"},{"taxonomy":"product_tag","embeddable":true,"href":"https:\/\/meskinumuziejus.lt\/en\/wp-json\/wp\/v2\/product_tag?post=800"}],"curies":[{"name":"wp","href":"https:\/\/api.w.org\/{rel}","templated":true}]}}