{"id":971,"date":"2026-03-20T07:51:44","date_gmt":"2026-03-20T07:51:44","guid":{"rendered":"https:\/\/meskinumuziejus.lt\/produktas\/gift-card\/"},"modified":"2026-03-30T13:11:14","modified_gmt":"2026-03-30T13:11:14","slug":"dovanu-kuponas","status":"publish","type":"product","link":"https:\/\/meskinumuziejus.lt\/en\/product\/dovanu-kuponas\/","title":{"rendered":"Dovan\u0173 Kuponas"},"content":{"rendered":"<p data-start=\"107\" data-end=\"146\"><strong data-start=\"107\" data-end=\"146\">Me\u0161kin\u0173 muziejaus dovan\u0173 kuponas!<\/strong><\/p>\n<p data-start=\"148\" data-end=\"314\">Dovan\u0173 kuponas \u2013 tai kvietimas \u012f jauk\u0173, \u0161ilt\u0105 ir \u012fsp\u016bd\u017ei\u0173 kupin\u0105 laik\u0105 Me\u0161kin\u0173 muziejuje. Tai puiki dovana sau ar artimiesiems \u2013 akimirkoms, kurias norisi prisiminti. Jums telieka i\u0161sirinkti patog\u0173 laik\u0105 ir leistis \u012f pa\u017eint\u012f su \u0161imtais me\u0161kiuk\u0173 bei j\u0173 istorijomis.<\/p>\n<p data-start=\"415\" data-end=\"445\"><strong data-start=\"415\" data-end=\"445\">Dovanokite laik\u0105 kartu!\u00a0<\/strong><\/p>\n<h3 data-section-id=\"1u42iv1\" data-start=\"452\" data-end=\"478\">Kaip panaudoti kupon\u0105?<\/h3>\n<p data-start=\"480\" data-end=\"600\">Pasirinkite norim\u0105 apsilankymo dat\u0105 ir para\u0161ykite mums el. pa\u0161tu<br data-start=\"544\" data-end=\"547\" \/><strong data-start=\"547\" data-end=\"574\"><a class=\"decorated-link cursor-pointer\" rel=\"noopener\" data-start=\"549\" data-end=\"572\">info@meskinumuziejus.lt<\/a><\/strong>, prid\u0117dami kupono kopij\u0105.<\/p>\n<p data-start=\"602\" data-end=\"687\"><strong data-start=\"602\" data-end=\"613\">Svarbu:<\/strong> kuponas negalioja per <a class=\"decorated-link\" href=\"http:\/\/www.bilietai.lt\" target=\"_new\" rel=\"noopener\" data-start=\"636\" data-end=\"651\">www.bilietai.lt<\/a> ar <a class=\"decorated-link\" href=\"https:\/\/meskinumuziejus.lt\/en\/\" target=\"_new\" rel=\"noopener\" data-start=\"655\" data-end=\"677\">www.meskinumuziejus.lt<\/a> sistemas.<\/p>\n<h3 data-section-id=\"13ct9gi\" data-start=\"694\" data-end=\"731\">Dovan\u0173 kupono naudojimo taisykl\u0117s<\/h3>\n<ol data-start=\"733\" data-end=\"1267\">\n<li data-section-id=\"1o10can\" data-start=\"733\" data-end=\"826\">Kuponas suteikia teis\u0119 vien\u0105 kart\u0105 apsilankyti Me\u0161kin\u0173 muziejuje u\u017e jame nurodyt\u0105 vert\u0119.<\/li>\n<li data-section-id=\"i4twyz\" data-start=\"827\" data-end=\"900\">Kuponas galioja iki jame nurodytos datos (galiojimas neprat\u0119siamas).<\/li>\n<li data-section-id=\"c6qfm7\" data-start=\"901\" data-end=\"1039\">Kuponas gali b\u016bti panaudotas tik vien\u0105 kart\u0105 \u2013 nepanaudota suma negr\u0105\u017einama. Jei paslaugos vert\u0117 didesn\u0117 \u2013 skirtum\u0105 galima primok\u0117ti.<\/li>\n<li data-section-id=\"13nj0ju\" data-start=\"1040\" data-end=\"1075\">Kuponas nekei\u010diamas \u012f pinigus.<\/li>\n<li data-section-id=\"obz25p\" data-start=\"1076\" data-end=\"1140\">Kuponas n\u0117ra vardinis \u2013 j\u012f galite perleisti kitam asmeniui.<\/li>\n<li data-section-id=\"1ljquld\" data-start=\"1141\" data-end=\"1213\">Perkant dovan\u0173 kupon\u0105, s\u0105skaita-fakt\u016bra n\u0117ra i\u0161ra\u0161oma. Jei pageidaujate, galime parengti perdavimo\u2013pri\u0117mimo akt\u0105 \u2013 tokiu atveju maloniai kvie\u010diame kreiptis el. pa\u0161tu <strong data-start=\"204\" data-end=\"231\"><a class=\"decorated-link cursor-pointer\" rel=\"noopener\" data-start=\"206\" data-end=\"229\">info@meskinumuziejus.lt<\/a><\/strong><\/li>\n<li data-section-id=\"a4jqsg\" data-start=\"1214\" data-end=\"1267\">Kupono kopijavimas ar klastojimas yra draud\u017eiamas. Bauda nuo 15 iki 200 Eur.<\/li>\n<\/ol>","protected":false},"excerpt":{"rendered":"<h3 data-section-id=\"1u42iv1\" data-start=\"452\" data-end=\"478\"><strong data-start=\"107\" data-end=\"146\">Me\u0161kin\u0173 muziejaus dovan\u0173 kuponas!<\/strong><\/h3>\n<p data-start=\"148\" data-end=\"314\">Dovan\u0173 kuponas \u2013 tai kvietimas \u012f jauk\u0173, \u0161ilt\u0105 ir \u012fsp\u016bd\u017ei\u0173 kupin\u0105 laik\u0105 Me\u0161kin\u0173 muziejuje. Tai puiki dovana sau ar artimiesiems \u2013 akimirkoms, kurias norisi prisiminti. Jums telieka i\u0161sirinkti patog\u0173 laik\u0105 ir leistis \u012f pa\u017eint\u012f su \u0161imtais me\u0161kiuk\u0173 bei j\u0173 istorijomis. <strong data-start=\"415\" data-end=\"445\">Dovanokite laik\u0105 kartu!\u00a0<\/strong><\/p>\n<h3 data-section-id=\"1u42iv1\" data-start=\"452\" data-end=\"478\">Kaip panaudoti kupon\u0105?<\/h3>\n<p data-start=\"480\" data-end=\"600\">Pasirinkite norim\u0105 apsilankymo dat\u0105 ir para\u0161ykite mums el. pa\u0161tu info@meskinumuziejus.lt, prid\u0117dami kupono nuotrauk\u0105.<\/p>\n<p data-start=\"602\" data-end=\"687\"><strong data-start=\"602\" data-end=\"613\">Svarbu:<\/strong> kuponas negalioja per www.bilietai.lt ar www.meskinumuziejus.lt sistemas.<\/p>\n<h3 data-section-id=\"13ct9gi\" data-start=\"694\" data-end=\"731\">Dovan\u0173 kupono naudojimo taisykl\u0117s<\/h3>\n<ol data-start=\"733\" data-end=\"1267\">\n<li data-section-id=\"1o10can\" data-start=\"733\" data-end=\"826\">Kuponas suteikia teis\u0119 vien\u0105 kart\u0105 apsilankyti Me\u0161kin\u0173 muziejuje u\u017e jame nurodyt\u0105 vert\u0119.<\/li>\n<li data-section-id=\"i4twyz\" data-start=\"827\" data-end=\"900\">Kuponas galioja iki jame nurodytos datos (galiojimas neprat\u0119siamas).<\/li>\n<li data-section-id=\"c6qfm7\" data-start=\"901\" data-end=\"1039\">Kuponas gali b\u016bti panaudotas tik vien\u0105 kart\u0105 \u2013 nepanaudota suma negr\u0105\u017einama. Jei paslaugos vert\u0117 didesn\u0117 \u2013 skirtum\u0105 galima primok\u0117ti.<\/li>\n<li data-section-id=\"13nj0ju\" data-start=\"1040\" data-end=\"1075\">Kuponas nekei\u010diamas \u012f pinigus.<\/li>\n<li data-section-id=\"obz25p\" data-start=\"1076\" data-end=\"1140\">Kuponas n\u0117ra vardinis \u2013 j\u012f galite perleisti kitam asmeniui.<\/li>\n<li data-section-id=\"1ljquld\" data-start=\"1141\" data-end=\"1213\">Perkant dovan\u0173 kupon\u0105, s\u0105skaita-fakt\u016bra n\u0117ra i\u0161ra\u0161oma. Jei pageidaujate, galime parengti perdavimo\u2013pri\u0117mimo akt\u0105 \u2013 tokiu atveju maloniai kvie\u010diame kreiptis el. pa\u0161tu info@meskinumuziejus.lt<\/li>\n<li data-section-id=\"a4jqsg\" data-start=\"1214\" data-end=\"1267\">Kupono kopijavimas ar klastojimas yra draud\u017eiamas. Bauda nuo 15 iki 200 Eur.<\/li>\n<\/ol>","protected":false},"featured_media":1032,"comment_status":"open","ping_status":"closed","template":"","meta":{"site-sidebar-layout":"default","site-content-layout":"","ast-site-content-layout":"default","site-content-style":"default","site-sidebar-style":"default","ast-global-header-display":"","ast-banner-title-visibility":"","ast-main-header-display":"","ast-hfb-above-header-display":"","ast-hfb-below-header-display":"","ast-hfb-mobile-header-display":"","site-post-title":"","ast-breadcrumbs-content":"","ast-featured-img":"","footer-sml-layout":"","ast-disable-related-posts":"","theme-transparent-header-meta":"default","adv-header-id-meta":"","stick-header-meta":"","header-above-stick-meta":"","header-main-stick-meta":"","header-below-stick-meta":"","astra-migrate-meta-layouts":"set","ast-page-background-enabled":"default","ast-page-background-meta":{"desktop":{"background-color":"var(--ast-global-color-5)","background-image":"","background-repeat":"repeat","background-position":"center center","background-size":"auto","background-attachment":"scroll","background-type":"","background-media":"","overlay-type":"","overlay-color":"","overlay-opacity":"","overlay-gradient":""},"tablet":{"background-color":"","background-image":"","background-repeat":"repeat","background-position":"center center","background-size":"auto","background-attachment":"scroll","background-type":"","background-media":"","overlay-type":"","overlay-color":"","overlay-opacity":"","overlay-gradient":""},"mobile":{"background-color":"","background-image":"","background-repeat":"repeat","background-position":"center center","background-size":"auto","background-attachment":"scroll","background-type":"","background-media":"","overlay-type":"","overlay-color":"","overlay-opacity":"","overlay-gradient":""}},"ast-content-background-meta":{"desktop":{"background-color":"var(--ast-global-color-4)","background-image":"","background-repeat":"repeat","background-position":"center center","background-size":"auto","background-attachment":"scroll","background-type":"","background-media":"","overlay-type":"","overlay-color":"","overlay-opacity":"","overlay-gradient":""},"tablet":{"background-color":"var(--ast-global-color-4)","background-image":"","background-repeat":"repeat","background-position":"center center","background-size":"auto","background-attachment":"scroll","background-type":"","background-media":"","overlay-type":"","overlay-color":"","overlay-opacity":"","overlay-gradient":""},"mobile":{"background-color":"var(--ast-global-color-4)","background-image":"","background-repeat":"repeat","background-position":"center center","background-size":"auto","background-attachment":"scroll","background-type":"","background-media":"","overlay-type":"","overlay-color":"","overlay-opacity":"","overlay-gradient":""}}},"product_brand":[],"product_cat":[39],"product_tag":[],"class_list":{"0":"post-971","1":"product","2":"type-product","3":"status-publish","4":"has-post-thumbnail","6":"product_cat-kuponai","7":"desktop-align-left","8":"tablet-align-left","9":"mobile-align-left","11":"first","12":"instock","13":"taxable","14":"shipping-taxable","15":"purchasable","16":"product-type-pw-gift-card"},"yoast_head":"<!-- This site is optimized with the Yoast SEO plugin v27.4 - https:\/\/yoast.com\/product\/yoast-seo-wordpress\/ -->\n<title>Dovan\u0173 Kuponas - meskinumuziejus.lt<\/title>\n<meta name=\"description\" content=\"Dovan\u0173 kuponas, tai kvietimas \u012f \u012fsp\u016bd\u017ei\u0173 kupin\u0105 Me\u0161kin\u0173 muziejuje. Tai puiki dovana artimiesiems. Dovanokite laik\u0105 kartu!\u00a0\" \/>\n<meta name=\"robots\" content=\"index, follow, max-snippet:-1, max-image-preview:large, max-video-preview:-1\" \/>\n<link rel=\"canonical\" href=\"https:\/\/meskinumuziejus.lt\/en\/product\/dovanu-kuponas\/\" \/>\n<meta property=\"og:locale\" content=\"en_GB\" \/>\n<meta property=\"og:type\" content=\"article\" \/>\n<meta property=\"og:title\" content=\"Dovan\u0173 Kuponas - meskinumuziejus.lt\" \/>\n<meta property=\"og:description\" content=\"Dovan\u0173 kuponas, tai kvietimas \u012f \u012fsp\u016bd\u017ei\u0173 kupin\u0105 Me\u0161kin\u0173 muziejuje. Tai puiki dovana artimiesiems. Dovanokite laik\u0105 kartu!\u00a0\" \/>\n<meta property=\"og:url\" content=\"https:\/\/meskinumuziejus.lt\/en\/product\/dovanu-kuponas\/\" \/>\n<meta property=\"og:site_name\" content=\"meskinumuziejus.lt\" \/>\n<meta property=\"article:modified_time\" content=\"2026-03-30T13:11:14+00:00\" \/>\n<meta property=\"og:image\" content=\"https:\/\/meskinumuziejus.lt\/wp-content\/uploads\/2026\/03\/dovanu-kuponas.png\" \/>\n\t<meta property=\"og:image:width\" content=\"1024\" \/>\n\t<meta property=\"og:image:height\" content=\"1024\" \/>\n\t<meta property=\"og:image:type\" content=\"image\/png\" \/>\n<meta name=\"twitter:card\" content=\"summary_large_image\" \/>\n<meta name=\"twitter:label1\" content=\"Estimated reading time\" \/>\n\t<meta name=\"twitter:data1\" content=\"2 minutes\" \/>\n<script type=\"application\/ld+json\" class=\"yoast-schema-graph\">{\"@context\":\"https:\\\/\\\/schema.org\",\"@graph\":[{\"@type\":\"WebPage\",\"@id\":\"https:\\\/\\\/meskinumuziejus.lt\\\/produktas\\\/dovanu-kuponas\\\/\",\"url\":\"https:\\\/\\\/meskinumuziejus.lt\\\/produktas\\\/dovanu-kuponas\\\/\",\"name\":\"Dovan\u0173 Kuponas - meskinumuziejus.lt\",\"isPartOf\":{\"@id\":\"https:\\\/\\\/meskinumuziejus.lt\\\/#website\"},\"primaryImageOfPage\":{\"@id\":\"https:\\\/\\\/meskinumuziejus.lt\\\/produktas\\\/dovanu-kuponas\\\/#primaryimage\"},\"image\":{\"@id\":\"https:\\\/\\\/meskinumuziejus.lt\\\/produktas\\\/dovanu-kuponas\\\/#primaryimage\"},\"thumbnailUrl\":\"https:\\\/\\\/meskinumuziejus.lt\\\/wp-content\\\/uploads\\\/2026\\\/03\\\/dovanu-kuponas.png\",\"datePublished\":\"2026-03-20T07:51:44+00:00\",\"dateModified\":\"2026-03-30T13:11:14+00:00\",\"description\":\"Dovan\u0173 kuponas, tai kvietimas \u012f \u012fsp\u016bd\u017ei\u0173 kupin\u0105 Me\u0161kin\u0173 muziejuje. Tai puiki dovana artimiesiems. Dovanokite laik\u0105 kartu!\u00a0\",\"breadcrumb\":{\"@id\":\"https:\\\/\\\/meskinumuziejus.lt\\\/produktas\\\/dovanu-kuponas\\\/#breadcrumb\"},\"inLanguage\":\"en-GB\",\"potentialAction\":[{\"@type\":\"ReadAction\",\"target\":[\"https:\\\/\\\/meskinumuziejus.lt\\\/produktas\\\/dovanu-kuponas\\\/\"]}]},{\"@type\":\"ImageObject\",\"inLanguage\":\"en-GB\",\"@id\":\"https:\\\/\\\/meskinumuziejus.lt\\\/produktas\\\/dovanu-kuponas\\\/#primaryimage\",\"url\":\"https:\\\/\\\/meskinumuziejus.lt\\\/wp-content\\\/uploads\\\/2026\\\/03\\\/dovanu-kuponas.png\",\"contentUrl\":\"https:\\\/\\\/meskinumuziejus.lt\\\/wp-content\\\/uploads\\\/2026\\\/03\\\/dovanu-kuponas.png\",\"width\":1024,\"height\":1024},{\"@type\":\"BreadcrumbList\",\"@id\":\"https:\\\/\\\/meskinumuziejus.lt\\\/produktas\\\/dovanu-kuponas\\\/#breadcrumb\",\"itemListElement\":[{\"@type\":\"ListItem\",\"position\":1,\"name\":\"Home\",\"item\":\"https:\\\/\\\/meskinumuziejus.lt\\\/\"},{\"@type\":\"ListItem\",\"position\":2,\"name\":\"Bilietai\",\"item\":\"https:\\\/\\\/meskinumuziejus.lt\\\/bilietai\\\/\"},{\"@type\":\"ListItem\",\"position\":3,\"name\":\"Dovan\u0173 Kuponas\"}]},{\"@type\":\"WebSite\",\"@id\":\"https:\\\/\\\/meskinumuziejus.lt\\\/#website\",\"url\":\"https:\\\/\\\/meskinumuziejus.lt\\\/\",\"name\":\"meskinumuziejus.lt\",\"description\":\"\",\"publisher\":{\"@id\":\"https:\\\/\\\/meskinumuziejus.lt\\\/#organization\"},\"potentialAction\":[{\"@type\":\"SearchAction\",\"target\":{\"@type\":\"EntryPoint\",\"urlTemplate\":\"https:\\\/\\\/meskinumuziejus.lt\\\/?s={search_term_string}\"},\"query-input\":{\"@type\":\"PropertyValueSpecification\",\"valueRequired\":true,\"valueName\":\"search_term_string\"}}],\"inLanguage\":\"en-GB\"},{\"@type\":\"Organization\",\"@id\":\"https:\\\/\\\/meskinumuziejus.lt\\\/#organization\",\"name\":\"meskinumuziejus.lt\",\"url\":\"https:\\\/\\\/meskinumuziejus.lt\\\/\",\"logo\":{\"@type\":\"ImageObject\",\"inLanguage\":\"en-GB\",\"@id\":\"https:\\\/\\\/meskinumuziejus.lt\\\/#\\\/schema\\\/logo\\\/image\\\/\",\"url\":\"https:\\\/\\\/meskinumuziejus.lt\\\/wp-content\\\/uploads\\\/2026\\\/01\\\/cropped-muziejaus_logotipas__1_-removebg-preview-1.png\",\"contentUrl\":\"https:\\\/\\\/meskinumuziejus.lt\\\/wp-content\\\/uploads\\\/2026\\\/01\\\/cropped-muziejaus_logotipas__1_-removebg-preview-1.png\",\"width\":512,\"height\":512,\"caption\":\"meskinumuziejus.lt\"},\"image\":{\"@id\":\"https:\\\/\\\/meskinumuziejus.lt\\\/#\\\/schema\\\/logo\\\/image\\\/\"}}]}<\/script>\n<!-- \/ Yoast SEO plugin. -->","yoast_head_json":{"title":"Dovan\u0173 Kuponas - meskinumuziejus.lt","description":"Dovan\u0173 kuponas, tai kvietimas \u012f \u012fsp\u016bd\u017ei\u0173 kupin\u0105 Me\u0161kin\u0173 muziejuje. Tai puiki dovana artimiesiems. Dovanokite laik\u0105 kartu!\u00a0","robots":{"index":"index","follow":"follow","max-snippet":"max-snippet:-1","max-image-preview":"max-image-preview:large","max-video-preview":"max-video-preview:-1"},"canonical":"https:\/\/meskinumuziejus.lt\/en\/product\/dovanu-kuponas\/","og_locale":"en_GB","og_type":"article","og_title":"Dovan\u0173 Kuponas - meskinumuziejus.lt","og_description":"Dovan\u0173 kuponas, tai kvietimas \u012f \u012fsp\u016bd\u017ei\u0173 kupin\u0105 Me\u0161kin\u0173 muziejuje. Tai puiki dovana artimiesiems. Dovanokite laik\u0105 kartu!\u00a0","og_url":"https:\/\/meskinumuziejus.lt\/en\/product\/dovanu-kuponas\/","og_site_name":"meskinumuziejus.lt","article_modified_time":"2026-03-30T13:11:14+00:00","og_image":[{"width":1024,"height":1024,"url":"https:\/\/meskinumuziejus.lt\/wp-content\/uploads\/2026\/03\/dovanu-kuponas.png","type":"image\/png"}],"twitter_card":"summary_large_image","twitter_misc":{"Estimated reading time":"2 minutes"},"schema":{"@context":"https:\/\/schema.org","@graph":[{"@type":"WebPage","@id":"https:\/\/meskinumuziejus.lt\/produktas\/dovanu-kuponas\/","url":"https:\/\/meskinumuziejus.lt\/produktas\/dovanu-kuponas\/","name":"Dovan\u0173 Kuponas - meskinumuziejus.lt","isPartOf":{"@id":"https:\/\/meskinumuziejus.lt\/#website"},"primaryImageOfPage":{"@id":"https:\/\/meskinumuziejus.lt\/produktas\/dovanu-kuponas\/#primaryimage"},"image":{"@id":"https:\/\/meskinumuziejus.lt\/produktas\/dovanu-kuponas\/#primaryimage"},"thumbnailUrl":"https:\/\/meskinumuziejus.lt\/wp-content\/uploads\/2026\/03\/dovanu-kuponas.png","datePublished":"2026-03-20T07:51:44+00:00","dateModified":"2026-03-30T13:11:14+00:00","description":"Dovan\u0173 kuponas, tai kvietimas \u012f \u012fsp\u016bd\u017ei\u0173 kupin\u0105 Me\u0161kin\u0173 muziejuje. Tai puiki dovana artimiesiems. Dovanokite laik\u0105 kartu!\u00a0","breadcrumb":{"@id":"https:\/\/meskinumuziejus.lt\/produktas\/dovanu-kuponas\/#breadcrumb"},"inLanguage":"en-GB","potentialAction":[{"@type":"ReadAction","target":["https:\/\/meskinumuziejus.lt\/produktas\/dovanu-kuponas\/"]}]},{"@type":"ImageObject","inLanguage":"en-GB","@id":"https:\/\/meskinumuziejus.lt\/produktas\/dovanu-kuponas\/#primaryimage","url":"https:\/\/meskinumuziejus.lt\/wp-content\/uploads\/2026\/03\/dovanu-kuponas.png","contentUrl":"https:\/\/meskinumuziejus.lt\/wp-content\/uploads\/2026\/03\/dovanu-kuponas.png","width":1024,"height":1024},{"@type":"BreadcrumbList","@id":"https:\/\/meskinumuziejus.lt\/produktas\/dovanu-kuponas\/#breadcrumb","itemListElement":[{"@type":"ListItem","position":1,"name":"Home","item":"https:\/\/meskinumuziejus.lt\/"},{"@type":"ListItem","position":2,"name":"Bilietai","item":"https:\/\/meskinumuziejus.lt\/bilietai\/"},{"@type":"ListItem","position":3,"name":"Dovan\u0173 Kuponas"}]},{"@type":"WebSite","@id":"https:\/\/meskinumuziejus.lt\/#website","url":"https:\/\/meskinumuziejus.lt\/","name":"meskinumuziejus.lt","description":"","publisher":{"@id":"https:\/\/meskinumuziejus.lt\/#organization"},"potentialAction":[{"@type":"SearchAction","target":{"@type":"EntryPoint","urlTemplate":"https:\/\/meskinumuziejus.lt\/?s={search_term_string}"},"query-input":{"@type":"PropertyValueSpecification","valueRequired":true,"valueName":"search_term_string"}}],"inLanguage":"en-GB"},{"@type":"Organization","@id":"https:\/\/meskinumuziejus.lt\/#organization","name":"meskinumuziejus.lt","url":"https:\/\/meskinumuziejus.lt\/","logo":{"@type":"ImageObject","inLanguage":"en-GB","@id":"https:\/\/meskinumuziejus.lt\/#\/schema\/logo\/image\/","url":"https:\/\/meskinumuziejus.lt\/wp-content\/uploads\/2026\/01\/cropped-muziejaus_logotipas__1_-removebg-preview-1.png","contentUrl":"https:\/\/meskinumuziejus.lt\/wp-content\/uploads\/2026\/01\/cropped-muziejaus_logotipas__1_-removebg-preview-1.png","width":512,"height":512,"caption":"meskinumuziejus.lt"},"image":{"@id":"https:\/\/meskinumuziejus.lt\/#\/schema\/logo\/image\/"}}]}},"_links":{"self":[{"href":"https:\/\/meskinumuziejus.lt\/en\/wp-json\/wp\/v2\/product\/971","targetHints":{"allow":["GET"]}}],"collection":[{"href":"https:\/\/meskinumuziejus.lt\/en\/wp-json\/wp\/v2\/product"}],"about":[{"href":"https:\/\/meskinumuziejus.lt\/en\/wp-json\/wp\/v2\/types\/product"}],"replies":[{"embeddable":true,"href":"https:\/\/meskinumuziejus.lt\/en\/wp-json\/wp\/v2\/comments?post=971"}],"wp:featuredmedia":[{"embeddable":true,"href":"https:\/\/meskinumuziejus.lt\/en\/wp-json\/wp\/v2\/media\/1032"}],"wp:attachment":[{"href":"https:\/\/meskinumuziejus.lt\/en\/wp-json\/wp\/v2\/media?parent=971"}],"wp:term":[{"taxonomy":"product_brand","embeddable":true,"href":"https:\/\/meskinumuziejus.lt\/en\/wp-json\/wp\/v2\/product_brand?post=971"},{"taxonomy":"product_cat","embeddable":true,"href":"https:\/\/meskinumuziejus.lt\/en\/wp-json\/wp\/v2\/product_cat?post=971"},{"taxonomy":"product_tag","embeddable":true,"href":"https:\/\/meskinumuziejus.lt\/en\/wp-json\/wp\/v2\/product_tag?post=971"}],"curies":[{"name":"wp","href":"https:\/\/api.w.org\/{rel}","templated":true}]}}